{"id":4736,"date":"2024-10-01T07:46:00","date_gmt":"2024-10-01T07:46:00","guid":{"rendered":"https:\/\/newgolf.eu\/conditions-dutilisation\/"},"modified":"2025-07-14T09:01:17","modified_gmt":"2025-07-14T09:01:17","slug":"conditions-dutilisation","status":"publish","type":"page","link":"https:\/\/newgolf.eu\/fr\/conditions-dutilisation\/","title":{"rendered":"Conditions d&rsquo;utilisation"},"content":{"rendered":"\t\t<div data-elementor-type=\"wp-page\" data-elementor-id=\"4736\" class=\"elementor elementor-4736 elementor-484\" data-elementor-post-type=\"page\">\n\t\t\t\t<div class=\"elementor-element elementor-element-44a7e09a e-flex e-con-boxed e-con e-parent\" data-id=\"44a7e09a\" data-element_type=\"container\" data-e-type=\"container\">\n\t\t\t\t\t<div class=\"e-con-inner\">\n\t\t\t\t<div class=\"elementor-element elementor-element-12436658 elementor-widget elementor-widget-text-editor\" data-id=\"12436658\" data-element_type=\"widget\" data-e-type=\"widget\" data-widget_type=\"text-editor.default\">\n\t\t\t\t<div class=\"elementor-widget-container\">\n\t\t\t\t\t\t\t\t\t<p>\u00a9 New Golf GmbH. Tous droits r\u00e9serv\u00e9s. <\/p><p>New Golf Now GmbH (\u00ab New Golf \u00bb) vous autorise \u00e0 utiliser ce site web (www.newgolf.eu) en y acc\u00e9dant, en l&rsquo;imprimant ou en le stockant \u00e9lectroniquement sur un disque dur local, sous r\u00e9serve des conditions suivantes. Toute autre utilisation n\u00e9cessite l&rsquo;autorisation expresse, pr\u00e9alable et \u00e9crite de New Golf. <\/p><p><b>Droits d\u2019auteur <\/b><b><\/b><\/p><p>New Golf est propri\u00e9taire ou titulaire de tous les droits de propri\u00e9t\u00e9 du site web www.newgolf.eu et des documents publi\u00e9s ou disponibles sur celui-ci. Ces \u0153uvres sont prot\u00e9g\u00e9es par le droit d&rsquo;auteur, les contrats et autres droits de propri\u00e9t\u00e9 intellectuelle. <\/p><p><b>Fourniture d&rsquo;informations par les utilisateurs <\/b><\/p><p>Tout utilisateur fournissant \u00e0 New Golf des informations, telles que des images, des descriptions, des id\u00e9es, des commentaires, etc., accepte que New Golf b\u00e9n\u00e9ficie de droits illimit\u00e9s sur ces informations et puisse les utiliser comme bon lui semble ou mettre en \u0153uvre ses id\u00e9es. New Golf d\u00e9cline toute responsabilit\u00e9 quant aux r\u00e9clamations de tiers d\u00e9coulant des informations fournies par les utilisateurs. Les utilisateurs garantissent New Golf et le d\u00e9gagent de toute responsabilit\u00e9 \u00e0 cet \u00e9gard. Cette cession ou concession de droits comprend notamment le droit de modifier, de publier et de transf\u00e9rer ou de conc\u00e9der les droits correspondants \u00e0 des tiers.    <\/p><p><b>Limitations de responsabilit\u00e9 <\/b><\/p><p>New Golf d\u00e9cline toute responsabilit\u00e9 pour les dommages d\u00e9coulant directement ou indirectement de l&rsquo;utilisation de son site web, que ce soit en raison d&rsquo;une rupture de contrat, d&rsquo;un d\u00e9lit ou d&rsquo;une violation de la loi, en lien avec :<\/p><p>l&rsquo;utilisation ou la confiance accord\u00e9e aux informations, opinions ou contenus publi\u00e9s sur ou en lien avec www.newgolf.eu ;<\/p><p>les erreurs, retards ou interruptions d&rsquo;acc\u00e8s \u00e0 ce site web ; l&rsquo;impossibilit\u00e9 d&rsquo;acc\u00e9der ou d&rsquo;utiliser le site web, y compris la perte de b\u00e9n\u00e9fices, de ventes, d&rsquo;activit\u00e9 ou de revenus ; la perte de donn\u00e9es, l&rsquo;interruption d&rsquo;activit\u00e9 ; la perte d&rsquo;opportunit\u00e9s commerciales ou de r\u00e9putation ; la perte de temps ; et tout dommage indirect ou cons\u00e9cutif.<\/p><p><b>Informations g\u00e9n\u00e9rales <\/b><\/p><p>Veuillez noter que tout contenu, information, opinion, etc., publi\u00e9 sur www.newgolf.eu ou en lien avec ce site web, qu&rsquo;il soit sous forme de texte, de vid\u00e9o, d&rsquo;audio (podcast) ou de tout autre format, est de nature g\u00e9n\u00e9rale et est fourni \u00e0 des fins d&rsquo;information, d&rsquo;\u00e9ducation et de divertissement.<\/p><p><b>Interdiction d&rsquo;utilisation <\/b><\/p><p>Vous ne pouvez pas utiliser ce site web s&rsquo;il enfreint la loi ou poursuit un objectif ill\u00e9gal ; pour envoyer de la publicit\u00e9 non sollicit\u00e9e ou des informations ill\u00e9gales, fausses, offensantes ou autres ; ou pour menacer, insulter ou violer de toute autre mani\u00e8re les droits de tiers.<\/p><p><b>Interdiction d&rsquo;interf\u00e9rence ou d&rsquo;endommagement du site web <\/b><\/p><p>Vous ne pouvez pas acc\u00e9der \u00e0 notre site web ni l&rsquo;interf\u00e9rer sans autorisation, ni l&rsquo;endommager ou le perturber. Ceci inclut tout appareil ou r\u00e9seau sur lequel notre site web est h\u00e9berg\u00e9. <\/p><p><b>T\u00e9l\u00e9chargement de contenu, contact avec d&rsquo;autres utilisateurs <\/b><\/p><p>Si ce site web offre la possibilit\u00e9 de t\u00e9l\u00e9charger\/publier du contenu, ou de contacter d&rsquo;autres utilisateurs, veuillez noter que vos contenus\/publications ne doivent enfreindre aucune loi, aucune obligation contractuelle avec des tiers, ni les droits de tiers. En cas de non-conformit\u00e9, le propri\u00e9taire du m\u00e9dia se r\u00e9serve le droit de supprimer ces publications de ce site Web s&rsquo;il estime qu&rsquo;elles constituent une violation des pr\u00e9sentes conditions d&rsquo;utilisation. <\/p><p><b>Virus <\/b><\/p><p>New Golf d\u00e9cline toute responsabilit\u00e9 en cas de perte ou de dommage r\u00e9sultant de virus. Ceci s&rsquo;applique \u00e9galement, sans s&rsquo;y limiter, aux attaques par d\u00e9ni de service distribu\u00e9 (DDoS) ou autres logiciels malveillants susceptibles d&rsquo;infecter votre \u00e9quipement informatique, vos programmes ou vos donn\u00e9es. <\/p><p>Vous devez vous abstenir de toute utilisation abusive de ce site web, notamment de l&rsquo;introduction intentionnelle de virus, de chevaux de Troie ou d&rsquo;autres logiciels malveillants\/codes informatiques susceptibles d&rsquo;affecter les logiciels ou le mat\u00e9riel du propri\u00e9taire du site web.<\/p><p><b>Modifications du site web <\/b><\/p><p>New Golf se r\u00e9serve le droit de modifier, d&rsquo;ajouter, de supprimer ou de restreindre l&rsquo;acc\u00e8s (\u00e0 certains groupes d&rsquo;utilisateurs) au contenu de www.newgolf.eu \u00e0 tout moment et sans pr\u00e9avis. New Golf d\u00e9cline toute responsabilit\u00e9 quant aux cons\u00e9quences qui en r\u00e9sulteraient. <\/p><p><b>Protection des donn\u00e9es et cookies <\/b><\/p><p>Vous trouverez des informations sur le traitement des donn\u00e9es et l&rsquo;utilisation des cookies, ainsi que sur vos droits, dans la politique de confidentialit\u00e9 disponible sur <span style=\"color: #000000;\">newgolf.eu\/fr\/protection-des-donnees\/.<\/span> En r\u00e8gle g\u00e9n\u00e9rale, l&rsquo;utilisation de ce site web est possible sans fournir de donn\u00e9es personnelles. Si des donn\u00e9es personnelles (par exemple, nom, adresse, adresse e-mail) sont collect\u00e9es sur ce site, leur traitement ou leur transmission sera effectu\u00e9 exclusivement conform\u00e9ment \u00e0 la r\u00e9glementation l\u00e9gale en mati\u00e8re de protection des donn\u00e9es. <\/p><p><b>Modifications des pr\u00e9sentes Conditions d&rsquo;utilisation <\/b><\/p><p>Le propri\u00e9taire du m\u00e9dia peut modifier ses conditions d&rsquo;utilisation de temps \u00e0 autre. Les conditions d&rsquo;utilisation modifi\u00e9es ou mises \u00e0 jour seront publi\u00e9es sur ce site web (entr\u00e9e en vigueur d\u00e8s leur publication). <\/p><p><b>Conditions g\u00e9n\u00e9rales <\/b><\/p><p>Toutes les questions juridiques relatives \u00e0 ce site web sont r\u00e9gies exclusivement par le droit mat\u00e9riel autrichien, \u00e0 l&rsquo;exclusion des dispositions de conflit de lois du droit international priv\u00e9. Sauf disposition contraire, la comp\u00e9tence exclusive est celle du tribunal comp\u00e9tent du si\u00e8ge social de NEW GOLF. Si une disposition des pr\u00e9sentes Conditions d&rsquo;utilisation est ou devient invalide, la validit\u00e9 des autres dispositions n&rsquo;en sera pas affect\u00e9e.  <\/p><p>Conditions d&rsquo;utilisation en vigueur depuis octobre 2024<\/p>\t\t\t\t\t\t\t\t<\/div>\n\t\t\t\t<\/div>\n\t\t\t\t\t<\/div>\n\t\t\t\t<\/div>\n\t\t\t\t<\/div>\n\t\t","protected":false},"excerpt":{"rendered":"<p>\u00a9 New Golf GmbH. Tous droits r\u00e9serv\u00e9s. New Golf Now GmbH (\u00ab New Golf \u00bb) vous autorise \u00e0 utiliser ce site web (www.newgolf.eu) en y acc\u00e9dant, en l&rsquo;imprimant ou en le stockant \u00e9lectroniquement sur un disque dur local, sous r\u00e9serve des conditions suivantes. Toute autre utilisation n\u00e9cessite l&rsquo;autorisation expresse, pr\u00e9alable et \u00e9crite de New Golf. [&hellip;]<\/p>\n","protected":false},"author":1,"featured_media":0,"parent":0,"menu_order":0,"comment_status":"closed","ping_status":"closed","template":"elementor_header_footer","meta":{"footnotes":""},"class_list":["post-4736","page","type-page","status-publish","hentry"],"yoast_head":"<!-- This site is optimized with the Yoast SEO plugin v27.3 - https:\/\/yoast.com\/product\/yoast-seo-wordpress\/ -->\n<title>Conditions d&#039;utilisation - newgolf.eu<\/title>\n<meta name=\"robots\" content=\"index, follow, max-snippet:-1, max-image-preview:large, max-video-preview:-1\" \/>\n<link rel=\"canonical\" href=\"https:\/\/newgolf.eu\/fr\/conditions-dutilisation\/\" \/>\n<meta property=\"og:locale\" content=\"fr_FR\" \/>\n<meta property=\"og:type\" content=\"article\" \/>\n<meta property=\"og:title\" content=\"Conditions d&#039;utilisation - newgolf.eu\" \/>\n<meta property=\"og:description\" content=\"\u00a9 New Golf GmbH. Tous droits r\u00e9serv\u00e9s. New Golf Now GmbH (\u00ab New Golf \u00bb) vous autorise \u00e0 utiliser ce site web (www.newgolf.eu) en y acc\u00e9dant, en l&rsquo;imprimant ou en le stockant \u00e9lectroniquement sur un disque dur local, sous r\u00e9serve des conditions suivantes. Toute autre utilisation n\u00e9cessite l&rsquo;autorisation expresse, pr\u00e9alable et \u00e9crite de New Golf. [&hellip;]\" \/>\n<meta property=\"og:url\" content=\"https:\/\/newgolf.eu\/fr\/conditions-dutilisation\/\" \/>\n<meta property=\"og:site_name\" content=\"newgolf.eu\" \/>\n<meta property=\"article:modified_time\" content=\"2025-07-14T09:01:17+00:00\" \/>\n<meta name=\"twitter:card\" content=\"summary_large_image\" \/>\n<meta name=\"twitter:label1\" content=\"Dur\u00e9e de lecture estim\u00e9e\" \/>\n\t<meta name=\"twitter:data1\" content=\"5 minutes\" \/>\n<script type=\"application\/ld+json\" class=\"yoast-schema-graph\">{\"@context\":\"https:\\\/\\\/schema.org\",\"@graph\":[{\"@type\":\"WebPage\",\"@id\":\"https:\\\/\\\/newgolf.eu\\\/fr\\\/conditions-dutilisation\\\/\",\"url\":\"https:\\\/\\\/newgolf.eu\\\/fr\\\/conditions-dutilisation\\\/\",\"name\":\"Conditions d'utilisation - newgolf.eu\",\"isPartOf\":{\"@id\":\"https:\\\/\\\/newgolf.eu\\\/#website\"},\"datePublished\":\"2024-10-01T07:46:00+00:00\",\"dateModified\":\"2025-07-14T09:01:17+00:00\",\"breadcrumb\":{\"@id\":\"https:\\\/\\\/newgolf.eu\\\/fr\\\/conditions-dutilisation\\\/#breadcrumb\"},\"inLanguage\":\"fr-FR\",\"potentialAction\":[{\"@type\":\"ReadAction\",\"target\":[\"https:\\\/\\\/newgolf.eu\\\/fr\\\/conditions-dutilisation\\\/\"]}]},{\"@type\":\"BreadcrumbList\",\"@id\":\"https:\\\/\\\/newgolf.eu\\\/fr\\\/conditions-dutilisation\\\/#breadcrumb\",\"itemListElement\":[{\"@type\":\"ListItem\",\"position\":1,\"name\":\"Startseite\",\"item\":\"https:\\\/\\\/newgolf.eu\\\/fr\\\/home\\\/\"},{\"@type\":\"ListItem\",\"position\":2,\"name\":\"Conditions d&rsquo;utilisation\"}]},{\"@type\":\"WebSite\",\"@id\":\"https:\\\/\\\/newgolf.eu\\\/#website\",\"url\":\"https:\\\/\\\/newgolf.eu\\\/\",\"name\":\"newgolf.eu\",\"description\":\"Home of Golf\",\"publisher\":{\"@id\":\"https:\\\/\\\/newgolf.eu\\\/#organization\"},\"potentialAction\":[{\"@type\":\"SearchAction\",\"target\":{\"@type\":\"EntryPoint\",\"urlTemplate\":\"https:\\\/\\\/newgolf.eu\\\/?s={search_term_string}\"},\"query-input\":{\"@type\":\"PropertyValueSpecification\",\"valueRequired\":true,\"valueName\":\"search_term_string\"}}],\"inLanguage\":\"fr-FR\"},{\"@type\":\"Organization\",\"@id\":\"https:\\\/\\\/newgolf.eu\\\/#organization\",\"name\":\"NEW GOLF GmbH\",\"url\":\"https:\\\/\\\/newgolf.eu\\\/\",\"logo\":{\"@type\":\"ImageObject\",\"inLanguage\":\"fr-FR\",\"@id\":\"https:\\\/\\\/newgolf.eu\\\/#\\\/schema\\\/logo\\\/image\\\/\",\"url\":\"https:\\\/\\\/newgolf.eu\\\/wp-content\\\/uploads\\\/2024\\\/09\\\/new-golf-logo-komplett.svg\",\"contentUrl\":\"https:\\\/\\\/newgolf.eu\\\/wp-content\\\/uploads\\\/2024\\\/09\\\/new-golf-logo-komplett.svg\",\"width\":231,\"height\":186,\"caption\":\"NEW GOLF GmbH\"},\"image\":{\"@id\":\"https:\\\/\\\/newgolf.eu\\\/#\\\/schema\\\/logo\\\/image\\\/\"}}]}<\/script>\n<!-- \/ Yoast SEO plugin. -->","yoast_head_json":{"title":"Conditions d'utilisation - newgolf.eu","robots":{"index":"index","follow":"follow","max-snippet":"max-snippet:-1","max-image-preview":"max-image-preview:large","max-video-preview":"max-video-preview:-1"},"canonical":"https:\/\/newgolf.eu\/fr\/conditions-dutilisation\/","og_locale":"fr_FR","og_type":"article","og_title":"Conditions d'utilisation - newgolf.eu","og_description":"\u00a9 New Golf GmbH. Tous droits r\u00e9serv\u00e9s. New Golf Now GmbH (\u00ab New Golf \u00bb) vous autorise \u00e0 utiliser ce site web (www.newgolf.eu) en y acc\u00e9dant, en l&rsquo;imprimant ou en le stockant \u00e9lectroniquement sur un disque dur local, sous r\u00e9serve des conditions suivantes. Toute autre utilisation n\u00e9cessite l&rsquo;autorisation expresse, pr\u00e9alable et \u00e9crite de New Golf. [&hellip;]","og_url":"https:\/\/newgolf.eu\/fr\/conditions-dutilisation\/","og_site_name":"newgolf.eu","article_modified_time":"2025-07-14T09:01:17+00:00","twitter_card":"summary_large_image","twitter_misc":{"Dur\u00e9e de lecture estim\u00e9e":"5 minutes"},"schema":{"@context":"https:\/\/schema.org","@graph":[{"@type":"WebPage","@id":"https:\/\/newgolf.eu\/fr\/conditions-dutilisation\/","url":"https:\/\/newgolf.eu\/fr\/conditions-dutilisation\/","name":"Conditions d'utilisation - newgolf.eu","isPartOf":{"@id":"https:\/\/newgolf.eu\/#website"},"datePublished":"2024-10-01T07:46:00+00:00","dateModified":"2025-07-14T09:01:17+00:00","breadcrumb":{"@id":"https:\/\/newgolf.eu\/fr\/conditions-dutilisation\/#breadcrumb"},"inLanguage":"fr-FR","potentialAction":[{"@type":"ReadAction","target":["https:\/\/newgolf.eu\/fr\/conditions-dutilisation\/"]}]},{"@type":"BreadcrumbList","@id":"https:\/\/newgolf.eu\/fr\/conditions-dutilisation\/#breadcrumb","itemListElement":[{"@type":"ListItem","position":1,"name":"Startseite","item":"https:\/\/newgolf.eu\/fr\/home\/"},{"@type":"ListItem","position":2,"name":"Conditions d&rsquo;utilisation"}]},{"@type":"WebSite","@id":"https:\/\/newgolf.eu\/#website","url":"https:\/\/newgolf.eu\/","name":"newgolf.eu","description":"Home of Golf","publisher":{"@id":"https:\/\/newgolf.eu\/#organization"},"potentialAction":[{"@type":"SearchAction","target":{"@type":"EntryPoint","urlTemplate":"https:\/\/newgolf.eu\/?s={search_term_string}"},"query-input":{"@type":"PropertyValueSpecification","valueRequired":true,"valueName":"search_term_string"}}],"inLanguage":"fr-FR"},{"@type":"Organization","@id":"https:\/\/newgolf.eu\/#organization","name":"NEW GOLF GmbH","url":"https:\/\/newgolf.eu\/","logo":{"@type":"ImageObject","inLanguage":"fr-FR","@id":"https:\/\/newgolf.eu\/#\/schema\/logo\/image\/","url":"https:\/\/newgolf.eu\/wp-content\/uploads\/2024\/09\/new-golf-logo-komplett.svg","contentUrl":"https:\/\/newgolf.eu\/wp-content\/uploads\/2024\/09\/new-golf-logo-komplett.svg","width":231,"height":186,"caption":"NEW GOLF GmbH"},"image":{"@id":"https:\/\/newgolf.eu\/#\/schema\/logo\/image\/"}}]}},"_links":{"self":[{"href":"https:\/\/newgolf.eu\/fr\/wp-json\/wp\/v2\/pages\/4736","targetHints":{"allow":["GET"]}}],"collection":[{"href":"https:\/\/newgolf.eu\/fr\/wp-json\/wp\/v2\/pages"}],"about":[{"href":"https:\/\/newgolf.eu\/fr\/wp-json\/wp\/v2\/types\/page"}],"author":[{"embeddable":true,"href":"https:\/\/newgolf.eu\/fr\/wp-json\/wp\/v2\/users\/1"}],"replies":[{"embeddable":true,"href":"https:\/\/newgolf.eu\/fr\/wp-json\/wp\/v2\/comments?post=4736"}],"version-history":[{"count":1,"href":"https:\/\/newgolf.eu\/fr\/wp-json\/wp\/v2\/pages\/4736\/revisions"}],"predecessor-version":[{"id":4737,"href":"https:\/\/newgolf.eu\/fr\/wp-json\/wp\/v2\/pages\/4736\/revisions\/4737"}],"wp:attachment":[{"href":"https:\/\/newgolf.eu\/fr\/wp-json\/wp\/v2\/media?parent=4736"}],"curies":[{"name":"wp","href":"https:\/\/api.w.org\/{rel}","templated":true}]}}