{"id":4734,"date":"2024-10-22T09:30:35","date_gmt":"2024-10-22T09:30:35","guid":{"rendered":"https:\/\/newgolf.eu\/informations-sur-les-appareils-electriques-jetables\/"},"modified":"2025-07-14T08:54:04","modified_gmt":"2025-07-14T08:54:04","slug":"informations-sur-les-appareils-electriques-jetables","status":"publish","type":"page","link":"https:\/\/newgolf.eu\/fr\/informations-sur-les-appareils-electriques-jetables\/","title":{"rendered":"Informations sur les appareils \u00e9lectriques jetables"},"content":{"rendered":"\t\t<div data-elementor-type=\"wp-page\" data-elementor-id=\"4734\" class=\"elementor elementor-4734 elementor-380\" data-elementor-post-type=\"page\">\n\t\t\t\t<div class=\"elementor-element elementor-element-054578f e-flex e-con-boxed e-con e-parent\" data-id=\"054578f\" data-element_type=\"container\" data-e-type=\"container\">\n\t\t\t\t\t<div class=\"e-con-inner\">\n\t\t\t\t<div class=\"elementor-element elementor-element-726211b6 elementor-widget elementor-widget-text-editor\" data-id=\"726211b6\" data-element_type=\"widget\" data-e-type=\"widget\" data-widget_type=\"text-editor.default\">\n\t\t\t\t<div class=\"elementor-widget-container\">\n\t\t\t\t\t\t\t\t\t<div>Informations sur les appareils \u00e9lectriques jetables<\/div>\t\t\t\t\t\t\t\t<\/div>\n\t\t\t\t<\/div>\n\t\t\t\t<div class=\"elementor-element elementor-element-4e3a55d elementor-widget elementor-widget-text-editor\" data-id=\"4e3a55d\" data-element_type=\"widget\" data-e-type=\"widget\" data-widget_type=\"text-editor.default\">\n\t\t\t\t<div class=\"elementor-widget-container\">\n\t\t\t\t\t\t\t\t\t<h4 style=\"font-family: Montserrat;\">I. D\u00e9chets d&rsquo;\u00e9quipements \u00e9lectriques<\/h4><p>Nos installations de golf indoor sont con\u00e7ues pour votre plus grand plaisir. Cependant, il arrive que des appareils \u00e9lectroniques arrivent en fin de vie. <\/p><p>Conform\u00e9ment \u00e0 notre responsabilit\u00e9 de fabricant et de distributeur au titre de la directive DEEE, nous souhaitons vous informer sur la mise au rebut appropri\u00e9e de nos produits afin que nous puissions tous contribuer \u00e0 la pr\u00e9servation des ressources de notre plan\u00e8te. Veuillez prendre connaissance des informations suivantes pour votre s\u00e9curit\u00e9 et pour une \u00e9limination respectueuse de l&rsquo;environnement des d\u00e9chets d&rsquo;\u00e9quipements \u00e9lectriques et \u00e9lectroniques. <\/p><p style=\"font-weight: 400;\"><strong>Que r\u00e9git la directive DEEE ?<\/strong><\/p><p>La directive europ\u00e9enne 2012\/19\/UE relative aux d\u00e9chets d&rsquo;\u00e9quipements \u00e9lectriques et \u00e9lectroniques (directive DEEE) r\u00e9git la mise sur le march\u00e9, la reprise et l&rsquo;\u00e9limination \u00e9cologique des d\u00e9chets d&rsquo;\u00e9quipements \u00e9lectriques et \u00e9lectroniques (DEEE). La directive DEEE exige de tous les d\u00e9taillants qu&rsquo;ils collectent et \u00e9liminent ces produits conform\u00e9ment aux normes environnementales en vigueur. En participant \u00e0 un syst\u00e8me de collecte et de recyclage agr\u00e9\u00e9, nous respectons pleinement les exigences de cette directive.  <\/p><p style=\"font-weight: 400;\"><strong>Assurez-vous de les \u00e9liminer correctement, pour le bien de l&rsquo;environnement !<\/strong><\/p><p>Tous les d\u00e9chets ne finissent pas \u00e0 la poubelle. Les vieux appareils \u00e9lectrom\u00e9nagers ne doivent pas y \u00eatre jet\u00e9s ! Ils doivent donc \u00eatre collect\u00e9s s\u00e9par\u00e9ment et \u00e9limin\u00e9s, par exemple via les syst\u00e8mes locaux de collecte et de retour. Les consommateurs qui utilisent des appareils usag\u00e9s doivent \u00e9galement s\u00e9parer les piles et accumulateurs usag\u00e9s qui ne se trouvent pas dans l&rsquo;appareil, ainsi que les lampes qui peuvent \u00eatre retir\u00e9es de l&rsquo;ancien appareil sans l&rsquo;endommager, avant de les apporter \u00e0 un point de collecte.    <\/p><p>Une \u00e9limination appropri\u00e9e optimise le processus de r\u00e9cup\u00e9ration et de recyclage et emp\u00eache les substances potentiellement dangereuses de nuire \u00e0 votre sant\u00e9 et \u00e0 l&rsquo;environnement.<\/p><p style=\"font-weight: 400;\"><strong>Comment savoir si un appareil doit \u00eatre jet\u00e9 s\u00e9par\u00e9ment des d\u00e9chets m\u00e9nagers ?<\/strong><\/p><p>Le symbole de la poubelle barr\u00e9e avertit les consommateurs que les appareils usag\u00e9s doivent \u00eatre \u00e9limin\u00e9s s\u00e9par\u00e9ment des d\u00e9chets m\u00e9nagers en fin de vie. Ce symbole figure sur l&rsquo;appareil lui-m\u00eame ou dans la notice d&rsquo;accompagnement. <br><br><img decoding=\"async\" class=\"size-medium wp-image-394 alignnone\" src=\"https:\/\/newgolf.eu\/wp-content\/uploads\/2024\/09\/tonne-symbol-231x300.png\" alt=\"Les appareils usag\u00e9s doivent \u00eatre \u00e9limin\u00e9s correctement.\" width=\"80\" height=\"150\"><\/p><p><br><br><\/p><p><strong>O\u00f9 pouvez-vous retourner vos appareils \u00e9lectriques et \u00e9lectroniques ?<\/strong><\/p><ol><li><u> Points de collecte publics<\/u><\/li><\/ol><p>Pour \u00e9liminer correctement vos appareils \u00e9lectriques et \u00e9lectroniques, vous pouvez utiliser les points de collecte publics de votre r\u00e9gion.<\/p><p>New Golf GmbH, en tant que distributeur en Autriche, participe au syst\u00e8me de collecte et de recyclage agr\u00e9\u00e9 d&rsquo;ERA Elektro Recycling Austria GmbH (ERA). En Autriche, vous avez acc\u00e8s \u00e0 un vaste r\u00e9seau de points de collecte municipaux pour les appareils \u00e9lectriques et les piles, ainsi qu&rsquo;aux points de collecte r\u00e9gionaux d&rsquo;ERA, o\u00f9 vous pouvez rapporter gratuitement vos appareils \u00e9lectriques (m\u00e9nagers) et piles usag\u00e9es. <\/p><ol start=\"2\"><li><u> Retours gratuits d&rsquo;appareils \u00e9lectriques aupr\u00e8s des distributeurs\/d\u00e9taillants : <\/u><u><\/u><\/li><\/ol><p>En principe, les distributeurs\/d\u00e9taillants sont tenus, sur demande, de reprendre gratuitement un appareil usag\u00e9 si le consommateur ach\u00e8te un appareil neuf de m\u00eame fonction ou de m\u00eame design. Si cette obligation est clairement indiqu\u00e9e dans les magasins de moins de 150 m<sup>\u00b2<\/sup>, la reprise des appareils n&rsquo;est pas obligatoire. M\u00eame dans les magasins de vente par correspondance, les consommateurs ont le droit de rapporter leurs appareils \u00e9lectriques usag\u00e9s ou leurs piles usag\u00e9es (m\u00eame s&rsquo;ils ach\u00e8tent un nouvel appareil) aux distributeurs\/d\u00e9taillants par courrier ou par service de livraison lors de l&rsquo;achat d&rsquo;un nouvel appareil.  <\/p><p style=\"font-weight: 400;\"><strong>Que dois-je garder \u00e0 l\u2019esprit concernant les batteries ?<\/strong><\/p><p>Veuillez laisser les piles install\u00e9es dans l&rsquo;appareil et ne tentez pas de les retirer. Les piles doivent \u00eatre compl\u00e8tement d\u00e9charg\u00e9es avant leur mise au rebut afin d&rsquo;\u00e9viter les risques de court-circuit et d&rsquo;incendie. Pour plus d&rsquo;informations sur la mise au rebut correcte des appareils usag\u00e9s, contactez votre municipalit\u00e9 ou votre service des d\u00e9chets.  <\/p><p style=\"font-weight: 400;\"><strong>Avis de protection des donn\u00e9es<\/strong><\/p><p>Les anciens appareils mis au rebut peuvent contenir des donn\u00e9es personnelles sensibles (par exemple, celles d&rsquo;un smartphone). Veuillez noter que les utilisateurs d&rsquo;anciens appareils sont tenus de s&rsquo;assurer que toutes les donn\u00e9es personnelles stock\u00e9es sur l&rsquo;ancien appareil sont supprim\u00e9es. <\/p><p style=\"font-weight: 400;\"><strong>Taxex de collecte et de recyclage<\/strong><\/p><p>La loi nous oblige \u00e0 fournir des informations sur le respect des objectifs quantitatifs (taux de collecte et de recyclage). La directive DEEE impose \u00e0 tous les \u00c9tats membres de collecter des donn\u00e9es sur les d\u00e9chets d&rsquo;\u00e9quipements \u00e9lectriques et \u00e9lectroniques et de les transmettre \u00e0 la Commission.  <\/p><p>Merci de votre coop\u00e9ration !<\/p><h4 style=\"font-family: Montserrat;\">II. Piles usag\u00e9es <\/h4><p>Les informations suivantes sont destin\u00e9es aux consommateurs qui utilisent des piles ou des produits avec piles int\u00e9gr\u00e9es (y compris les piles rechargeables). Suivez ces instructions pour votre s\u00e9curit\u00e9 et pour une \u00e9limination \u00e9cologique des piles usag\u00e9es. Une \u00e9limination appropri\u00e9e des piles pr\u00e9serve les ressources de notre plan\u00e8te.  <\/p><p style=\"font-weight: 400;\"><strong>Veillez \u00e9galement \u00e0 une \u00e9limination appropri\u00e9e, pour le bien de l&rsquo;environnement !<\/strong><\/p><p>Les consommateurs doivent \u00e9liminer non seulement les appareils \u00e9lectriques usag\u00e9s, mais aussi les piles usag\u00e9es de mani\u00e8re appropri\u00e9e et s\u00e9par\u00e9ment des ordures m\u00e9nag\u00e8res. Les piles usag\u00e9es ne doivent pas \u00eatre jet\u00e9es avec les ordures m\u00e9nag\u00e8res ! Les consommateurs sont l\u00e9galement tenus de rapporter les piles usag\u00e9es. Par cons\u00e9quent, une collecte s\u00e9lective doit \u00eatre effectu\u00e9e pour garantir une \u00e9limination appropri\u00e9e, par exemple via les syst\u00e8mes locaux de collecte et de retour.    <br><br>Une \u00e9limination appropri\u00e9e optimise le processus de r\u00e9cup\u00e9ration et de recyclage et emp\u00eache les substances potentiellement dangereuses (par exemple, les piles au lithium) de nuire \u00e0 votre sant\u00e9 et \u00e0 l&rsquo;environnement.<br><br><br><strong>Comment savoir si les piles usag\u00e9es doivent \u00eatre jet\u00e9es s\u00e9par\u00e9ment des ordures m\u00e9nag\u00e8res ?<\/strong><br><br>Le symbole d&rsquo;une poubelle barr\u00e9e sur les piles informe les consommateurs qu&rsquo;elles doivent \u00eatre jet\u00e9es s\u00e9par\u00e9ment des ordures m\u00e9nag\u00e8res. Les piles contenant plus de 0,0005 % de mercure (Hg) en masse, plus de 0,002 % de cadmium (Cd) ou plus de 0,004 % de plomb (Pb) en masse sont indiqu\u00e9es sous le symbole de la poubelle avec le nom chimique du polluant utilis\u00e9. <br><br><br><strong>O\u00f9 peut-on rapporter les piles usag\u00e9es ?<\/strong><br><br>Les consommateurs peuvent rapporter gratuitement les piles usag\u00e9es apr\u00e8s utilisation \u00e0 un point de collecte municipal ou \u00e0 un commerce local. Les distributeurs de piles sont \u00e9galement tenus de collecter les piles usag\u00e9es. Toutefois, cette obligation de collecte se limite aux piles usag\u00e9es que les distributeurs ont ou ont eues dans leur gamme de produits comme piles neuves. En cas d&rsquo;obligation de collecte, les consommateurs peuvent rapporter les piles usag\u00e9es au distributeur avec l&rsquo;affranchissement appropri\u00e9.   <\/p>\t\t\t\t\t\t\t\t<\/div>\n\t\t\t\t<\/div>\n\t\t\t\t\t<\/div>\n\t\t\t\t<\/div>\n\t\t\t\t<\/div>\n\t\t","protected":false},"excerpt":{"rendered":"<p>Informations sur les appareils \u00e9lectriques jetables I. D\u00e9chets d&rsquo;\u00e9quipements \u00e9lectriques Nos installations de golf indoor sont con\u00e7ues pour votre plus grand plaisir. Cependant, il arrive que des appareils \u00e9lectroniques arrivent en fin de vie. Conform\u00e9ment \u00e0 notre responsabilit\u00e9 de fabricant et de distributeur au titre de la directive DEEE, nous souhaitons vous informer sur la [&hellip;]<\/p>\n","protected":false},"author":1,"featured_media":0,"parent":0,"menu_order":0,"comment_status":"closed","ping_status":"closed","template":"elementor_header_footer","meta":{"footnotes":""},"class_list":["post-4734","page","type-page","status-publish","hentry"],"yoast_head":"<!-- This site is optimized with the Yoast SEO plugin v27.3 - https:\/\/yoast.com\/product\/yoast-seo-wordpress\/ -->\n<title>Informations sur les appareils \u00e9lectriques jetables - newgolf.eu<\/title>\n<meta name=\"robots\" content=\"index, follow, max-snippet:-1, max-image-preview:large, max-video-preview:-1\" \/>\n<link rel=\"canonical\" href=\"https:\/\/newgolf.eu\/fr\/informations-sur-les-appareils-electriques-jetables\/\" \/>\n<meta property=\"og:locale\" content=\"fr_FR\" \/>\n<meta property=\"og:type\" content=\"article\" \/>\n<meta property=\"og:title\" content=\"Informations sur les appareils \u00e9lectriques jetables - newgolf.eu\" \/>\n<meta property=\"og:description\" content=\"Informations sur les appareils \u00e9lectriques jetables I. D\u00e9chets d&rsquo;\u00e9quipements \u00e9lectriques Nos installations de golf indoor sont con\u00e7ues pour votre plus grand plaisir. Cependant, il arrive que des appareils \u00e9lectroniques arrivent en fin de vie. Conform\u00e9ment \u00e0 notre responsabilit\u00e9 de fabricant et de distributeur au titre de la directive DEEE, nous souhaitons vous informer sur la [&hellip;]\" \/>\n<meta property=\"og:url\" content=\"https:\/\/newgolf.eu\/fr\/informations-sur-les-appareils-electriques-jetables\/\" \/>\n<meta property=\"og:site_name\" content=\"newgolf.eu\" \/>\n<meta property=\"article:modified_time\" content=\"2025-07-14T08:54:04+00:00\" \/>\n<meta property=\"og:image\" content=\"https:\/\/newgolf.eu\/wp-content\/uploads\/2024\/09\/tonne-symbol.png\" \/>\n\t<meta property=\"og:image:width\" content=\"575\" \/>\n\t<meta property=\"og:image:height\" content=\"746\" \/>\n\t<meta property=\"og:image:type\" content=\"image\/png\" \/>\n<meta name=\"twitter:card\" content=\"summary_large_image\" \/>\n<meta name=\"twitter:label1\" content=\"Dur\u00e9e de lecture estim\u00e9e\" \/>\n\t<meta name=\"twitter:data1\" content=\"6 minutes\" \/>\n<script type=\"application\/ld+json\" class=\"yoast-schema-graph\">{\"@context\":\"https:\\\/\\\/schema.org\",\"@graph\":[{\"@type\":\"WebPage\",\"@id\":\"https:\\\/\\\/newgolf.eu\\\/fr\\\/informations-sur-les-appareils-electriques-jetables\\\/\",\"url\":\"https:\\\/\\\/newgolf.eu\\\/fr\\\/informations-sur-les-appareils-electriques-jetables\\\/\",\"name\":\"Informations sur les appareils \u00e9lectriques jetables - newgolf.eu\",\"isPartOf\":{\"@id\":\"https:\\\/\\\/newgolf.eu\\\/#website\"},\"primaryImageOfPage\":{\"@id\":\"https:\\\/\\\/newgolf.eu\\\/fr\\\/informations-sur-les-appareils-electriques-jetables\\\/#primaryimage\"},\"image\":{\"@id\":\"https:\\\/\\\/newgolf.eu\\\/fr\\\/informations-sur-les-appareils-electriques-jetables\\\/#primaryimage\"},\"thumbnailUrl\":\"https:\\\/\\\/newgolf.eu\\\/wp-content\\\/uploads\\\/2024\\\/09\\\/tonne-symbol-231x300.png\",\"datePublished\":\"2024-10-22T09:30:35+00:00\",\"dateModified\":\"2025-07-14T08:54:04+00:00\",\"breadcrumb\":{\"@id\":\"https:\\\/\\\/newgolf.eu\\\/fr\\\/informations-sur-les-appareils-electriques-jetables\\\/#breadcrumb\"},\"inLanguage\":\"fr-FR\",\"potentialAction\":[{\"@type\":\"ReadAction\",\"target\":[\"https:\\\/\\\/newgolf.eu\\\/fr\\\/informations-sur-les-appareils-electriques-jetables\\\/\"]}]},{\"@type\":\"ImageObject\",\"inLanguage\":\"fr-FR\",\"@id\":\"https:\\\/\\\/newgolf.eu\\\/fr\\\/informations-sur-les-appareils-electriques-jetables\\\/#primaryimage\",\"url\":\"https:\\\/\\\/newgolf.eu\\\/wp-content\\\/uploads\\\/2024\\\/09\\\/tonne-symbol-231x300.png\",\"contentUrl\":\"https:\\\/\\\/newgolf.eu\\\/wp-content\\\/uploads\\\/2024\\\/09\\\/tonne-symbol-231x300.png\"},{\"@type\":\"BreadcrumbList\",\"@id\":\"https:\\\/\\\/newgolf.eu\\\/fr\\\/informations-sur-les-appareils-electriques-jetables\\\/#breadcrumb\",\"itemListElement\":[{\"@type\":\"ListItem\",\"position\":1,\"name\":\"Startseite\",\"item\":\"https:\\\/\\\/newgolf.eu\\\/fr\\\/home\\\/\"},{\"@type\":\"ListItem\",\"position\":2,\"name\":\"Informations sur les appareils \u00e9lectriques jetables\"}]},{\"@type\":\"WebSite\",\"@id\":\"https:\\\/\\\/newgolf.eu\\\/#website\",\"url\":\"https:\\\/\\\/newgolf.eu\\\/\",\"name\":\"newgolf.eu\",\"description\":\"Home of Golf\",\"publisher\":{\"@id\":\"https:\\\/\\\/newgolf.eu\\\/#organization\"},\"potentialAction\":[{\"@type\":\"SearchAction\",\"target\":{\"@type\":\"EntryPoint\",\"urlTemplate\":\"https:\\\/\\\/newgolf.eu\\\/?s={search_term_string}\"},\"query-input\":{\"@type\":\"PropertyValueSpecification\",\"valueRequired\":true,\"valueName\":\"search_term_string\"}}],\"inLanguage\":\"fr-FR\"},{\"@type\":\"Organization\",\"@id\":\"https:\\\/\\\/newgolf.eu\\\/#organization\",\"name\":\"NEW GOLF GmbH\",\"url\":\"https:\\\/\\\/newgolf.eu\\\/\",\"logo\":{\"@type\":\"ImageObject\",\"inLanguage\":\"fr-FR\",\"@id\":\"https:\\\/\\\/newgolf.eu\\\/#\\\/schema\\\/logo\\\/image\\\/\",\"url\":\"https:\\\/\\\/newgolf.eu\\\/wp-content\\\/uploads\\\/2024\\\/09\\\/new-golf-logo-komplett.svg\",\"contentUrl\":\"https:\\\/\\\/newgolf.eu\\\/wp-content\\\/uploads\\\/2024\\\/09\\\/new-golf-logo-komplett.svg\",\"width\":231,\"height\":186,\"caption\":\"NEW GOLF GmbH\"},\"image\":{\"@id\":\"https:\\\/\\\/newgolf.eu\\\/#\\\/schema\\\/logo\\\/image\\\/\"}}]}<\/script>\n<!-- \/ Yoast SEO plugin. -->","yoast_head_json":{"title":"Informations sur les appareils \u00e9lectriques jetables - newgolf.eu","robots":{"index":"index","follow":"follow","max-snippet":"max-snippet:-1","max-image-preview":"max-image-preview:large","max-video-preview":"max-video-preview:-1"},"canonical":"https:\/\/newgolf.eu\/fr\/informations-sur-les-appareils-electriques-jetables\/","og_locale":"fr_FR","og_type":"article","og_title":"Informations sur les appareils \u00e9lectriques jetables - newgolf.eu","og_description":"Informations sur les appareils \u00e9lectriques jetables I. D\u00e9chets d&rsquo;\u00e9quipements \u00e9lectriques Nos installations de golf indoor sont con\u00e7ues pour votre plus grand plaisir. Cependant, il arrive que des appareils \u00e9lectroniques arrivent en fin de vie. Conform\u00e9ment \u00e0 notre responsabilit\u00e9 de fabricant et de distributeur au titre de la directive DEEE, nous souhaitons vous informer sur la [&hellip;]","og_url":"https:\/\/newgolf.eu\/fr\/informations-sur-les-appareils-electriques-jetables\/","og_site_name":"newgolf.eu","article_modified_time":"2025-07-14T08:54:04+00:00","og_image":[{"width":575,"height":746,"url":"https:\/\/newgolf.eu\/wp-content\/uploads\/2024\/09\/tonne-symbol.png","type":"image\/png"}],"twitter_card":"summary_large_image","twitter_misc":{"Dur\u00e9e de lecture estim\u00e9e":"6 minutes"},"schema":{"@context":"https:\/\/schema.org","@graph":[{"@type":"WebPage","@id":"https:\/\/newgolf.eu\/fr\/informations-sur-les-appareils-electriques-jetables\/","url":"https:\/\/newgolf.eu\/fr\/informations-sur-les-appareils-electriques-jetables\/","name":"Informations sur les appareils \u00e9lectriques jetables - newgolf.eu","isPartOf":{"@id":"https:\/\/newgolf.eu\/#website"},"primaryImageOfPage":{"@id":"https:\/\/newgolf.eu\/fr\/informations-sur-les-appareils-electriques-jetables\/#primaryimage"},"image":{"@id":"https:\/\/newgolf.eu\/fr\/informations-sur-les-appareils-electriques-jetables\/#primaryimage"},"thumbnailUrl":"https:\/\/newgolf.eu\/wp-content\/uploads\/2024\/09\/tonne-symbol-231x300.png","datePublished":"2024-10-22T09:30:35+00:00","dateModified":"2025-07-14T08:54:04+00:00","breadcrumb":{"@id":"https:\/\/newgolf.eu\/fr\/informations-sur-les-appareils-electriques-jetables\/#breadcrumb"},"inLanguage":"fr-FR","potentialAction":[{"@type":"ReadAction","target":["https:\/\/newgolf.eu\/fr\/informations-sur-les-appareils-electriques-jetables\/"]}]},{"@type":"ImageObject","inLanguage":"fr-FR","@id":"https:\/\/newgolf.eu\/fr\/informations-sur-les-appareils-electriques-jetables\/#primaryimage","url":"https:\/\/newgolf.eu\/wp-content\/uploads\/2024\/09\/tonne-symbol-231x300.png","contentUrl":"https:\/\/newgolf.eu\/wp-content\/uploads\/2024\/09\/tonne-symbol-231x300.png"},{"@type":"BreadcrumbList","@id":"https:\/\/newgolf.eu\/fr\/informations-sur-les-appareils-electriques-jetables\/#breadcrumb","itemListElement":[{"@type":"ListItem","position":1,"name":"Startseite","item":"https:\/\/newgolf.eu\/fr\/home\/"},{"@type":"ListItem","position":2,"name":"Informations sur les appareils \u00e9lectriques jetables"}]},{"@type":"WebSite","@id":"https:\/\/newgolf.eu\/#website","url":"https:\/\/newgolf.eu\/","name":"newgolf.eu","description":"Home of Golf","publisher":{"@id":"https:\/\/newgolf.eu\/#organization"},"potentialAction":[{"@type":"SearchAction","target":{"@type":"EntryPoint","urlTemplate":"https:\/\/newgolf.eu\/?s={search_term_string}"},"query-input":{"@type":"PropertyValueSpecification","valueRequired":true,"valueName":"search_term_string"}}],"inLanguage":"fr-FR"},{"@type":"Organization","@id":"https:\/\/newgolf.eu\/#organization","name":"NEW GOLF GmbH","url":"https:\/\/newgolf.eu\/","logo":{"@type":"ImageObject","inLanguage":"fr-FR","@id":"https:\/\/newgolf.eu\/#\/schema\/logo\/image\/","url":"https:\/\/newgolf.eu\/wp-content\/uploads\/2024\/09\/new-golf-logo-komplett.svg","contentUrl":"https:\/\/newgolf.eu\/wp-content\/uploads\/2024\/09\/new-golf-logo-komplett.svg","width":231,"height":186,"caption":"NEW GOLF GmbH"},"image":{"@id":"https:\/\/newgolf.eu\/#\/schema\/logo\/image\/"}}]}},"_links":{"self":[{"href":"https:\/\/newgolf.eu\/fr\/wp-json\/wp\/v2\/pages\/4734","targetHints":{"allow":["GET"]}}],"collection":[{"href":"https:\/\/newgolf.eu\/fr\/wp-json\/wp\/v2\/pages"}],"about":[{"href":"https:\/\/newgolf.eu\/fr\/wp-json\/wp\/v2\/types\/page"}],"author":[{"embeddable":true,"href":"https:\/\/newgolf.eu\/fr\/wp-json\/wp\/v2\/users\/1"}],"replies":[{"embeddable":true,"href":"https:\/\/newgolf.eu\/fr\/wp-json\/wp\/v2\/comments?post=4734"}],"version-history":[{"count":1,"href":"https:\/\/newgolf.eu\/fr\/wp-json\/wp\/v2\/pages\/4734\/revisions"}],"predecessor-version":[{"id":4735,"href":"https:\/\/newgolf.eu\/fr\/wp-json\/wp\/v2\/pages\/4734\/revisions\/4735"}],"wp:attachment":[{"href":"https:\/\/newgolf.eu\/fr\/wp-json\/wp\/v2\/media?parent=4734"}],"curies":[{"name":"wp","href":"https:\/\/api.w.org\/{rel}","templated":true}]}}