{"id":4728,"date":"2024-11-06T10:25:32","date_gmt":"2024-11-06T10:25:32","guid":{"rendered":"https:\/\/newgolf.eu\/politique-dannulation\/"},"modified":"2026-01-21T12:40:12","modified_gmt":"2026-01-21T12:40:12","slug":"politique-dannulation","status":"publish","type":"page","link":"https:\/\/newgolf.eu\/fr\/politique-dannulation\/","title":{"rendered":"Politique d&rsquo;annulation"},"content":{"rendered":"\t\t<div data-elementor-type=\"wp-page\" data-elementor-id=\"4728\" class=\"elementor elementor-4728 elementor-623\" data-elementor-post-type=\"page\">\n\t\t\t\t<div class=\"elementor-element elementor-element-2d2c36a4 e-flex e-con-boxed e-con e-parent\" data-id=\"2d2c36a4\" data-element_type=\"container\" data-e-type=\"container\">\n\t\t\t\t\t<div class=\"e-con-inner\">\n\t\t\t\t<div class=\"elementor-element elementor-element-670d305e elementor-widget elementor-widget-text-editor\" data-id=\"670d305e\" data-element_type=\"widget\" data-e-type=\"widget\" data-widget_type=\"text-editor.default\">\n\t\t\t\t<div class=\"elementor-widget-container\">\n\t\t\t\t\t\t\t\t\t<p><strong>Politique d&rsquo;annulation<\/strong><\/p>\t\t\t\t\t\t\t\t<\/div>\n\t\t\t\t<\/div>\n\t\t\t\t<div class=\"elementor-element elementor-element-1d771885 elementor-widget elementor-widget-text-editor\" data-id=\"1d771885\" data-element_type=\"widget\" data-e-type=\"widget\" data-widget_type=\"text-editor.default\">\n\t\t\t\t<div class=\"elementor-widget-container\">\n\t\t\t\t\t\t\t\t\t<p style=\"font-weight: 400;\">Les dispositions suivantes s&rsquo;appliquent aux contrats conclus en dehors de nos locaux commerciaux ou par vente \u00e0 distance via le site web, l&rsquo;e-mail, le t\u00e9l\u00e9phone ou d&rsquo;autres canaux de communication.<\/p><p style=\"font-weight: 400;\">Conform\u00e9ment \u00e0 la directive relative aux droits des consommateurs (directive 2011\/83\/UE), \u00e0 la directive de modernisation (UE) 2019\/2161 et \u00e0 diverses transpositions l\u00e9gales nationales, vous disposez en tant que consommateur d&rsquo;un droit de r\u00e9tractation (ou droit de r\u00e9tractation) dans les transactions de vente \u00e0 distance.<\/p><ol><li style=\"font-weight: 400;\"><strong> Droit de r\u00e9tractation de contrat <\/strong><\/li><\/ol><p style=\"font-weight: 400;\">En tant que consommateur, vous disposez g\u00e9n\u00e9ralement d&rsquo;un droit de r\u00e9tractation de 14 jours sans motif pour ce type de contrat (vente \u00e0 distance). Ce d\u00e9lai de r\u00e9tractation s&rsquo;applique \u00e9galement aux contrats de vente.<\/p><ul><li>Le jour o\u00f9 le consommateur ou un tiers d\u00e9sign\u00e9 par lui, autre que le transporteur, prend possession des biens ;<\/li><li>Si le consommateur a command\u00e9 plusieurs biens en une seule commande et livr\u00e9s s\u00e9par\u00e9ment, le jour o\u00f9 le consommateur ou un tiers d\u00e9sign\u00e9 par lui, autre que le transporteur, prend possession du dernier bien livr\u00e9 ;<\/li><li>Si les biens sont livr\u00e9s en plusieurs livraisons partielles, le jour o\u00f9 le consommateur ou un tiers d\u00e9sign\u00e9 par lui, autre que le transporteur, prend possession de la derni\u00e8re livraison partielle ;<\/li><li>Pour les contrats de livraison r\u00e9guli\u00e8re de biens sur une p\u00e9riode d\u00e9termin\u00e9e, le jour o\u00f9 le consommateur ou un tiers d\u00e9sign\u00e9 par lui, autre que le transporteur, prend possession du premier bien livr\u00e9.<\/li><li>Si plusieurs des conditions ci-dessus sont remplies, le d\u00e9lai de r\u00e9tractation commence \u00e0 courir lorsque le consommateur ou un tiers d\u00e9sign\u00e9 par lui, autre que le transporteur, prend possession du dernier bien ou de la derni\u00e8re livraison partielle.<\/li><\/ul><p style=\"font-weight: 400;\">Pour les contrats de service (y compris les contrats de fourniture de travaux), le d\u00e9lai de r\u00e9tractation de 14 jours court \u00e0 compter de la conclusion du contrat.<\/p><p style=\"font-weight: 400;\">Pour exercer votre droit de r\u00e9tractation, vous devez, en tant que consommateur, notifier votre d\u00e9cision de r\u00e9tractation du pr\u00e9sent contrat \u00e0 NEW GOLF GmbH, Via Sanitas 1, 5082 Gr\u00f6dig pr\u00e8s de Salzbourg, Autriche, \u00e0 l&rsquo;adresse <span style=\"color: #000000;\"><a style=\"color: #000000;\" href=\"mailto:office@newgolf.eu\">e-mail office@newgolf.eu<\/a><\/span>, au moyen d&rsquo;une d\u00e9claration d\u00e9nu\u00e9e d&rsquo;ambigu\u00eft\u00e9 (par exemple, une lettre envoy\u00e9e par la poste, un fax ou un e-mail). Pour respecter le d\u00e9lai de r\u00e9tractation, il vous suffit d&rsquo;envoyer votre notification d&rsquo;exercice du droit de r\u00e9tractation avant l&rsquo;expiration de ce d\u00e9lai.<\/p><p style=\"font-weight: 400;\">En tant que consommateur, vous pouvez \u00e9galement utiliser le mod\u00e8le de formulaire de r\u00e9tractation l\u00e9gal, bien que son utilisation ne soit pas obligatoire. Vous trouverez ce formulaire \u00e0 la fin de ces instructions.<\/p><ol start=\"2\"><li style=\"font-weight: 400;\"><strong> Exceptions au droit de r\u00e9tractation <\/strong><\/li><\/ol><p style=\"font-weight: 400;\">Il n\u2019existe pas de droit de r\u00e9tractation, notamment lors de la conclusion de contrats.<\/p><ul><li>Sur les enregistrements sonores ou vid\u00e9o, ou les programmes informatiques livr\u00e9s dans un emballage scell\u00e9, \u00e0 condition que le scell\u00e9 ait \u00e9t\u00e9 retir\u00e9 apr\u00e8s la livraison ;<\/li><li>Sur les biens\/produits fabriqu\u00e9s selon les sp\u00e9cifications du client ou clairement adapt\u00e9s \u00e0 ses besoins personnels ;<\/li><li>Sur les biens\/produits qui, de par leur nature, ont \u00e9t\u00e9 m\u00e9lang\u00e9s de mani\u00e8re indissociable \u00e0 d&rsquo;autres biens apr\u00e8s la livraison ;<\/li><li>Sur les travaux de r\u00e9paration ou d&rsquo;entretien urgents pour lesquels le consommateur a express\u00e9ment sollicit\u00e9 la visite du professionnel.<br \/><br \/><\/li><\/ul><ol start=\"3\"><li style=\"font-weight: 400;\"><strong> Perte du droit de r\u00e9tractation <\/strong><\/li><\/ol><p style=\"font-weight: 400;\">Vous ne disposez pas du droit de r\u00e9tractation si nous avons enti\u00e8rement fourni le service avant l&rsquo;expiration du d\u00e9lai de r\u00e9tractation. Toutefois, dans les cas o\u00f9 votre obligation contractuelle de paiement est en jeu, le droit de r\u00e9tractation ne s&rsquo;\u00e9teint que si nous avons \u00e9galement commenc\u00e9 \u00e0 ex\u00e9cuter le contrat, \u00e0 votre demande expresse et avec votre consentement pr\u00e9alable, et si vous nous avez confirm\u00e9, avant le d\u00e9but de l&rsquo;ex\u00e9cution du contrat, que vous perdrez votre droit de r\u00e9tractation \u00e0 l&rsquo;ex\u00e9cution compl\u00e8te du contrat ; ou si vous nous avez express\u00e9ment demand\u00e9 de vous rendre sur place pour effectuer des r\u00e9parations.<\/p><p style=\"font-weight: 400;\">M\u00eame dans le cas de contrats de livraison de contenu num\u00e9rique non stock\u00e9 sur un support physique, vous ne disposez pas du droit de r\u00e9tractation si nous avons commenc\u00e9 \u00e0 ex\u00e9cuter le contrat avant l&rsquo;expiration du d\u00e9lai de r\u00e9tractation. Toutefois, dans les cas o\u00f9 votre obligation contractuelle de paiement s&rsquo;applique, le droit de r\u00e9tractation n&rsquo;expire que si vous avez \u00e9galement express\u00e9ment consenti au d\u00e9but de l&rsquo;ex\u00e9cution du contrat avant l&rsquo;expiration du d\u00e9lai de r\u00e9tractation, si nous avons re\u00e7u de votre part la confirmation que vous \u00eates conscient que vous perdrez votre droit de r\u00e9tractation en raison du d\u00e9but pr\u00e9matur\u00e9 de l&rsquo;ex\u00e9cution du contrat, et si nous vous avons fourni une copie ou une confirmation conform\u00e9ment \u00e0 l&rsquo;article 5 (2) FAGG ou \u00e0 l&rsquo;article 7 (3) FAGG.<\/p><ol start=\"4\"><li style=\"font-weight: 400;\"><strong> Obligation proportionnelle de conformit\u00e9 du consommateur dans les contrats de services (travaux et services)<\/strong><\/li><\/ol><p style=\"font-weight: 400;\">Si vous acceptez express\u00e9ment que l&rsquo;ex\u00e9cution du contrat puisse commencer avant l&rsquo;expiration du d\u00e9lai de r\u00e9tractation, en cas de r\u00e9tractation pendant ce d\u00e9lai, apr\u00e8s que nous ayons partiellement fourni le service, vous serez tenu de nous verser un montant proportionnel aux services rendus. Ce montant est bas\u00e9 sur le prix total convenu.<\/p><ol start=\"5\"><li style=\"font-weight: 400;\"><strong> Cons\u00e9quences de la r\u00e9vocation et adresse de retour <\/strong><\/li><\/ol><p style=\"font-weight: 400;\">Vous devez retourner ou livrer les biens sans d\u00e9lai et, en tout \u00e9tat de cause, au plus tard 14 jours apr\u00e8s la date \u00e0 laquelle vous nous avez notifi\u00e9 votre r\u00e9tractation du pr\u00e9sent contrat \u00e0<\/p><p style=\"font-weight: 400;\">NEW GOLF GmbH, <br \/>Via Sanitas 1, 5082 Gr\u00f6dig pr\u00e8s de Salzbourg, Autriche<\/p><p style=\"font-weight: 400;\">Si vous exercez votre droit de r\u00e9tractation, nous vous rembourserons tous les paiements re\u00e7us de votre part, y compris les frais de livraison (\u00e0 l&rsquo;exclusion des frais suppl\u00e9mentaires r\u00e9sultant de votre choix d&rsquo;un mode de livraison autre que la livraison standard la plus \u00e9conomique que nous proposons), dans les meilleurs d\u00e9lais et au plus tard 14 jours apr\u00e8s la date \u00e0 laquelle nous avons re\u00e7u votre notification de r\u00e9tractation du pr\u00e9sent contrat. Nous vous rembourserons en utilisant le m\u00eame moyen de paiement que celui utilis\u00e9 pour la transaction initiale, sauf accord expr\u00e8s contraire avec vous ; en aucun cas, des frais ne vous seront factur\u00e9s pour ce remboursement. Nous pouvons refuser de vous rembourser jusqu&rsquo;\u00e0 ce que nous ayons re\u00e7u les biens retourn\u00e9s ou que vous nous ayez fourni une preuve de leur retour.<\/p><ol start=\"6\"><li style=\"font-weight: 400;\"><strong> Frais de retour<\/strong><\/li><\/ol><p style=\"font-weight: 400;\">En cas d&rsquo;annulation, les frais de retour des produits seront \u00e0 votre charge. Votre responsabilit\u00e9 ne sera engag\u00e9e que pour toute perte de valeur des produits due \u00e0 une manipulation non n\u00e9cessaire \u00e0 la v\u00e9rification de leur qualit\u00e9, de leurs propri\u00e9t\u00e9s et de leur bon fonctionnement. Toutefois, vous ne serez pas tenu responsable de la perte de valeur des produits, sauf si nous vous avons inform\u00e9 de votre droit de r\u00e9tractation.<\/p><ol start=\"7\"><li style=\"font-weight: 400;\"><strong> Modalit\u00e9s de retour<\/strong><\/li><\/ol><p style=\"font-weight: 400;\">Si vous exercez votre droit de r\u00e9tractation, veuillez nous en informer avant de retourner les produits (par exemple, via la page contact sur <span style=\"color: #000000;\"><a style=\"color: #000000;\" href=\"http:\/\/www.newgolf.eu\/kontakt\">www.newgolf.eu\/kontakt <\/a><\/span>ou par e-mail \u00e0 <span style=\"color: #000000;\"><a style=\"color: #000000;\" href=\"mailto:office@newgolf.eu\">office@newgolf.eu)<\/a>. <\/span>Cela nous permettra d&rsquo;identifier rapidement les produits.<\/p><p style=\"font-weight: 400;\">Nous vous demandons \u00e9galement de nous retourner les produits en port pay\u00e9 et de conserver la preuve d&rsquo;exp\u00e9dition. Les colis non affranchis ne seront pas accept\u00e9s.<\/p><p style=\"font-weight: 400;\">Veuillez \u00e9viter d&rsquo;endommager les produits ou articles similaires. Si possible, retournez-les dans leur emballage d&rsquo;origine, avec tous les accessoires. Une protection ad\u00e9quate contre les dommages pendant le transport doit \u00eatre assur\u00e9e afin d&rsquo;\u00e9viter toute r\u00e9clamation pour dommages r\u00e9sultant d&rsquo;un emballage inad\u00e9quat. Si vous n&rsquo;utilisez pas l&#8217;emballage d&rsquo;origine lors du retour des produits, vous devez faire preuve de diligence raisonnable.<\/p><p style=\"font-weight: 400;\">Les pr\u00e9sentes conditions g\u00e9n\u00e9rales ne constituent pas une condition pr\u00e9alable \u00e0 l&rsquo;exercice effectif du droit de r\u00e9tractation.<\/p><p style=\"font-weight: 400;\"><em><u>Mod\u00e8le de formulaire de r\u00e9tractation l\u00e9gale<\/u><\/em><em><br \/>(Si vous souhaitez vous r\u00e9tracter du contrat, veuillez remplir ce formulaire et nous l&rsquo;envoyer)<\/em><\/p><p style=\"font-weight: 400;\"><em>\u00c0 NEW GOLF GmbH, Via Sanitas 1, 5082 Gr\u00f6dig pr\u00e8s de Salzbourg, Autriche<\/em><em>, Email office@newgolf.eu<\/em><\/p><p style=\"font-weight: 400;\"><em>Par la pr\u00e9sente, je\/nous (*) r\u00e9silions le contrat conclu par moi\/nous (*) pour l&rsquo;achat des biens suivants (*)\/la prestation du service suivant (*) : <\/em><\/p><p style=\"font-weight: 400;\"><em>Command\u00e9 le (*)\/re\u00e7u le (*) : <\/em><\/p><p style=\"font-weight: 400;\"><em>Nom du\/des consommateur(s) <\/em><\/p><p style=\"font-weight: 400;\"><em>Adresse du\/des consommateur(s) <\/em><\/p><p style=\"font-weight: 400;\"><em>Signature du\/des consommateur(s) (uniquement en cas de notification sur papier) : <\/em><\/p><p style=\"font-weight: 400;\"><em>Date &#8230;&#8230;&#8230;&#8230;&#8230;&#8230;&#8230;&#8230;&#8230;&#8230;&#8230;<\/em><\/p><p style=\"font-weight: 400;\"><em>(*) Rayer la mention inutile. <\/em><\/p><p style=\"font-weight: 400;\">\u00a0<\/p>\t\t\t\t\t\t\t\t<\/div>\n\t\t\t\t<\/div>\n\t\t\t\t\t<\/div>\n\t\t\t\t<\/div>\n\t\t\t\t<\/div>\n\t\t","protected":false},"excerpt":{"rendered":"<p>Politique d&rsquo;annulation Les dispositions suivantes s&rsquo;appliquent aux contrats conclus en dehors de nos locaux commerciaux ou par vente \u00e0 distance via le site web, l&rsquo;e-mail, le t\u00e9l\u00e9phone ou d&rsquo;autres canaux de communication. Conform\u00e9ment \u00e0 la directive relative aux droits des consommateurs (directive 2011\/83\/UE), \u00e0 la directive de modernisation (UE) 2019\/2161 et \u00e0 diverses transpositions l\u00e9gales [&hellip;]<\/p>\n","protected":false},"author":1,"featured_media":0,"parent":0,"menu_order":0,"comment_status":"closed","ping_status":"closed","template":"elementor_header_footer","meta":{"footnotes":""},"class_list":["post-4728","page","type-page","status-publish","hentry"],"yoast_head":"<!-- This site is optimized with the Yoast SEO plugin v27.3 - https:\/\/yoast.com\/product\/yoast-seo-wordpress\/ -->\n<title>Politique d&#039;annulation - newgolf.eu<\/title>\n<meta name=\"robots\" content=\"index, follow, max-snippet:-1, max-image-preview:large, max-video-preview:-1\" \/>\n<link rel=\"canonical\" href=\"https:\/\/newgolf.eu\/widerrufsbelehrung\/\" \/>\n<meta property=\"og:locale\" content=\"fr_FR\" \/>\n<meta property=\"og:type\" content=\"article\" \/>\n<meta property=\"og:title\" content=\"Politique d&#039;annulation - newgolf.eu\" \/>\n<meta property=\"og:description\" content=\"Politique d&rsquo;annulation Les dispositions suivantes s&rsquo;appliquent aux contrats conclus en dehors de nos locaux commerciaux ou par vente \u00e0 distance via le site web, l&rsquo;e-mail, le t\u00e9l\u00e9phone ou d&rsquo;autres canaux de communication. Conform\u00e9ment \u00e0 la directive relative aux droits des consommateurs (directive 2011\/83\/UE), \u00e0 la directive de modernisation (UE) 2019\/2161 et \u00e0 diverses transpositions l\u00e9gales [&hellip;]\" \/>\n<meta property=\"og:url\" content=\"https:\/\/newgolf.eu\/widerrufsbelehrung\/\" \/>\n<meta property=\"og:site_name\" content=\"newgolf.eu\" \/>\n<meta property=\"article:modified_time\" content=\"2026-01-21T12:40:12+00:00\" \/>\n<meta name=\"twitter:card\" content=\"summary_large_image\" \/>\n<meta name=\"twitter:label1\" content=\"Dur\u00e9e de lecture estim\u00e9e\" \/>\n\t<meta name=\"twitter:data1\" content=\"7 minutes\" \/>\n<script type=\"application\/ld+json\" class=\"yoast-schema-graph\">{\"@context\":\"https:\\\/\\\/schema.org\",\"@graph\":[{\"@type\":\"WebPage\",\"@id\":\"https:\\\/\\\/newgolf.eu\\\/widerrufsbelehrung\\\/\",\"url\":\"https:\\\/\\\/newgolf.eu\\\/widerrufsbelehrung\\\/\",\"name\":\"Politique d'annulation - newgolf.eu\",\"isPartOf\":{\"@id\":\"https:\\\/\\\/newgolf.eu\\\/#website\"},\"datePublished\":\"2024-11-06T10:25:32+00:00\",\"dateModified\":\"2026-01-21T12:40:12+00:00\",\"breadcrumb\":{\"@id\":\"https:\\\/\\\/newgolf.eu\\\/widerrufsbelehrung\\\/#breadcrumb\"},\"inLanguage\":\"fr-FR\",\"potentialAction\":[{\"@type\":\"ReadAction\",\"target\":[\"https:\\\/\\\/newgolf.eu\\\/widerrufsbelehrung\\\/\"]}]},{\"@type\":\"BreadcrumbList\",\"@id\":\"https:\\\/\\\/newgolf.eu\\\/widerrufsbelehrung\\\/#breadcrumb\",\"itemListElement\":[{\"@type\":\"ListItem\",\"position\":1,\"name\":\"Startseite\",\"item\":\"https:\\\/\\\/newgolf.eu\\\/fr\\\/home\\\/\"},{\"@type\":\"ListItem\",\"position\":2,\"name\":\"Politique d&#8217;annulation\"}]},{\"@type\":\"WebSite\",\"@id\":\"https:\\\/\\\/newgolf.eu\\\/#website\",\"url\":\"https:\\\/\\\/newgolf.eu\\\/\",\"name\":\"newgolf.eu\",\"description\":\"Home of Golf\",\"publisher\":{\"@id\":\"https:\\\/\\\/newgolf.eu\\\/#organization\"},\"potentialAction\":[{\"@type\":\"SearchAction\",\"target\":{\"@type\":\"EntryPoint\",\"urlTemplate\":\"https:\\\/\\\/newgolf.eu\\\/?s={search_term_string}\"},\"query-input\":{\"@type\":\"PropertyValueSpecification\",\"valueRequired\":true,\"valueName\":\"search_term_string\"}}],\"inLanguage\":\"fr-FR\"},{\"@type\":\"Organization\",\"@id\":\"https:\\\/\\\/newgolf.eu\\\/#organization\",\"name\":\"NEW GOLF GmbH\",\"url\":\"https:\\\/\\\/newgolf.eu\\\/\",\"logo\":{\"@type\":\"ImageObject\",\"inLanguage\":\"fr-FR\",\"@id\":\"https:\\\/\\\/newgolf.eu\\\/#\\\/schema\\\/logo\\\/image\\\/\",\"url\":\"https:\\\/\\\/newgolf.eu\\\/wp-content\\\/uploads\\\/2024\\\/09\\\/new-golf-logo-komplett.svg\",\"contentUrl\":\"https:\\\/\\\/newgolf.eu\\\/wp-content\\\/uploads\\\/2024\\\/09\\\/new-golf-logo-komplett.svg\",\"width\":231,\"height\":186,\"caption\":\"NEW GOLF GmbH\"},\"image\":{\"@id\":\"https:\\\/\\\/newgolf.eu\\\/#\\\/schema\\\/logo\\\/image\\\/\"}}]}<\/script>\n<!-- \/ Yoast SEO plugin. -->","yoast_head_json":{"title":"Politique d'annulation - newgolf.eu","robots":{"index":"index","follow":"follow","max-snippet":"max-snippet:-1","max-image-preview":"max-image-preview:large","max-video-preview":"max-video-preview:-1"},"canonical":"https:\/\/newgolf.eu\/widerrufsbelehrung\/","og_locale":"fr_FR","og_type":"article","og_title":"Politique d'annulation - newgolf.eu","og_description":"Politique d&rsquo;annulation Les dispositions suivantes s&rsquo;appliquent aux contrats conclus en dehors de nos locaux commerciaux ou par vente \u00e0 distance via le site web, l&rsquo;e-mail, le t\u00e9l\u00e9phone ou d&rsquo;autres canaux de communication. Conform\u00e9ment \u00e0 la directive relative aux droits des consommateurs (directive 2011\/83\/UE), \u00e0 la directive de modernisation (UE) 2019\/2161 et \u00e0 diverses transpositions l\u00e9gales [&hellip;]","og_url":"https:\/\/newgolf.eu\/widerrufsbelehrung\/","og_site_name":"newgolf.eu","article_modified_time":"2026-01-21T12:40:12+00:00","twitter_card":"summary_large_image","twitter_misc":{"Dur\u00e9e de lecture estim\u00e9e":"7 minutes"},"schema":{"@context":"https:\/\/schema.org","@graph":[{"@type":"WebPage","@id":"https:\/\/newgolf.eu\/widerrufsbelehrung\/","url":"https:\/\/newgolf.eu\/widerrufsbelehrung\/","name":"Politique d'annulation - newgolf.eu","isPartOf":{"@id":"https:\/\/newgolf.eu\/#website"},"datePublished":"2024-11-06T10:25:32+00:00","dateModified":"2026-01-21T12:40:12+00:00","breadcrumb":{"@id":"https:\/\/newgolf.eu\/widerrufsbelehrung\/#breadcrumb"},"inLanguage":"fr-FR","potentialAction":[{"@type":"ReadAction","target":["https:\/\/newgolf.eu\/widerrufsbelehrung\/"]}]},{"@type":"BreadcrumbList","@id":"https:\/\/newgolf.eu\/widerrufsbelehrung\/#breadcrumb","itemListElement":[{"@type":"ListItem","position":1,"name":"Startseite","item":"https:\/\/newgolf.eu\/fr\/home\/"},{"@type":"ListItem","position":2,"name":"Politique d&#8217;annulation"}]},{"@type":"WebSite","@id":"https:\/\/newgolf.eu\/#website","url":"https:\/\/newgolf.eu\/","name":"newgolf.eu","description":"Home of Golf","publisher":{"@id":"https:\/\/newgolf.eu\/#organization"},"potentialAction":[{"@type":"SearchAction","target":{"@type":"EntryPoint","urlTemplate":"https:\/\/newgolf.eu\/?s={search_term_string}"},"query-input":{"@type":"PropertyValueSpecification","valueRequired":true,"valueName":"search_term_string"}}],"inLanguage":"fr-FR"},{"@type":"Organization","@id":"https:\/\/newgolf.eu\/#organization","name":"NEW GOLF GmbH","url":"https:\/\/newgolf.eu\/","logo":{"@type":"ImageObject","inLanguage":"fr-FR","@id":"https:\/\/newgolf.eu\/#\/schema\/logo\/image\/","url":"https:\/\/newgolf.eu\/wp-content\/uploads\/2024\/09\/new-golf-logo-komplett.svg","contentUrl":"https:\/\/newgolf.eu\/wp-content\/uploads\/2024\/09\/new-golf-logo-komplett.svg","width":231,"height":186,"caption":"NEW GOLF GmbH"},"image":{"@id":"https:\/\/newgolf.eu\/#\/schema\/logo\/image\/"}}]}},"_links":{"self":[{"href":"https:\/\/newgolf.eu\/fr\/wp-json\/wp\/v2\/pages\/4728","targetHints":{"allow":["GET"]}}],"collection":[{"href":"https:\/\/newgolf.eu\/fr\/wp-json\/wp\/v2\/pages"}],"about":[{"href":"https:\/\/newgolf.eu\/fr\/wp-json\/wp\/v2\/types\/page"}],"author":[{"embeddable":true,"href":"https:\/\/newgolf.eu\/fr\/wp-json\/wp\/v2\/users\/1"}],"replies":[{"embeddable":true,"href":"https:\/\/newgolf.eu\/fr\/wp-json\/wp\/v2\/comments?post=4728"}],"version-history":[{"count":4,"href":"https:\/\/newgolf.eu\/fr\/wp-json\/wp\/v2\/pages\/4728\/revisions"}],"predecessor-version":[{"id":5147,"href":"https:\/\/newgolf.eu\/fr\/wp-json\/wp\/v2\/pages\/4728\/revisions\/5147"}],"wp:attachment":[{"href":"https:\/\/newgolf.eu\/fr\/wp-json\/wp\/v2\/media?parent=4728"}],"curies":[{"name":"wp","href":"https:\/\/api.w.org\/{rel}","templated":true}]}}