{"id":4717,"date":"2024-11-07T09:18:39","date_gmt":"2024-11-07T09:18:39","guid":{"rendered":"https:\/\/newgolf.eu\/mentions-legales\/"},"modified":"2026-01-21T12:37:33","modified_gmt":"2026-01-21T12:37:33","slug":"mentions-legales","status":"publish","type":"page","link":"https:\/\/newgolf.eu\/fr\/mentions-legales\/","title":{"rendered":"Mentions l\u00e9gales"},"content":{"rendered":"\t\t<div data-elementor-type=\"wp-page\" data-elementor-id=\"4717\" class=\"elementor elementor-4717 elementor-3254\" data-elementor-post-type=\"page\">\n\t\t\t\t<div class=\"elementor-element elementor-element-c63ae34 e-flex e-con-boxed e-con e-parent\" data-id=\"c63ae34\" data-element_type=\"container\" data-e-type=\"container\">\n\t\t\t\t\t<div class=\"e-con-inner\">\n\t\t\t\t<div class=\"elementor-element elementor-element-aae7e57 elementor-widget elementor-widget-text-editor\" data-id=\"aae7e57\" data-element_type=\"widget\" data-e-type=\"widget\" data-widget_type=\"text-editor.default\">\n\t\t\t\t<div class=\"elementor-widget-container\">\n\t\t\t\t\t\t\t\t\t<p><strong>Propri\u00e9taire, \u00e9diteur et r\u00e9daction :<\/strong><br \/>New Golf GmbH<br \/>Via Sanitas 1, 5082 Gr\u00f6dig b. Salzburg, Autriche<br \/><strong>E-Mail:<\/strong> <a style=\"color: #333;\" href=\"mailto:ch@newgolf.eu\">office@newgolf.eu<\/a><\/p><p><strong>Num\u00e9ro de registre de la soci\u00e9t\u00e9 :<\/strong> FN 633350y<br \/><strong>Tribunal du registre du commerce :<\/strong> LG Salzburg<br \/><strong>Num\u00e9ro d&rsquo;identification fiscale :<\/strong> ATU 80990625<br \/><strong>Autorit\u00e9 selon ECG : <\/strong> Autorit\u00e9 locale comp\u00e9tente en mati\u00e8re de commerce (BH r\u00e9gion de Salzbourg)<br \/><strong>Chambre de commerce :<\/strong> Chambre de commerce de Salzbourg<br \/><strong>R\u00e9glementation applicable : <\/strong>Loi autrichienne sur la r\u00e9glementation du commerce <span style=\"text-decoration: underline;\"><span style=\"color: #000000; text-decoration: underline;\"><a style=\"color: #000000; text-decoration: underline;\" href=\"https:\/\/www.ris.bka.gv.at\/GeltendeFassung.wxe?Abfrage=Bundesnormen&amp;Gesetzesnummer=10007517\">(GewO)<\/a> <\/span><\/span><\/p><p><strong>Directeur g\u00e9n\u00e9ral :<\/strong> Thomas Hofer<\/p><p><strong>Coordonn\u00e9es bancaires :<\/strong> Raiffeisenbank Untersberg, Bankstelle Anif <strong><br \/>BIC:<\/strong> RVSAAT2S018<br \/><strong>IBAN:<\/strong> AT62 3501 8000 0017 2833<\/p><p><strong>DISCLOSURE conform\u00e9ment \u00e0 l&rsquo;article 25 de la loi sur les m\u00e9dias Propri\u00e9taire du m\u00e9dia : <\/strong><br \/>New Golf GmbH<br \/>Via Sanitas 1, 5082 Gr\u00f6dig b. Salzburg, Autriche<\/p><p><strong>Registre d\u2019activit\u00e9 :<\/strong> Vente\/location et installation d&rsquo;\u00e9quipements de golf en salle, y compris les accessoires<\/p><p><strong>Objectif : <\/strong>Le site web www.newgolf.eu est un portail Internet destin\u00e9 \u00e0 pr\u00e9senter le propri\u00e9taire du m\u00e9dia et \u00e0 fournir des informations sur son domaine d&rsquo;activit\u00e9.<\/p><p><strong>Cr\u00e9dits image\/vid\u00e9o\/sources : <\/strong>Georg Kritsch www.georgkritsch.com IG: georg.kritsch, Golf Joy, Photo sur la page \u00c9v\u00e9nements G\u00e9n\u00e9r\u00e9 par l&rsquo;IA avec Midjourney, pnproduction\/Adobestock.com, Aeman\/Adobestock.com, lichtmeister\/Adobestock.com, Pravinrus\/Adobestock.com, Wrightstudio\/Adobestock.com;<\/p><p>Nous ne sommes pas dispos\u00e9s \u00e0 participer \u00e0 des proc\u00e9dures (non contraignantes) de r\u00e9solution des litiges devant une commission d&rsquo;arbitrage des consommateurs.<\/p>\t\t\t\t\t\t\t\t<\/div>\n\t\t\t\t<\/div>\n\t\t\t\t\t<\/div>\n\t\t\t\t<\/div>\n\t\t\t\t<\/div>\n\t\t","protected":false},"excerpt":{"rendered":"<p>Propri\u00e9taire, \u00e9diteur et r\u00e9daction :New Golf GmbHVia Sanitas 1, 5082 Gr\u00f6dig b. Salzburg, AutricheE-Mail: office@newgolf.eu Num\u00e9ro de registre de la soci\u00e9t\u00e9 : FN 633350yTribunal du registre du commerce : LG SalzburgNum\u00e9ro d&rsquo;identification fiscale : ATU 80990625Autorit\u00e9 selon ECG : Autorit\u00e9 locale comp\u00e9tente en mati\u00e8re de commerce (BH r\u00e9gion de Salzbourg)Chambre de commerce : Chambre de [&hellip;]<\/p>\n","protected":false},"author":1,"featured_media":0,"parent":0,"menu_order":0,"comment_status":"closed","ping_status":"closed","template":"","meta":{"footnotes":""},"class_list":["post-4717","page","type-page","status-publish","hentry"],"yoast_head":"<!-- This site is optimized with the Yoast SEO plugin v27.3 - https:\/\/yoast.com\/product\/yoast-seo-wordpress\/ -->\n<title>Mentions l\u00e9gales - newgolf.eu<\/title>\n<meta name=\"robots\" content=\"index, follow, max-snippet:-1, max-image-preview:large, max-video-preview:-1\" \/>\n<link rel=\"canonical\" href=\"https:\/\/newgolf.eu\/impressum\/\" \/>\n<meta property=\"og:locale\" content=\"fr_FR\" \/>\n<meta property=\"og:type\" content=\"article\" \/>\n<meta property=\"og:title\" content=\"Mentions l\u00e9gales - newgolf.eu\" \/>\n<meta property=\"og:description\" content=\"Propri\u00e9taire, \u00e9diteur et r\u00e9daction :New Golf GmbHVia Sanitas 1, 5082 Gr\u00f6dig b. Salzburg, AutricheE-Mail: office@newgolf.eu Num\u00e9ro de registre de la soci\u00e9t\u00e9 : FN 633350yTribunal du registre du commerce : LG SalzburgNum\u00e9ro d&rsquo;identification fiscale : ATU 80990625Autorit\u00e9 selon ECG : Autorit\u00e9 locale comp\u00e9tente en mati\u00e8re de commerce (BH r\u00e9gion de Salzbourg)Chambre de commerce : Chambre de [&hellip;]\" \/>\n<meta property=\"og:url\" content=\"https:\/\/newgolf.eu\/impressum\/\" \/>\n<meta property=\"og:site_name\" content=\"newgolf.eu\" \/>\n<meta property=\"article:modified_time\" content=\"2026-01-21T12:37:33+00:00\" \/>\n<meta name=\"twitter:card\" content=\"summary_large_image\" \/>\n<meta name=\"twitter:label1\" content=\"Dur\u00e9e de lecture estim\u00e9e\" \/>\n\t<meta name=\"twitter:data1\" content=\"2 minutes\" \/>\n<script type=\"application\/ld+json\" class=\"yoast-schema-graph\">{\"@context\":\"https:\\\/\\\/schema.org\",\"@graph\":[{\"@type\":\"WebPage\",\"@id\":\"https:\\\/\\\/newgolf.eu\\\/impressum\\\/\",\"url\":\"https:\\\/\\\/newgolf.eu\\\/impressum\\\/\",\"name\":\"Mentions l\u00e9gales - newgolf.eu\",\"isPartOf\":{\"@id\":\"https:\\\/\\\/newgolf.eu\\\/#website\"},\"datePublished\":\"2024-11-07T09:18:39+00:00\",\"dateModified\":\"2026-01-21T12:37:33+00:00\",\"breadcrumb\":{\"@id\":\"https:\\\/\\\/newgolf.eu\\\/impressum\\\/#breadcrumb\"},\"inLanguage\":\"fr-FR\",\"potentialAction\":[{\"@type\":\"ReadAction\",\"target\":[\"https:\\\/\\\/newgolf.eu\\\/impressum\\\/\"]}]},{\"@type\":\"BreadcrumbList\",\"@id\":\"https:\\\/\\\/newgolf.eu\\\/impressum\\\/#breadcrumb\",\"itemListElement\":[{\"@type\":\"ListItem\",\"position\":1,\"name\":\"Startseite\",\"item\":\"https:\\\/\\\/newgolf.eu\\\/fr\\\/home\\\/\"},{\"@type\":\"ListItem\",\"position\":2,\"name\":\"Mentions l\u00e9gales\"}]},{\"@type\":\"WebSite\",\"@id\":\"https:\\\/\\\/newgolf.eu\\\/#website\",\"url\":\"https:\\\/\\\/newgolf.eu\\\/\",\"name\":\"newgolf.eu\",\"description\":\"Home of Golf\",\"publisher\":{\"@id\":\"https:\\\/\\\/newgolf.eu\\\/#organization\"},\"potentialAction\":[{\"@type\":\"SearchAction\",\"target\":{\"@type\":\"EntryPoint\",\"urlTemplate\":\"https:\\\/\\\/newgolf.eu\\\/?s={search_term_string}\"},\"query-input\":{\"@type\":\"PropertyValueSpecification\",\"valueRequired\":true,\"valueName\":\"search_term_string\"}}],\"inLanguage\":\"fr-FR\"},{\"@type\":\"Organization\",\"@id\":\"https:\\\/\\\/newgolf.eu\\\/#organization\",\"name\":\"NEW GOLF GmbH\",\"url\":\"https:\\\/\\\/newgolf.eu\\\/\",\"logo\":{\"@type\":\"ImageObject\",\"inLanguage\":\"fr-FR\",\"@id\":\"https:\\\/\\\/newgolf.eu\\\/#\\\/schema\\\/logo\\\/image\\\/\",\"url\":\"https:\\\/\\\/newgolf.eu\\\/wp-content\\\/uploads\\\/2024\\\/09\\\/new-golf-logo-komplett.svg\",\"contentUrl\":\"https:\\\/\\\/newgolf.eu\\\/wp-content\\\/uploads\\\/2024\\\/09\\\/new-golf-logo-komplett.svg\",\"width\":231,\"height\":186,\"caption\":\"NEW GOLF GmbH\"},\"image\":{\"@id\":\"https:\\\/\\\/newgolf.eu\\\/#\\\/schema\\\/logo\\\/image\\\/\"}}]}<\/script>\n<!-- \/ Yoast SEO plugin. -->","yoast_head_json":{"title":"Mentions l\u00e9gales - newgolf.eu","robots":{"index":"index","follow":"follow","max-snippet":"max-snippet:-1","max-image-preview":"max-image-preview:large","max-video-preview":"max-video-preview:-1"},"canonical":"https:\/\/newgolf.eu\/impressum\/","og_locale":"fr_FR","og_type":"article","og_title":"Mentions l\u00e9gales - newgolf.eu","og_description":"Propri\u00e9taire, \u00e9diteur et r\u00e9daction :New Golf GmbHVia Sanitas 1, 5082 Gr\u00f6dig b. Salzburg, AutricheE-Mail: office@newgolf.eu Num\u00e9ro de registre de la soci\u00e9t\u00e9 : FN 633350yTribunal du registre du commerce : LG SalzburgNum\u00e9ro d&rsquo;identification fiscale : ATU 80990625Autorit\u00e9 selon ECG : Autorit\u00e9 locale comp\u00e9tente en mati\u00e8re de commerce (BH r\u00e9gion de Salzbourg)Chambre de commerce : Chambre de [&hellip;]","og_url":"https:\/\/newgolf.eu\/impressum\/","og_site_name":"newgolf.eu","article_modified_time":"2026-01-21T12:37:33+00:00","twitter_card":"summary_large_image","twitter_misc":{"Dur\u00e9e de lecture estim\u00e9e":"2 minutes"},"schema":{"@context":"https:\/\/schema.org","@graph":[{"@type":"WebPage","@id":"https:\/\/newgolf.eu\/impressum\/","url":"https:\/\/newgolf.eu\/impressum\/","name":"Mentions l\u00e9gales - newgolf.eu","isPartOf":{"@id":"https:\/\/newgolf.eu\/#website"},"datePublished":"2024-11-07T09:18:39+00:00","dateModified":"2026-01-21T12:37:33+00:00","breadcrumb":{"@id":"https:\/\/newgolf.eu\/impressum\/#breadcrumb"},"inLanguage":"fr-FR","potentialAction":[{"@type":"ReadAction","target":["https:\/\/newgolf.eu\/impressum\/"]}]},{"@type":"BreadcrumbList","@id":"https:\/\/newgolf.eu\/impressum\/#breadcrumb","itemListElement":[{"@type":"ListItem","position":1,"name":"Startseite","item":"https:\/\/newgolf.eu\/fr\/home\/"},{"@type":"ListItem","position":2,"name":"Mentions l\u00e9gales"}]},{"@type":"WebSite","@id":"https:\/\/newgolf.eu\/#website","url":"https:\/\/newgolf.eu\/","name":"newgolf.eu","description":"Home of Golf","publisher":{"@id":"https:\/\/newgolf.eu\/#organization"},"potentialAction":[{"@type":"SearchAction","target":{"@type":"EntryPoint","urlTemplate":"https:\/\/newgolf.eu\/?s={search_term_string}"},"query-input":{"@type":"PropertyValueSpecification","valueRequired":true,"valueName":"search_term_string"}}],"inLanguage":"fr-FR"},{"@type":"Organization","@id":"https:\/\/newgolf.eu\/#organization","name":"NEW GOLF GmbH","url":"https:\/\/newgolf.eu\/","logo":{"@type":"ImageObject","inLanguage":"fr-FR","@id":"https:\/\/newgolf.eu\/#\/schema\/logo\/image\/","url":"https:\/\/newgolf.eu\/wp-content\/uploads\/2024\/09\/new-golf-logo-komplett.svg","contentUrl":"https:\/\/newgolf.eu\/wp-content\/uploads\/2024\/09\/new-golf-logo-komplett.svg","width":231,"height":186,"caption":"NEW GOLF GmbH"},"image":{"@id":"https:\/\/newgolf.eu\/#\/schema\/logo\/image\/"}}]}},"_links":{"self":[{"href":"https:\/\/newgolf.eu\/fr\/wp-json\/wp\/v2\/pages\/4717","targetHints":{"allow":["GET"]}}],"collection":[{"href":"https:\/\/newgolf.eu\/fr\/wp-json\/wp\/v2\/pages"}],"about":[{"href":"https:\/\/newgolf.eu\/fr\/wp-json\/wp\/v2\/types\/page"}],"author":[{"embeddable":true,"href":"https:\/\/newgolf.eu\/fr\/wp-json\/wp\/v2\/users\/1"}],"replies":[{"embeddable":true,"href":"https:\/\/newgolf.eu\/fr\/wp-json\/wp\/v2\/comments?post=4717"}],"version-history":[{"count":6,"href":"https:\/\/newgolf.eu\/fr\/wp-json\/wp\/v2\/pages\/4717\/revisions"}],"predecessor-version":[{"id":5141,"href":"https:\/\/newgolf.eu\/fr\/wp-json\/wp\/v2\/pages\/4717\/revisions\/5141"}],"wp:attachment":[{"href":"https:\/\/newgolf.eu\/fr\/wp-json\/wp\/v2\/media?parent=4717"}],"curies":[{"name":"wp","href":"https:\/\/api.w.org\/{rel}","templated":true}]}}