{"id":4704,"date":"2024-10-24T07:46:38","date_gmt":"2024-10-24T07:46:38","guid":{"rendered":"https:\/\/newgolf.eu\/assistance\/"},"modified":"2025-07-14T07:25:43","modified_gmt":"2025-07-14T07:25:43","slug":"assistance","status":"publish","type":"page","link":"https:\/\/newgolf.eu\/fr\/assistance\/","title":{"rendered":"Assistance"},"content":{"rendered":"\t\t<div data-elementor-type=\"wp-page\" data-elementor-id=\"4704\" class=\"elementor elementor-4704 elementor-346\" data-elementor-post-type=\"page\">\n\t\t\t\t<div class=\"elementor-element elementor-element-11232b03 e-con-full e-flex e-con e-parent\" data-id=\"11232b03\" data-element_type=\"container\" data-e-type=\"container\" data-settings=\"{&quot;background_background&quot;:&quot;classic&quot;}\">\n\t\t\t\t<div class=\"elementor-element elementor-element-57375459 animated-slow elementor-invisible elementor-widget elementor-widget-heading\" data-id=\"57375459\" data-element_type=\"widget\" data-e-type=\"widget\" data-settings=\"{&quot;_animation&quot;:&quot;fadeInUp&quot;,&quot;_animation_delay&quot;:&quot;0.8&quot;}\" data-widget_type=\"heading.default\">\n\t\t\t\t<div class=\"elementor-widget-container\">\n\t\t\t\t\t<h2 class=\"elementor-heading-title elementor-size-default\">Service complet pour les parcours de golf Indoor<\/h2>\t\t\t\t<\/div>\n\t\t\t\t<\/div>\n\t\t\t\t<\/div>\n\t\t<div class=\"elementor-element elementor-element-7a41d323 e-con-full e-flex e-con e-parent\" data-id=\"7a41d323\" data-element_type=\"container\" data-e-type=\"container\">\n\t\t<div class=\"elementor-element elementor-element-4872fa66 e-con-full e-flex e-con e-child\" data-id=\"4872fa66\" data-element_type=\"container\" data-e-type=\"container\" data-settings=\"{&quot;background_background&quot;:&quot;classic&quot;}\">\n\t\t\t\t<\/div>\n\t\t<div class=\"elementor-element elementor-element-74f0cab4 e-con-full e-flex e-con e-child\" data-id=\"74f0cab4\" data-element_type=\"container\" data-e-type=\"container\" data-settings=\"{&quot;background_background&quot;:&quot;classic&quot;}\">\n\t\t\t\t<div class=\"elementor-element elementor-element-19e98220 elementor-widget elementor-widget-text-editor\" data-id=\"19e98220\" data-element_type=\"widget\" data-e-type=\"widget\" data-widget_type=\"text-editor.default\">\n\t\t\t\t<div class=\"elementor-widget-container\">\n\t\t\t\t\t\t\t\t\t<p style=\"font-weight: 400;\">Notre \u00e9quipe d&rsquo;assistance est l\u00e0 pour vous aider dans tous vos besoins, depuis la consultation initiale jusqu&rsquo;\u00e0 l&rsquo;installation, l&rsquo;entretien ou les r\u00e9parations. Nous veillons \u00e0 ce que votre syst\u00e8me de golf en salle fonctionne toujours de mani\u00e8re optimale et nous vous proposons des solutions flexibles pour chaque d\u00e9fi. <\/p>\t\t\t\t\t\t\t\t<\/div>\n\t\t\t\t<\/div>\n\t\t<div class=\"elementor-element elementor-element-72f2f616 e-con-full e-flex e-con e-child\" data-id=\"72f2f616\" data-element_type=\"container\" data-e-type=\"container\">\n\t\t\t\t<div class=\"elementor-element elementor-element-20674fc elementor-position-top elementor-widget elementor-widget-image-box\" data-id=\"20674fc\" data-element_type=\"widget\" data-e-type=\"widget\" data-widget_type=\"image-box.default\">\n\t\t\t\t<div class=\"elementor-widget-container\">\n\t\t\t\t\t<div class=\"elementor-image-box-wrapper\"><figure class=\"elementor-image-box-img\"><img decoding=\"async\" width=\"34\" height=\"24\" src=\"https:\/\/newgolf.eu\/wp-content\/uploads\/2024\/09\/Online_Support-1.svg\" class=\"attachment-full size-full wp-image-150\" alt=\"\" \/><\/figure><div class=\"elementor-image-box-content\"><h2 class=\"elementor-image-box-title\">CONSEIL<\/h2><p class=\"elementor-image-box-description\">Nous vous accompagnons d\u00e8s le d\u00e9but, que ce soit \u00e0 titre priv\u00e9 ou professionnel. Notre \u00e9quipe vous aidera \u00e0 trouver la solution compl\u00e8te id\u00e9ale pour votre simulateur de golf et se chargera de la planification, de la production, de l'installation et de la personnalisation de votre syst\u00e8me, en fonction de vos besoins individuels. \n<\/p><\/div><\/div>\t\t\t\t<\/div>\n\t\t\t\t<\/div>\n\t\t\t\t<div class=\"elementor-element elementor-element-17410dab elementor-position-top elementor-widget elementor-widget-image-box\" data-id=\"17410dab\" data-element_type=\"widget\" data-e-type=\"widget\" data-widget_type=\"image-box.default\">\n\t\t\t\t<div class=\"elementor-widget-container\">\n\t\t\t\t\t<div class=\"elementor-image-box-wrapper\"><figure class=\"elementor-image-box-img\"><img decoding=\"async\" width=\"25\" height=\"25\" src=\"https:\/\/newgolf.eu\/wp-content\/uploads\/2024\/09\/Easy_Install.svg\" class=\"attachment-full size-full wp-image-62\" alt=\"\" \/><\/figure><div class=\"elementor-image-box-content\"><h2 class=\"elementor-image-box-title\">MAINTENANCE<\/h2><p class=\"elementor-image-box-description\">Une maintenance r\u00e9guli\u00e8re garantit le bon fonctionnement de votre installation de golf en salle. Notre \u00e9quipe de service v\u00e9rifie tous les composants, calibre la technologie et veille \u00e0 ce que les pi\u00e8ces d'usure soient remplac\u00e9es \u00e0 temps pour une long\u00e9vit\u00e9 maximale. L'entretien contribue \u00e0 optimiser la long\u00e9vit\u00e9 et les performances de votre parcours de golf en salle. L'entretien est inclus gratuitement dans l'option de location.    \n<\/p><\/div><\/div>\t\t\t\t<\/div>\n\t\t\t\t<\/div>\n\t\t\t\t<div class=\"elementor-element elementor-element-a2092c7 elementor-position-top elementor-widget elementor-widget-image-box\" data-id=\"a2092c7\" data-element_type=\"widget\" data-e-type=\"widget\" data-widget_type=\"image-box.default\">\n\t\t\t\t<div class=\"elementor-widget-container\">\n\t\t\t\t\t<div class=\"elementor-image-box-wrapper\"><figure class=\"elementor-image-box-img\"><img decoding=\"async\" width=\"31\" height=\"30\" src=\"https:\/\/newgolf.eu\/wp-content\/uploads\/2024\/09\/Comftorabule_Design.svg\" class=\"attachment-full size-full wp-image-72\" alt=\"\" \/><\/figure><div class=\"elementor-image-box-content\"><h2 class=\"elementor-image-box-title\">R\u00c9PARATIONS<\/h2><p class=\"elementor-image-box-description\">En cas de probl\u00e8me technique, nous r\u00e9parerons ou remplacerons rapidement les pi\u00e8ces d\u00e9fectueuses afin que votre syst\u00e8me soit \u00e0 nouveau op\u00e9rationnel au plus vite.<\/p><\/div><\/div>\t\t\t\t<\/div>\n\t\t\t\t<\/div>\n\t\t\t\t<div class=\"elementor-element elementor-element-e2ac91c elementor-position-top elementor-widget elementor-widget-image-box\" data-id=\"e2ac91c\" data-element_type=\"widget\" data-e-type=\"widget\" data-widget_type=\"image-box.default\">\n\t\t\t\t<div class=\"elementor-widget-container\">\n\t\t\t\t\t<div class=\"elementor-image-box-wrapper\"><figure class=\"elementor-image-box-img\"><img loading=\"lazy\" decoding=\"async\" width=\"28\" height=\"22\" src=\"https:\/\/newgolf.eu\/wp-content\/uploads\/2024\/09\/Design_For_Flexabilty.svg\" class=\"attachment-full size-full wp-image-74\" alt=\"\" \/><\/figure><div class=\"elementor-image-box-content\"><h2 class=\"elementor-image-box-title\">MAINTENANCE \u00c0 DISTANCE<\/h2><p class=\"elementor-image-box-description\">Nous pouvons r\u00e9soudre de nombreux probl\u00e8mes gr\u00e2ce \u00e0 la maintenance \u00e0 distance. Cela vous fera gagner du temps et vous permettra de retrouver rapidement votre simulateur de golf parfaitement fonctionnel. <\/p><\/div><\/div>\t\t\t\t<\/div>\n\t\t\t\t<\/div>\n\t\t\t\t<div class=\"elementor-element elementor-element-fda88b5 elementor-position-top elementor-widget elementor-widget-image-box\" data-id=\"fda88b5\" data-element_type=\"widget\" data-e-type=\"widget\" data-widget_type=\"image-box.default\">\n\t\t\t\t<div class=\"elementor-widget-container\">\n\t\t\t\t\t<div class=\"elementor-image-box-wrapper\"><figure class=\"elementor-image-box-img\"><img loading=\"lazy\" decoding=\"async\" width=\"26\" height=\"35\" src=\"https:\/\/newgolf.eu\/wp-content\/uploads\/2024\/09\/Easy_To_Use.svg\" class=\"attachment-full size-full wp-image-73\" alt=\"\" \/><\/figure><div class=\"elementor-image-box-content\"><h2 class=\"elementor-image-box-title\">SERVICE ET MISES \u00c0 JOUR<\/h2><p class=\"elementor-image-box-description\">Maintenez votre syst\u00e8me \u00e0 jour : nous proposons des mises \u00e0 jour logicielles et des mises \u00e0 niveau syst\u00e8me r\u00e9guli\u00e8res pour que vous puissiez toujours b\u00e9n\u00e9ficier des derni\u00e8res technologies.<\/p><\/div><\/div>\t\t\t\t<\/div>\n\t\t\t\t<\/div>\n\t\t\t\t<\/div>\n\t\t\t\t<\/div>\n\t\t\t\t<\/div>\n\t\t<div class=\"elementor-element elementor-element-b57e85d e-con-full e-flex e-con e-parent\" data-id=\"b57e85d\" data-element_type=\"container\" data-e-type=\"container\">\n\t\t\t\t<div class=\"elementor-element elementor-element-806c4ff elementor-widget elementor-widget-html\" data-id=\"806c4ff\" data-element_type=\"widget\" data-e-type=\"widget\" data-widget_type=\"html.default\">\n\t\t\t\t<div class=\"elementor-widget-container\">\n\t\t\t\t\t<script>function Marquee(selector, speed) {\n  const parent = document.querySelector(selector);\n  const clone = parent.innerHTML;\n  let i = 0;\n  parent.innerHTML += clone;\n\n  setInterval(() => {\n    i += speed;\n    if (i >= parent.children[0].clientWidth) i = 0;\n    parent.children[0].style.marginLeft = `-${i}px`;\n  }, 0);\n}\n\nwindow.addEventListener('load', () => Marquee('.marquee', .5));\n<\/script>\t\t\t\t<\/div>\n\t\t\t\t<\/div>\n\t\t\t\t<div class=\"elementor-element elementor-element-4997f0a marquee elementor-widget elementor-widget-heading\" data-id=\"4997f0a\" data-element_type=\"widget\" data-e-type=\"widget\" data-widget_type=\"heading.default\">\n\t\t\t\t<div class=\"elementor-widget-container\">\n\t\t\t\t\t<h2 class=\"elementor-heading-title elementor-size-default\">NEW GOLF everytime for B2C and B2B. &nbsp; NEW GOLF everytime for B2C and B2B. <\/h2>\t\t\t\t<\/div>\n\t\t\t\t<\/div>\n\t\t\t\t<\/div>\n\t\t<div class=\"elementor-element elementor-element-516f9c5 e-con-full e-flex e-con e-parent\" data-id=\"516f9c5\" data-element_type=\"container\" data-e-type=\"container\">\n\t\t<div class=\"elementor-element elementor-element-18fcf39 e-con-full e-flex e-con e-child\" data-id=\"18fcf39\" data-element_type=\"container\" data-e-type=\"container\" data-settings=\"{&quot;background_background&quot;:&quot;classic&quot;}\">\n\t\t\t\t<div class=\"elementor-element elementor-element-a2ade09 elementor-widget elementor-widget-heading\" data-id=\"a2ade09\" data-element_type=\"widget\" data-e-type=\"widget\" data-widget_type=\"heading.default\">\n\t\t\t\t<div class=\"elementor-widget-container\">\n\t\t\t\t\t<h2 class=\"elementor-heading-title elementor-size-default\">Nous nous r\u00e9jouissons de votre prise de contact ! \n<\/h2>\t\t\t\t<\/div>\n\t\t\t\t<\/div>\n\t\t\t\t<\/div>\n\t\t<div class=\"elementor-element elementor-element-760f2bb e-con-full e-flex e-con e-child\" data-id=\"760f2bb\" data-element_type=\"container\" data-e-type=\"container\" data-settings=\"{&quot;background_background&quot;:&quot;classic&quot;}\">\n\t\t\t\t<div class=\"elementor-element elementor-element-83f28e3 elementor-button-align-end elementor-mobile-button-align-start elementor-tablet-button-align-start elementor-widget elementor-widget-form\" data-id=\"83f28e3\" data-element_type=\"widget\" data-e-type=\"widget\" data-settings=\"{&quot;step_next_label&quot;:&quot;Next&quot;,&quot;step_previous_label&quot;:&quot;Previous&quot;,&quot;step_type&quot;:&quot;number_text&quot;,&quot;step_icon_shape&quot;:&quot;circle&quot;}\" data-widget_type=\"form.default\">\n\t\t\t\t<div class=\"elementor-widget-container\">\n\t\t\t\t\t\t\t<form class=\"elementor-form\" method=\"post\" name=\"Forme de contact\" aria-label=\"Forme de contact\">\n\t\t\t<input type=\"hidden\" name=\"post_id\" value=\"4704\"\/>\n\t\t\t<input type=\"hidden\" name=\"form_id\" value=\"83f28e3\"\/>\n\t\t\t<input type=\"hidden\" name=\"referer_title\" value=\"Assistance technique pour votre simulateur de golf - NEW GOLF\" \/>\n\n\t\t\t\t\t\t\t<input type=\"hidden\" name=\"queried_id\" value=\"4704\"\/>\n\t\t\t\n\t\t\t<div class=\"elementor-form-fields-wrapper elementor-labels-above\">\n\t\t\t\t\t\t\t\t<div class=\"elementor-field-type-text elementor-field-group elementor-column elementor-field-group-field_aba1f04 elementor-col-50 elementor-field-required elementor-mark-required\">\n\t\t\t\t\t\t\t\t\t\t\t\t<label for=\"form-field-field_aba1f04\" class=\"elementor-field-label\">\n\t\t\t\t\t\t\t\tPr\u00e9nom\t\t\t\t\t\t\t<\/label>\n\t\t\t\t\t\t\t\t\t\t\t\t\t\t<input size=\"1\" type=\"text\" name=\"form_fields[field_aba1f04]\" id=\"form-field-field_aba1f04\" class=\"elementor-field elementor-size-sm  elementor-field-textual\" required=\"required\">\n\t\t\t\t\t\t\t\t\t\t\t<\/div>\n\t\t\t\t\t\t\t\t<div class=\"elementor-field-type-text elementor-field-group elementor-column elementor-field-group-field_991620a elementor-col-50 elementor-field-required elementor-mark-required\">\n\t\t\t\t\t\t\t\t\t\t\t\t<label for=\"form-field-field_991620a\" class=\"elementor-field-label\">\n\t\t\t\t\t\t\t\tNom de famille\t\t\t\t\t\t\t<\/label>\n\t\t\t\t\t\t\t\t\t\t\t\t\t\t<input size=\"1\" type=\"text\" name=\"form_fields[field_991620a]\" id=\"form-field-field_991620a\" class=\"elementor-field elementor-size-sm  elementor-field-textual\" required=\"required\">\n\t\t\t\t\t\t\t\t\t\t\t<\/div>\n\t\t\t\t\t\t\t\t<div class=\"elementor-field-type-tel elementor-field-group elementor-column elementor-field-group-field_529ae5b elementor-col-50\">\n\t\t\t\t\t\t\t\t\t\t\t\t<label for=\"form-field-field_529ae5b\" class=\"elementor-field-label\">\n\t\t\t\t\t\t\t\tNum\u00e9ro de t\u00e9l\u00e9phone\t\t\t\t\t\t\t<\/label>\n\t\t\t\t\t\t\t\t<input size=\"1\" type=\"tel\" name=\"form_fields[field_529ae5b]\" id=\"form-field-field_529ae5b\" class=\"elementor-field elementor-size-sm  elementor-field-textual\" pattern=\"[0-9()#&amp;+*-=.]+\" title=\"Seuls les caract\u00e8res de num\u00e9ros de t\u00e9l\u00e9phone (#, -, *, etc.) sont accept\u00e9s.\">\n\n\t\t\t\t\t\t<\/div>\n\t\t\t\t\t\t\t\t<div class=\"elementor-field-type-email elementor-field-group elementor-column elementor-field-group-email elementor-col-50 elementor-field-required elementor-mark-required\">\n\t\t\t\t\t\t\t\t\t\t\t\t<label for=\"form-field-email\" class=\"elementor-field-label\">\n\t\t\t\t\t\t\t\tAdresse e-mail\t\t\t\t\t\t\t<\/label>\n\t\t\t\t\t\t\t\t\t\t\t\t\t\t<input size=\"1\" type=\"email\" name=\"form_fields[email]\" id=\"form-field-email\" class=\"elementor-field elementor-size-sm  elementor-field-textual\" required=\"required\">\n\t\t\t\t\t\t\t\t\t\t\t<\/div>\n\t\t\t\t\t\t\t\t<div class=\"elementor-field-type-textarea elementor-field-group elementor-column elementor-field-group-field_9db9a2a elementor-col-100\">\n\t\t\t\t\t\t\t\t\t\t\t\t<label for=\"form-field-field_9db9a2a\" class=\"elementor-field-label\">\n\t\t\t\t\t\t\t\tVotre message\t\t\t\t\t\t\t<\/label>\n\t\t\t\t\t\t<textarea class=\"elementor-field-textual elementor-field  elementor-size-sm\" name=\"form_fields[field_9db9a2a]\" id=\"form-field-field_9db9a2a\" rows=\"3\"><\/textarea>\t\t\t\t<\/div>\n\t\t\t\t\t\t\t\t<div class=\"elementor-field-group elementor-column elementor-field-type-submit elementor-col-100 e-form__buttons\">\n\t\t\t\t\t<button class=\"elementor-button elementor-size-sm\" type=\"submit\">\n\t\t\t\t\t\t<span class=\"elementor-button-content-wrapper\">\n\t\t\t\t\t\t\t\t\t\t\t\t\t\t\t<span class=\"elementor-button-icon\">\n\t\t\t\t\t\t\t\t\t<svg xmlns=\"http:\/\/www.w3.org\/2000\/svg\" id=\"a258ec14-a55e-49f3-8b4f-17327bafb92b\" data-name=\"Layer 1\" width=\"21\" height=\"12\" viewBox=\"0 0 21 12\"><path d=\"M21.3427,6.1044,15.61.6978A.6185.6185,0,0,0,15.191.5a.5089.5089,0,0,0-.42.1978.5762.5762,0,0,0,0,.7912l4.6838,4.4835H1.07a.5162.5162,0,0,0-.5592.5934.5247.5247,0,0,0,.6292.5275H19.4553l-4.7536,4.4835a.576.576,0,0,0,0,.7912,1.034,1.034,0,0,0,.4194.1319.43.43,0,0,0,.4194-.1978l5.8022-5.4066A.5762.5762,0,0,0,21.3427,6.1044Z\" transform=\"translate(-0.5 -0.5)\"><\/path><\/svg>\t\t\t\t\t\t\t\t\t\t\t\t\t\t\t\t\t<\/span>\n\t\t\t\t\t\t\t\t\t\t\t\t\t\t\t\t\t\t\t\t\t\t<span class=\"elementor-button-text\">Envoyer<\/span>\n\t\t\t\t\t\t\t\t\t\t\t\t\t<\/span>\n\t\t\t\t\t<\/button>\n\t\t\t\t<\/div>\n\t\t\t<\/div>\n\t\t<\/form>\n\t\t\t\t\t\t<\/div>\n\t\t\t\t<\/div>\n\t\t\t\t<\/div>\n\t\t\t\t<\/div>\n\t\t\t\t<\/div>\n\t\t","protected":false},"excerpt":{"rendered":"<p>Service complet pour les parcours de golf Indoor Notre \u00e9quipe d&rsquo;assistance est l\u00e0 pour vous aider dans tous vos besoins, depuis la consultation initiale jusqu&rsquo;\u00e0 l&rsquo;installation, l&rsquo;entretien ou les r\u00e9parations. Nous veillons \u00e0 ce que votre syst\u00e8me de golf en salle fonctionne toujours de mani\u00e8re optimale et nous vous proposons des solutions flexibles pour chaque [&hellip;]<\/p>\n","protected":false},"author":1,"featured_media":0,"parent":0,"menu_order":0,"comment_status":"closed","ping_status":"closed","template":"elementor_header_footer","meta":{"footnotes":""},"class_list":["post-4704","page","type-page","status-publish","hentry"],"yoast_head":"<!-- This site is optimized with the Yoast SEO plugin v27.3 - https:\/\/yoast.com\/product\/yoast-seo-wordpress\/ -->\n<title>Assistance technique pour votre simulateur de golf - NEW GOLF<\/title>\n<meta name=\"description\" content=\"M\u00eame apr\u00e8s la mise en service, nous restons \u00e0 votre disposition notre \u00e9quipe d&#039;assistance est \u00e0 vos c\u00f4t\u00e9s pour r\u00e9pondre \u00e0 vos questions aide rapide solutions rapides\" \/>\n<meta name=\"robots\" content=\"index, follow, max-snippet:-1, max-image-preview:large, max-video-preview:-1\" \/>\n<link rel=\"canonical\" href=\"https:\/\/newgolf.eu\/fr\/assistance\/\" \/>\n<meta property=\"og:locale\" content=\"fr_FR\" \/>\n<meta property=\"og:type\" content=\"article\" \/>\n<meta property=\"og:title\" content=\"Assistance technique pour votre simulateur de golf - NEW GOLF\" \/>\n<meta property=\"og:description\" content=\"M\u00eame apr\u00e8s la mise en service, nous restons \u00e0 votre disposition notre \u00e9quipe d&#039;assistance est \u00e0 vos c\u00f4t\u00e9s pour r\u00e9pondre \u00e0 vos questions aide rapide solutions rapides\" \/>\n<meta property=\"og:url\" content=\"https:\/\/newgolf.eu\/fr\/assistance\/\" \/>\n<meta property=\"og:site_name\" content=\"newgolf.eu\" \/>\n<meta property=\"article:modified_time\" content=\"2025-07-14T07:25:43+00:00\" \/>\n<meta name=\"twitter:card\" content=\"summary_large_image\" \/>\n<meta name=\"twitter:label1\" content=\"Dur\u00e9e de lecture estim\u00e9e\" \/>\n\t<meta name=\"twitter:data1\" content=\"2 minutes\" \/>\n<script type=\"application\/ld+json\" class=\"yoast-schema-graph\">{\"@context\":\"https:\\\/\\\/schema.org\",\"@graph\":[{\"@type\":\"WebPage\",\"@id\":\"https:\\\/\\\/newgolf.eu\\\/fr\\\/assistance\\\/\",\"url\":\"https:\\\/\\\/newgolf.eu\\\/fr\\\/assistance\\\/\",\"name\":\"Assistance technique pour votre simulateur de golf - NEW GOLF\",\"isPartOf\":{\"@id\":\"https:\\\/\\\/newgolf.eu\\\/#website\"},\"primaryImageOfPage\":{\"@id\":\"https:\\\/\\\/newgolf.eu\\\/fr\\\/assistance\\\/#primaryimage\"},\"image\":{\"@id\":\"https:\\\/\\\/newgolf.eu\\\/fr\\\/assistance\\\/#primaryimage\"},\"thumbnailUrl\":\"https:\\\/\\\/newgolf.eu\\\/wp-content\\\/uploads\\\/2024\\\/09\\\/Online_Support-1.svg\",\"datePublished\":\"2024-10-24T07:46:38+00:00\",\"dateModified\":\"2025-07-14T07:25:43+00:00\",\"description\":\"M\u00eame apr\u00e8s la mise en service, nous restons \u00e0 votre disposition notre \u00e9quipe d'assistance est \u00e0 vos c\u00f4t\u00e9s pour r\u00e9pondre \u00e0 vos questions aide rapide solutions rapides\",\"breadcrumb\":{\"@id\":\"https:\\\/\\\/newgolf.eu\\\/fr\\\/assistance\\\/#breadcrumb\"},\"inLanguage\":\"fr-FR\",\"potentialAction\":[{\"@type\":\"ReadAction\",\"target\":[\"https:\\\/\\\/newgolf.eu\\\/fr\\\/assistance\\\/\"]}]},{\"@type\":\"ImageObject\",\"inLanguage\":\"fr-FR\",\"@id\":\"https:\\\/\\\/newgolf.eu\\\/fr\\\/assistance\\\/#primaryimage\",\"url\":\"https:\\\/\\\/newgolf.eu\\\/wp-content\\\/uploads\\\/2024\\\/09\\\/Online_Support-1.svg\",\"contentUrl\":\"https:\\\/\\\/newgolf.eu\\\/wp-content\\\/uploads\\\/2024\\\/09\\\/Online_Support-1.svg\"},{\"@type\":\"BreadcrumbList\",\"@id\":\"https:\\\/\\\/newgolf.eu\\\/fr\\\/assistance\\\/#breadcrumb\",\"itemListElement\":[{\"@type\":\"ListItem\",\"position\":1,\"name\":\"Startseite\",\"item\":\"https:\\\/\\\/newgolf.eu\\\/fr\\\/home\\\/\"},{\"@type\":\"ListItem\",\"position\":2,\"name\":\"Assistance\"}]},{\"@type\":\"WebSite\",\"@id\":\"https:\\\/\\\/newgolf.eu\\\/#website\",\"url\":\"https:\\\/\\\/newgolf.eu\\\/\",\"name\":\"newgolf.eu\",\"description\":\"Home of Golf\",\"publisher\":{\"@id\":\"https:\\\/\\\/newgolf.eu\\\/#organization\"},\"potentialAction\":[{\"@type\":\"SearchAction\",\"target\":{\"@type\":\"EntryPoint\",\"urlTemplate\":\"https:\\\/\\\/newgolf.eu\\\/?s={search_term_string}\"},\"query-input\":{\"@type\":\"PropertyValueSpecification\",\"valueRequired\":true,\"valueName\":\"search_term_string\"}}],\"inLanguage\":\"fr-FR\"},{\"@type\":\"Organization\",\"@id\":\"https:\\\/\\\/newgolf.eu\\\/#organization\",\"name\":\"NEW GOLF GmbH\",\"url\":\"https:\\\/\\\/newgolf.eu\\\/\",\"logo\":{\"@type\":\"ImageObject\",\"inLanguage\":\"fr-FR\",\"@id\":\"https:\\\/\\\/newgolf.eu\\\/#\\\/schema\\\/logo\\\/image\\\/\",\"url\":\"https:\\\/\\\/newgolf.eu\\\/wp-content\\\/uploads\\\/2024\\\/09\\\/new-golf-logo-komplett.svg\",\"contentUrl\":\"https:\\\/\\\/newgolf.eu\\\/wp-content\\\/uploads\\\/2024\\\/09\\\/new-golf-logo-komplett.svg\",\"width\":231,\"height\":186,\"caption\":\"NEW GOLF GmbH\"},\"image\":{\"@id\":\"https:\\\/\\\/newgolf.eu\\\/#\\\/schema\\\/logo\\\/image\\\/\"}}]}<\/script>\n<!-- \/ Yoast SEO plugin. -->","yoast_head_json":{"title":"Assistance technique pour votre simulateur de golf - NEW GOLF","description":"M\u00eame apr\u00e8s la mise en service, nous restons \u00e0 votre disposition notre \u00e9quipe d'assistance est \u00e0 vos c\u00f4t\u00e9s pour r\u00e9pondre \u00e0 vos questions aide rapide solutions rapides","robots":{"index":"index","follow":"follow","max-snippet":"max-snippet:-1","max-image-preview":"max-image-preview:large","max-video-preview":"max-video-preview:-1"},"canonical":"https:\/\/newgolf.eu\/fr\/assistance\/","og_locale":"fr_FR","og_type":"article","og_title":"Assistance technique pour votre simulateur de golf - NEW GOLF","og_description":"M\u00eame apr\u00e8s la mise en service, nous restons \u00e0 votre disposition notre \u00e9quipe d'assistance est \u00e0 vos c\u00f4t\u00e9s pour r\u00e9pondre \u00e0 vos questions aide rapide solutions rapides","og_url":"https:\/\/newgolf.eu\/fr\/assistance\/","og_site_name":"newgolf.eu","article_modified_time":"2025-07-14T07:25:43+00:00","twitter_card":"summary_large_image","twitter_misc":{"Dur\u00e9e de lecture estim\u00e9e":"2 minutes"},"schema":{"@context":"https:\/\/schema.org","@graph":[{"@type":"WebPage","@id":"https:\/\/newgolf.eu\/fr\/assistance\/","url":"https:\/\/newgolf.eu\/fr\/assistance\/","name":"Assistance technique pour votre simulateur de golf - NEW GOLF","isPartOf":{"@id":"https:\/\/newgolf.eu\/#website"},"primaryImageOfPage":{"@id":"https:\/\/newgolf.eu\/fr\/assistance\/#primaryimage"},"image":{"@id":"https:\/\/newgolf.eu\/fr\/assistance\/#primaryimage"},"thumbnailUrl":"https:\/\/newgolf.eu\/wp-content\/uploads\/2024\/09\/Online_Support-1.svg","datePublished":"2024-10-24T07:46:38+00:00","dateModified":"2025-07-14T07:25:43+00:00","description":"M\u00eame apr\u00e8s la mise en service, nous restons \u00e0 votre disposition notre \u00e9quipe d'assistance est \u00e0 vos c\u00f4t\u00e9s pour r\u00e9pondre \u00e0 vos questions aide rapide solutions rapides","breadcrumb":{"@id":"https:\/\/newgolf.eu\/fr\/assistance\/#breadcrumb"},"inLanguage":"fr-FR","potentialAction":[{"@type":"ReadAction","target":["https:\/\/newgolf.eu\/fr\/assistance\/"]}]},{"@type":"ImageObject","inLanguage":"fr-FR","@id":"https:\/\/newgolf.eu\/fr\/assistance\/#primaryimage","url":"https:\/\/newgolf.eu\/wp-content\/uploads\/2024\/09\/Online_Support-1.svg","contentUrl":"https:\/\/newgolf.eu\/wp-content\/uploads\/2024\/09\/Online_Support-1.svg"},{"@type":"BreadcrumbList","@id":"https:\/\/newgolf.eu\/fr\/assistance\/#breadcrumb","itemListElement":[{"@type":"ListItem","position":1,"name":"Startseite","item":"https:\/\/newgolf.eu\/fr\/home\/"},{"@type":"ListItem","position":2,"name":"Assistance"}]},{"@type":"WebSite","@id":"https:\/\/newgolf.eu\/#website","url":"https:\/\/newgolf.eu\/","name":"newgolf.eu","description":"Home of Golf","publisher":{"@id":"https:\/\/newgolf.eu\/#organization"},"potentialAction":[{"@type":"SearchAction","target":{"@type":"EntryPoint","urlTemplate":"https:\/\/newgolf.eu\/?s={search_term_string}"},"query-input":{"@type":"PropertyValueSpecification","valueRequired":true,"valueName":"search_term_string"}}],"inLanguage":"fr-FR"},{"@type":"Organization","@id":"https:\/\/newgolf.eu\/#organization","name":"NEW GOLF GmbH","url":"https:\/\/newgolf.eu\/","logo":{"@type":"ImageObject","inLanguage":"fr-FR","@id":"https:\/\/newgolf.eu\/#\/schema\/logo\/image\/","url":"https:\/\/newgolf.eu\/wp-content\/uploads\/2024\/09\/new-golf-logo-komplett.svg","contentUrl":"https:\/\/newgolf.eu\/wp-content\/uploads\/2024\/09\/new-golf-logo-komplett.svg","width":231,"height":186,"caption":"NEW GOLF GmbH"},"image":{"@id":"https:\/\/newgolf.eu\/#\/schema\/logo\/image\/"}}]}},"_links":{"self":[{"href":"https:\/\/newgolf.eu\/fr\/wp-json\/wp\/v2\/pages\/4704","targetHints":{"allow":["GET"]}}],"collection":[{"href":"https:\/\/newgolf.eu\/fr\/wp-json\/wp\/v2\/pages"}],"about":[{"href":"https:\/\/newgolf.eu\/fr\/wp-json\/wp\/v2\/types\/page"}],"author":[{"embeddable":true,"href":"https:\/\/newgolf.eu\/fr\/wp-json\/wp\/v2\/users\/1"}],"replies":[{"embeddable":true,"href":"https:\/\/newgolf.eu\/fr\/wp-json\/wp\/v2\/comments?post=4704"}],"version-history":[{"count":2,"href":"https:\/\/newgolf.eu\/fr\/wp-json\/wp\/v2\/pages\/4704\/revisions"}],"predecessor-version":[{"id":4706,"href":"https:\/\/newgolf.eu\/fr\/wp-json\/wp\/v2\/pages\/4704\/revisions\/4706"}],"wp:attachment":[{"href":"https:\/\/newgolf.eu\/fr\/wp-json\/wp\/v2\/media?parent=4704"}],"curies":[{"name":"wp","href":"https:\/\/api.w.org\/{rel}","templated":true}]}}