{"id":4498,"date":"2024-09-09T13:27:32","date_gmt":"2024-09-09T13:27:32","guid":{"rendered":"https:\/\/newgolf.eu\/a-propos-de-nous\/"},"modified":"2025-07-09T09:56:11","modified_gmt":"2025-07-09T09:56:11","slug":"a-propos-de-nous","status":"publish","type":"page","link":"https:\/\/newgolf.eu\/fr\/a-propos-de-nous\/","title":{"rendered":"\u00c0 propos de nous"},"content":{"rendered":"\t\t<div data-elementor-type=\"wp-page\" data-elementor-id=\"4498\" class=\"elementor elementor-4498 elementor-45\" data-elementor-post-type=\"page\">\n\t\t\t\t<div class=\"elementor-element elementor-element-6e74d952 e-con-full e-flex e-con e-parent\" data-id=\"6e74d952\" data-element_type=\"container\" data-e-type=\"container\" data-settings=\"{&quot;background_background&quot;:&quot;classic&quot;}\">\n\t\t\t\t<div class=\"elementor-element elementor-element-1b6cab72 animated-slow elementor-invisible elementor-widget elementor-widget-heading\" data-id=\"1b6cab72\" data-element_type=\"widget\" data-e-type=\"widget\" data-settings=\"{&quot;_animation&quot;:&quot;fadeInLeft&quot;,&quot;_animation_delay&quot;:&quot;0.8&quot;}\" data-widget_type=\"heading.default\">\n\t\t\t\t<div class=\"elementor-widget-container\">\n\t\t\t\t\t<h2 class=\"elementor-heading-title elementor-size-default\">NOTRE MISSION<\/h2>\t\t\t\t<\/div>\n\t\t\t\t<\/div>\n\t\t<div class=\"elementor-element elementor-element-20643af e-con-full e-flex e-con e-child\" data-id=\"20643af\" data-element_type=\"container\" data-e-type=\"container\">\n\t\t\t\t<div class=\"elementor-element elementor-element-c2a9920 elementor-widget elementor-widget-text-editor\" data-id=\"c2a9920\" data-element_type=\"widget\" data-e-type=\"widget\" data-widget_type=\"text-editor.default\">\n\t\t\t\t<div class=\"elementor-widget-container\">\n\t\t\t\t\t\t\t\t\t<p style=\"font-weight: 400;\">Notre objectif est d&rsquo;inspirer et de passionner les gens pour la pratique du golf et le golf en salle, qu&rsquo;il s&rsquo;agisse de golfeurs exp\u00e9riment\u00e9s cherchant \u00e0 faire passer leur jeu au niveau sup\u00e9rieur, de d\u00e9butants profitant de leurs premiers succ\u00e8s ou de nouveaux venus d\u00e9couvrant la fascination de ce sport pour la premi\u00e8re fois.<\/p><p style=\"font-weight: 400;\">Nous souhaitons partager le plaisir du golf partout et le rendre accessible \u00e0 tous, \u00e0 tout moment et en tout lieu. NEW GOLF incarne l&rsquo;exp\u00e9rience golfique du futur : jouer sur des parcours de premier ordre, \u00e0 tout moment et en tout lieu. Entra\u00eenement et plaisir flexibles, quels que soient l&rsquo;heure, la m\u00e9t\u00e9o et la saison. Que ce soit \u00e0 la maison, dans les h\u00f4tels, les restaurants, les clubs de golf, les salles de spectacle ou les centres sportifs, nos solutions offrent un pur plaisir de golf aux golfeurs comme aux non-golfeurs.   <\/p><p style=\"font-weight: 400;\">Avec nos solutions innovantes et compl\u00e8tes de golf en salle, nous visons \u00e0 red\u00e9finir le golf comme une exp\u00e9rience de jeu<span style=\"color: #ffffff;\"><a style=\"color: #ffffff;\" href=\"https:\/\/newgolf.eu\/fr\/software\/\"> <u>ultra-r\u00e9aliste<\/u><\/a><\/span> qui offre du sport, de l&rsquo;excitation, du plaisir et des visuels captivants.<\/p>\t\t\t\t\t\t\t\t<\/div>\n\t\t\t\t<\/div>\n\t\t\t\t<\/div>\n\t\t\t\t<\/div>\n\t\t<div class=\"elementor-element elementor-element-6a1e9294 e-con-full e-flex e-con e-parent\" data-id=\"6a1e9294\" data-element_type=\"container\" data-e-type=\"container\">\n\t\t<div class=\"elementor-element elementor-element-4bac4155 e-con-full e-flex e-con e-child\" data-id=\"4bac4155\" data-element_type=\"container\" data-e-type=\"container\" data-settings=\"{&quot;background_background&quot;:&quot;classic&quot;}\">\n\t\t\t\t<\/div>\n\t\t<div class=\"elementor-element elementor-element-16c2354c e-con-full e-flex e-con e-child\" data-id=\"16c2354c\" data-element_type=\"container\" data-e-type=\"container\" data-settings=\"{&quot;background_background&quot;:&quot;classic&quot;,&quot;motion_fx_motion_fx_scrolling&quot;:&quot;yes&quot;,&quot;motion_fx_translateY_effect&quot;:&quot;yes&quot;,&quot;motion_fx_translateY_direction&quot;:&quot;negative&quot;,&quot;motion_fx_translateY_affectedRange&quot;:{&quot;unit&quot;:&quot;%&quot;,&quot;size&quot;:&quot;&quot;,&quot;sizes&quot;:{&quot;start&quot;:&quot;50&quot;,&quot;end&quot;:&quot;75&quot;}},&quot;motion_fx_translateY_speed&quot;:{&quot;unit&quot;:&quot;px&quot;,&quot;size&quot;:4,&quot;sizes&quot;:[]},&quot;motion_fx_devices&quot;:[&quot;desktop&quot;,&quot;tablet&quot;,&quot;mobile&quot;]}\">\n\t\t<div class=\"elementor-element elementor-element-6a1fb1e3 e-con-full e-flex e-con e-child\" data-id=\"6a1fb1e3\" data-element_type=\"container\" data-e-type=\"container\">\n\t\t<div class=\"elementor-element elementor-element-313dc269 e-con-full e-flex e-con e-child\" data-id=\"313dc269\" data-element_type=\"container\" data-e-type=\"container\">\n\t\t\t\t<div class=\"elementor-element elementor-element-522c9b61 elementor-widget elementor-widget-heading\" data-id=\"522c9b61\" data-element_type=\"widget\" data-e-type=\"widget\" data-widget_type=\"heading.default\">\n\t\t\t\t<div class=\"elementor-widget-container\">\n\t\t\t\t\t<h2 class=\"elementor-heading-title elementor-size-default\">NOTRE HISTOIRE<\/h2>\t\t\t\t<\/div>\n\t\t\t\t<\/div>\n\t\t\t\t<div class=\"elementor-element elementor-element-7723c73e elementor-widget elementor-widget-text-editor\" data-id=\"7723c73e\" data-element_type=\"widget\" data-e-type=\"widget\" data-widget_type=\"text-editor.default\">\n\t\t\t\t<div class=\"elementor-widget-container\">\n\t\t\t\t\t\t\t\t\t<p style=\"font-weight: 400;\">NEW GOLF a \u00e9t\u00e9 fond\u00e9e \u00e0 Salzbourg par des entrepreneurs souhaitant allier leur passion pour le golf et le golf en salle \u00e0 leur enthousiasme pour les technologies de pointe, le design et les mat\u00e9riaux de haute qualit\u00e9.<\/p>\nComme il n&rsquo;existait aucune solution v\u00e9ritablement satisfaisante r\u00e9pondant \u00e0 nos exigences \u00e9lev\u00e9es en mati\u00e8re de design, de technologie et de fonctionnalit\u00e9, nous avons d\u00e9velopp\u00e9 nous-m\u00eames une solution compl\u00e8te et personnalisable. <br><br>Notre vision : combiner des composants complexes en une solution holistique et homog\u00e8ne, refl\u00e9tant harmonieusement design, technologie et savoir-faire.\t\t\t\t\t\t\t\t<\/div>\n\t\t\t\t<\/div>\n\t\t\t\t<\/div>\n\t\t\t\t<\/div>\n\t\t\t\t<\/div>\n\t\t\t\t<\/div>\n\t\t<div class=\"elementor-element elementor-element-be50444 e-con-full e-flex e-con e-parent\" data-id=\"be50444\" data-element_type=\"container\" data-e-type=\"container\">\n\t\t\t\t<div class=\"elementor-element elementor-element-3e696d1 elementor-widget elementor-widget-html\" data-id=\"3e696d1\" data-element_type=\"widget\" data-e-type=\"widget\" data-widget_type=\"html.default\">\n\t\t\t\t<div class=\"elementor-widget-container\">\n\t\t\t\t\t<script>function Marquee(selector, speed) {\n  const parent = document.querySelector(selector);\n  const clone = parent.innerHTML;\n  let i = 0;\n  parent.innerHTML += clone;\n\n  setInterval(() => {\n    i += speed;\n    if (i >= parent.children[0].clientWidth) i = 0;\n    parent.children[0].style.marginLeft = `-${i}px`;\n  }, 0);\n}\n\nwindow.addEventListener('load', () => Marquee('.marquee', .5));\n<\/script>\t\t\t\t<\/div>\n\t\t\t\t<\/div>\n\t\t\t\t<div class=\"elementor-element elementor-element-10d7661c marquee elementor-widget elementor-widget-heading\" data-id=\"10d7661c\" data-element_type=\"widget\" data-e-type=\"widget\" data-widget_type=\"heading.default\">\n\t\t\t\t<div class=\"elementor-widget-container\">\n\t\t\t\t\t<h2 class=\"elementor-heading-title elementor-size-default\">NEW GOLF. Anytime. Anywhere.  &nbsp; NEW GOLF. Anytime. Anywhere. <\/h2>\t\t\t\t<\/div>\n\t\t\t\t<\/div>\n\t\t\t\t<\/div>\n\t\t\t\t<\/div>\n\t\t","protected":false},"excerpt":{"rendered":"<p>NOTRE MISSION Notre objectif est d&rsquo;inspirer et de passionner les gens pour la pratique du golf et le golf en salle, qu&rsquo;il s&rsquo;agisse de golfeurs exp\u00e9riment\u00e9s cherchant \u00e0 faire passer leur jeu au niveau sup\u00e9rieur, de d\u00e9butants profitant de leurs premiers succ\u00e8s ou de nouveaux venus d\u00e9couvrant la fascination de ce sport pour la premi\u00e8re [&hellip;]<\/p>\n","protected":false},"author":1,"featured_media":0,"parent":0,"menu_order":0,"comment_status":"closed","ping_status":"closed","template":"elementor_header_footer","meta":{"footnotes":""},"class_list":["post-4498","page","type-page","status-publish","hentry"],"yoast_head":"<!-- This site is optimized with the Yoast SEO plugin v27.3 - https:\/\/yoast.com\/product\/yoast-seo-wordpress\/ -->\n<title>Indoor-Golf de Salzbourg - La passion du golf - NEW GOLF<\/title>\n<meta name=\"description\" content=\"Indoor-Golf de Salzbourg \u2605 Notre mission : enthousiasmer les gens pour le golf \u2605 Rendre le golf accessible \u00e0 tous \u2605 Le golf \u00e0 tout moment et en tout lieu\" \/>\n<meta name=\"robots\" content=\"index, follow, max-snippet:-1, max-image-preview:large, max-video-preview:-1\" \/>\n<link rel=\"canonical\" href=\"https:\/\/newgolf.eu\/fr\/a-propos-de-nous\/\" \/>\n<meta property=\"og:locale\" content=\"fr_FR\" \/>\n<meta property=\"og:type\" content=\"article\" \/>\n<meta property=\"og:title\" content=\"Indoor-Golf de Salzbourg - La passion du golf - NEW GOLF\" \/>\n<meta property=\"og:description\" content=\"Indoor-Golf de Salzbourg \u2605 Notre mission : enthousiasmer les gens pour le golf \u2605 Rendre le golf accessible \u00e0 tous \u2605 Le golf \u00e0 tout moment et en tout lieu\" \/>\n<meta property=\"og:url\" content=\"https:\/\/newgolf.eu\/fr\/a-propos-de-nous\/\" \/>\n<meta property=\"og:site_name\" content=\"newgolf.eu\" \/>\n<meta property=\"article:modified_time\" content=\"2025-07-09T09:56:11+00:00\" \/>\n<meta name=\"twitter:card\" content=\"summary_large_image\" \/>\n<meta name=\"twitter:label1\" content=\"Dur\u00e9e de lecture estim\u00e9e\" \/>\n\t<meta name=\"twitter:data1\" content=\"1 minute\" \/>\n<script type=\"application\/ld+json\" class=\"yoast-schema-graph\">{\"@context\":\"https:\\\/\\\/schema.org\",\"@graph\":[{\"@type\":\"WebPage\",\"@id\":\"https:\\\/\\\/newgolf.eu\\\/fr\\\/a-propos-de-nous\\\/\",\"url\":\"https:\\\/\\\/newgolf.eu\\\/fr\\\/a-propos-de-nous\\\/\",\"name\":\"Indoor-Golf de Salzbourg - La passion du golf - NEW GOLF\",\"isPartOf\":{\"@id\":\"https:\\\/\\\/newgolf.eu\\\/#website\"},\"datePublished\":\"2024-09-09T13:27:32+00:00\",\"dateModified\":\"2025-07-09T09:56:11+00:00\",\"description\":\"Indoor-Golf de Salzbourg \u2605 Notre mission : enthousiasmer les gens pour le golf \u2605 Rendre le golf accessible \u00e0 tous \u2605 Le golf \u00e0 tout moment et en tout lieu\",\"breadcrumb\":{\"@id\":\"https:\\\/\\\/newgolf.eu\\\/fr\\\/a-propos-de-nous\\\/#breadcrumb\"},\"inLanguage\":\"fr-FR\",\"potentialAction\":[{\"@type\":\"ReadAction\",\"target\":[\"https:\\\/\\\/newgolf.eu\\\/fr\\\/a-propos-de-nous\\\/\"]}]},{\"@type\":\"BreadcrumbList\",\"@id\":\"https:\\\/\\\/newgolf.eu\\\/fr\\\/a-propos-de-nous\\\/#breadcrumb\",\"itemListElement\":[{\"@type\":\"ListItem\",\"position\":1,\"name\":\"Startseite\",\"item\":\"https:\\\/\\\/newgolf.eu\\\/fr\\\/home\\\/\"},{\"@type\":\"ListItem\",\"position\":2,\"name\":\"\u00c0 propos de nous\"}]},{\"@type\":\"WebSite\",\"@id\":\"https:\\\/\\\/newgolf.eu\\\/#website\",\"url\":\"https:\\\/\\\/newgolf.eu\\\/\",\"name\":\"newgolf.eu\",\"description\":\"Home of Golf\",\"publisher\":{\"@id\":\"https:\\\/\\\/newgolf.eu\\\/#organization\"},\"potentialAction\":[{\"@type\":\"SearchAction\",\"target\":{\"@type\":\"EntryPoint\",\"urlTemplate\":\"https:\\\/\\\/newgolf.eu\\\/?s={search_term_string}\"},\"query-input\":{\"@type\":\"PropertyValueSpecification\",\"valueRequired\":true,\"valueName\":\"search_term_string\"}}],\"inLanguage\":\"fr-FR\"},{\"@type\":\"Organization\",\"@id\":\"https:\\\/\\\/newgolf.eu\\\/#organization\",\"name\":\"NEW GOLF GmbH\",\"url\":\"https:\\\/\\\/newgolf.eu\\\/\",\"logo\":{\"@type\":\"ImageObject\",\"inLanguage\":\"fr-FR\",\"@id\":\"https:\\\/\\\/newgolf.eu\\\/#\\\/schema\\\/logo\\\/image\\\/\",\"url\":\"https:\\\/\\\/newgolf.eu\\\/wp-content\\\/uploads\\\/2024\\\/09\\\/new-golf-logo-komplett.svg\",\"contentUrl\":\"https:\\\/\\\/newgolf.eu\\\/wp-content\\\/uploads\\\/2024\\\/09\\\/new-golf-logo-komplett.svg\",\"width\":231,\"height\":186,\"caption\":\"NEW GOLF GmbH\"},\"image\":{\"@id\":\"https:\\\/\\\/newgolf.eu\\\/#\\\/schema\\\/logo\\\/image\\\/\"}}]}<\/script>\n<!-- \/ Yoast SEO plugin. -->","yoast_head_json":{"title":"Indoor-Golf de Salzbourg - La passion du golf - NEW GOLF","description":"Indoor-Golf de Salzbourg \u2605 Notre mission : enthousiasmer les gens pour le golf \u2605 Rendre le golf accessible \u00e0 tous \u2605 Le golf \u00e0 tout moment et en tout lieu","robots":{"index":"index","follow":"follow","max-snippet":"max-snippet:-1","max-image-preview":"max-image-preview:large","max-video-preview":"max-video-preview:-1"},"canonical":"https:\/\/newgolf.eu\/fr\/a-propos-de-nous\/","og_locale":"fr_FR","og_type":"article","og_title":"Indoor-Golf de Salzbourg - La passion du golf - NEW GOLF","og_description":"Indoor-Golf de Salzbourg \u2605 Notre mission : enthousiasmer les gens pour le golf \u2605 Rendre le golf accessible \u00e0 tous \u2605 Le golf \u00e0 tout moment et en tout lieu","og_url":"https:\/\/newgolf.eu\/fr\/a-propos-de-nous\/","og_site_name":"newgolf.eu","article_modified_time":"2025-07-09T09:56:11+00:00","twitter_card":"summary_large_image","twitter_misc":{"Dur\u00e9e de lecture estim\u00e9e":"1 minute"},"schema":{"@context":"https:\/\/schema.org","@graph":[{"@type":"WebPage","@id":"https:\/\/newgolf.eu\/fr\/a-propos-de-nous\/","url":"https:\/\/newgolf.eu\/fr\/a-propos-de-nous\/","name":"Indoor-Golf de Salzbourg - La passion du golf - NEW GOLF","isPartOf":{"@id":"https:\/\/newgolf.eu\/#website"},"datePublished":"2024-09-09T13:27:32+00:00","dateModified":"2025-07-09T09:56:11+00:00","description":"Indoor-Golf de Salzbourg \u2605 Notre mission : enthousiasmer les gens pour le golf \u2605 Rendre le golf accessible \u00e0 tous \u2605 Le golf \u00e0 tout moment et en tout lieu","breadcrumb":{"@id":"https:\/\/newgolf.eu\/fr\/a-propos-de-nous\/#breadcrumb"},"inLanguage":"fr-FR","potentialAction":[{"@type":"ReadAction","target":["https:\/\/newgolf.eu\/fr\/a-propos-de-nous\/"]}]},{"@type":"BreadcrumbList","@id":"https:\/\/newgolf.eu\/fr\/a-propos-de-nous\/#breadcrumb","itemListElement":[{"@type":"ListItem","position":1,"name":"Startseite","item":"https:\/\/newgolf.eu\/fr\/home\/"},{"@type":"ListItem","position":2,"name":"\u00c0 propos de nous"}]},{"@type":"WebSite","@id":"https:\/\/newgolf.eu\/#website","url":"https:\/\/newgolf.eu\/","name":"newgolf.eu","description":"Home of Golf","publisher":{"@id":"https:\/\/newgolf.eu\/#organization"},"potentialAction":[{"@type":"SearchAction","target":{"@type":"EntryPoint","urlTemplate":"https:\/\/newgolf.eu\/?s={search_term_string}"},"query-input":{"@type":"PropertyValueSpecification","valueRequired":true,"valueName":"search_term_string"}}],"inLanguage":"fr-FR"},{"@type":"Organization","@id":"https:\/\/newgolf.eu\/#organization","name":"NEW GOLF GmbH","url":"https:\/\/newgolf.eu\/","logo":{"@type":"ImageObject","inLanguage":"fr-FR","@id":"https:\/\/newgolf.eu\/#\/schema\/logo\/image\/","url":"https:\/\/newgolf.eu\/wp-content\/uploads\/2024\/09\/new-golf-logo-komplett.svg","contentUrl":"https:\/\/newgolf.eu\/wp-content\/uploads\/2024\/09\/new-golf-logo-komplett.svg","width":231,"height":186,"caption":"NEW GOLF GmbH"},"image":{"@id":"https:\/\/newgolf.eu\/#\/schema\/logo\/image\/"}}]}},"_links":{"self":[{"href":"https:\/\/newgolf.eu\/fr\/wp-json\/wp\/v2\/pages\/4498","targetHints":{"allow":["GET"]}}],"collection":[{"href":"https:\/\/newgolf.eu\/fr\/wp-json\/wp\/v2\/pages"}],"about":[{"href":"https:\/\/newgolf.eu\/fr\/wp-json\/wp\/v2\/types\/page"}],"author":[{"embeddable":true,"href":"https:\/\/newgolf.eu\/fr\/wp-json\/wp\/v2\/users\/1"}],"replies":[{"embeddable":true,"href":"https:\/\/newgolf.eu\/fr\/wp-json\/wp\/v2\/comments?post=4498"}],"version-history":[{"count":2,"href":"https:\/\/newgolf.eu\/fr\/wp-json\/wp\/v2\/pages\/4498\/revisions"}],"predecessor-version":[{"id":4677,"href":"https:\/\/newgolf.eu\/fr\/wp-json\/wp\/v2\/pages\/4498\/revisions\/4677"}],"wp:attachment":[{"href":"https:\/\/newgolf.eu\/fr\/wp-json\/wp\/v2\/media?parent=4498"}],"curies":[{"name":"wp","href":"https:\/\/api.w.org\/{rel}","templated":true}]}}