{"id":4494,"date":"2024-10-23T10:44:22","date_gmt":"2024-10-23T10:44:22","guid":{"rendered":"https:\/\/newgolf.eu\/showroom\/"},"modified":"2026-01-21T12:44:05","modified_gmt":"2026-01-21T12:44:05","slug":"showroom","status":"publish","type":"page","link":"https:\/\/newgolf.eu\/fr\/showroom\/","title":{"rendered":"Showroom"},"content":{"rendered":"\t\t<div data-elementor-type=\"wp-page\" data-elementor-id=\"4494\" class=\"elementor elementor-4494 elementor-551\" data-elementor-post-type=\"page\">\n\t\t\t\t<div class=\"elementor-element elementor-element-3a3fd5c e-con-full e-flex e-con e-parent\" data-id=\"3a3fd5c\" data-element_type=\"container\" data-e-type=\"container\">\n\t\t<div class=\"elementor-element elementor-element-728dad9 e-con-full e-flex e-con e-child\" data-id=\"728dad9\" data-element_type=\"container\" data-e-type=\"container\">\n\t\t<div class=\"elementor-element elementor-element-968479d e-con-full e-flex e-con e-child\" data-id=\"968479d\" data-element_type=\"container\" data-e-type=\"container\" data-settings=\"{&quot;background_background&quot;:&quot;slideshow&quot;,&quot;background_slideshow_gallery&quot;:[{&quot;id&quot;:4184,&quot;url&quot;:&quot;https:\\\/\\\/newgolf.eu\\\/wp-content\\\/uploads\\\/2024\\\/11\\\/newgolf-showroom-gusswerk.jpg&quot;},{&quot;id&quot;:4190,&quot;url&quot;:&quot;https:\\\/\\\/newgolf.eu\\\/wp-content\\\/uploads\\\/2024\\\/11\\\/newgolf-showroom-gusswerk-1.jpg&quot;},{&quot;id&quot;:4187,&quot;url&quot;:&quot;https:\\\/\\\/newgolf.eu\\\/wp-content\\\/uploads\\\/2024\\\/11\\\/newgolf-showroom-gusswerk2.jpg&quot;}],&quot;background_slideshow_transition_duration&quot;:&quot;5000&quot;,&quot;background_slideshow_ken_burns&quot;:&quot;yes&quot;,&quot;background_slideshow_loop&quot;:&quot;yes&quot;,&quot;background_slideshow_slide_duration&quot;:5000,&quot;background_slideshow_slide_transition&quot;:&quot;fade&quot;,&quot;background_slideshow_ken_burns_zoom_direction&quot;:&quot;in&quot;}\">\n\t\t\t\t<\/div>\n\t\t<div class=\"elementor-element elementor-element-e7a73f0 e-con-full e-flex e-con e-child\" data-id=\"e7a73f0\" data-element_type=\"container\" data-e-type=\"container\" data-settings=\"{&quot;background_background&quot;:&quot;classic&quot;,&quot;motion_fx_motion_fx_scrolling&quot;:&quot;yes&quot;,&quot;motion_fx_translateY_effect&quot;:&quot;yes&quot;,&quot;motion_fx_translateY_direction&quot;:&quot;negative&quot;,&quot;motion_fx_translateY_affectedRange&quot;:{&quot;unit&quot;:&quot;%&quot;,&quot;size&quot;:&quot;&quot;,&quot;sizes&quot;:{&quot;start&quot;:50,&quot;end&quot;:60}},&quot;motion_fx_devices&quot;:[&quot;desktop&quot;],&quot;motion_fx_translateY_speed&quot;:{&quot;unit&quot;:&quot;px&quot;,&quot;size&quot;:4,&quot;sizes&quot;:[]}}\">\n\t\t\t\t<div class=\"elementor-element elementor-element-37da561 elementor-widget elementor-widget-heading\" data-id=\"37da561\" data-element_type=\"widget\" data-e-type=\"widget\" data-widget_type=\"heading.default\">\n\t\t\t\t<div class=\"elementor-widget-container\">\n\t\t\t\t\t<h2 class=\"elementor-heading-title elementor-size-default\">Tester un simulateur de golf \u2013 NEW GOLF\nShowroom \u00e0 Gr\u00f6dig pr\u00e8s de Salzbourg<\/h2>\t\t\t\t<\/div>\n\t\t\t\t<\/div>\n\t\t\t\t<\/div>\n\t\t\t\t<\/div>\n\t\t\t\t<\/div>\n\t\t<div class=\"elementor-element elementor-element-21a689b e-flex e-con-boxed e-con e-parent\" data-id=\"21a689b\" data-element_type=\"container\" data-e-type=\"container\">\n\t\t\t\t\t<div class=\"e-con-inner\">\n\t\t\t\t<div class=\"elementor-element elementor-element-c46c961 elementor-invisible elementor-widget elementor-widget-heading\" data-id=\"c46c961\" data-element_type=\"widget\" data-e-type=\"widget\" data-settings=\"{&quot;_animation&quot;:&quot;fadeInDown&quot;}\" data-widget_type=\"heading.default\">\n\t\t\t\t<div class=\"elementor-widget-container\">\n\t\t\t\t\t<h2 class=\"elementor-heading-title elementor-size-default\">Showroom Gr\u00f6dig \u2013 Red\u00e9couvrez le golf en salle<\/h2>\t\t\t\t<\/div>\n\t\t\t\t<\/div>\n\t\t\t\t<div class=\"elementor-element elementor-element-c959f85 elementor-view-framed elementor-shape-square elementor-position-inline-start animated-slow elementor-mobile-position-block-start elementor-invisible elementor-widget elementor-widget-icon-box\" data-id=\"c959f85\" data-element_type=\"widget\" data-e-type=\"widget\" data-settings=\"{&quot;_animation&quot;:&quot;fadeInUp&quot;}\" data-widget_type=\"icon-box.default\">\n\t\t\t\t<div class=\"elementor-widget-container\">\n\t\t\t\t\t\t\t<div class=\"elementor-icon-box-wrapper\">\n\n\t\t\t\t\t\t<div class=\"elementor-icon-box-icon\">\n\t\t\t\t<span  class=\"elementor-icon\">\n\t\t\t\t<svg xmlns=\"http:\/\/www.w3.org\/2000\/svg\" id=\"Ebene_1\" data-name=\"Ebene 1\" viewBox=\"0 0 70.36 59.12\"><defs><style>      .cls-1 {        fill: #363c49;        stroke-width: 0px;      }    <\/style><\/defs><path class=\"cls-1\" d=\"m59.58,30.04c0-14.41-10.44-24.82-24.54-24.82-4.64,0-8.87,1.19-12.47,3.28v4.82c3.36-2.68,7.65-4.24,12.47-4.24,11.78,0,20.28,8.79,20.28,20.95s-8.54,20.46-20.28,20.46c-4.83,0-9.11-1.49-12.47-4.09v4.79c3.6,2.03,7.84,3.17,12.47,3.17,14.1,0,24.54-10.02,24.54-24.33h0ZM16.57,13.52c-3.63,4.29-5.78,9.99-5.78,16.52s2.15,12.08,5.78,16.27v-7.87c-1.01-2.51-1.57-5.34-1.57-8.39s.55-5.96,1.57-8.53v-7.99h0Z\"><\/path><\/svg>\t\t\t\t<\/span>\n\t\t\t<\/div>\n\t\t\t\n\t\t\t\t\t\t<div class=\"elementor-icon-box-content\">\n\n\t\t\t\t\n\t\t\t\t\t\t\t\t\t<p class=\"elementor-icon-box-description\">\n\t\t\t\t\t\tVenez visiter notre showroom NEW GOLF dans le b\u00e2timent Vitazen, Via Sanitas 1, 5082 Gr\u00f6dig, au pied du l\u00e9gendaire Untersberg. Dans une ambiance moderne et d\u00e9tendue, nous vous pr\u00e9sentons notre simulateur de golf indoor qui vous permet de vivre le golf de mani\u00e8re plus r\u00e9aliste que jamais. <a href=\"https:\/\/newgolf.eu\/fr\/technologie\/\" style=\"color:#151515\"><u>Une technologie de lancement ultrapr\u00e9cise <\/u><\/a>et des visualisations 3D impressionnantes garantissent une exp\u00e9rience de jeu authentique.   <br><br>Notre showroom est plus qu'une simple salle d'exposition : c'est un lieu d\u00e9di\u00e9 \u00e0 l'exp\u00e9rience, au conseil et \u00e0 la planification. Testez le simulateur, b\u00e9n\u00e9ficiez de conseils personnalis\u00e9s et d\u00e9veloppez avec nous votre solution de golf indoor NEW GOLF sur mesure, pour votre domicile ou votre entreprise. Le cadre paisible du centre Vitazen allie \u00e0 la perfection activit\u00e9 physique, technologie et bien-\u00eatre.  \t\t\t\t\t<\/p>\n\t\t\t\t\n\t\t\t<\/div>\n\t\t\t\n\t\t<\/div>\n\t\t\t\t\t\t<\/div>\n\t\t\t\t<\/div>\n\t\t\t\t\t<\/div>\n\t\t\t\t<\/div>\n\t\t<div class=\"elementor-element elementor-element-24867af e-flex e-con-boxed e-con e-parent\" data-id=\"24867af\" data-element_type=\"container\" data-e-type=\"container\">\n\t\t\t\t\t<div class=\"e-con-inner\">\n\t\t<div class=\"elementor-element elementor-element-6a203c7 e-con-full e-flex e-con e-child\" data-id=\"6a203c7\" data-element_type=\"container\" data-e-type=\"container\">\n\t\t\t\t<div class=\"elementor-element elementor-element-6ed844c elementor-widget elementor-widget-image\" data-id=\"6ed844c\" data-element_type=\"widget\" data-e-type=\"widget\" data-widget_type=\"image.default\">\n\t\t\t\t<div class=\"elementor-widget-container\">\n\t\t\t\t\t\t\t\t\t\t\t\t\t\t\t<img fetchpriority=\"high\" decoding=\"async\" width=\"800\" height=\"534\" src=\"https:\/\/newgolf.eu\/wp-content\/uploads\/2024\/11\/newgolf-showroom-gusswerk4.jpg\" class=\"attachment-large size-large wp-image-4193\" alt=\"Foto Showroom von New Golf\" srcset=\"https:\/\/newgolf.eu\/wp-content\/uploads\/2024\/11\/newgolf-showroom-gusswerk4.jpg 1000w, https:\/\/newgolf.eu\/wp-content\/uploads\/2024\/11\/newgolf-showroom-gusswerk4-300x200.jpg 300w, https:\/\/newgolf.eu\/wp-content\/uploads\/2024\/11\/newgolf-showroom-gusswerk4-768x512.jpg 768w\" sizes=\"(max-width: 800px) 100vw, 800px\" \/>\t\t\t\t\t\t\t\t\t\t\t\t\t\t\t<\/div>\n\t\t\t\t<\/div>\n\t\t\t\t<\/div>\n\t\t<div class=\"elementor-element elementor-element-c6a9a58 e-con-full e-flex e-con e-child\" data-id=\"c6a9a58\" data-element_type=\"container\" data-e-type=\"container\">\n\t\t\t\t<div class=\"elementor-element elementor-element-d33dac8 elementor-widget elementor-widget-image\" data-id=\"d33dac8\" data-element_type=\"widget\" data-e-type=\"widget\" data-widget_type=\"image.default\">\n\t\t\t\t<div class=\"elementor-widget-container\">\n\t\t\t\t\t\t\t\t\t\t\t\t\t\t\t<img decoding=\"async\" width=\"800\" height=\"534\" src=\"https:\/\/newgolf.eu\/wp-content\/uploads\/2026\/01\/newgolf-golfsimulatoren-indoor.jpg\" class=\"attachment-large size-large wp-image-5152\" alt=\"\" srcset=\"https:\/\/newgolf.eu\/wp-content\/uploads\/2026\/01\/newgolf-golfsimulatoren-indoor.jpg 1024w, https:\/\/newgolf.eu\/wp-content\/uploads\/2026\/01\/newgolf-golfsimulatoren-indoor-300x200.jpg 300w, https:\/\/newgolf.eu\/wp-content\/uploads\/2026\/01\/newgolf-golfsimulatoren-indoor-768x512.jpg 768w\" sizes=\"(max-width: 800px) 100vw, 800px\" \/>\t\t\t\t\t\t\t\t\t\t\t\t\t\t\t<\/div>\n\t\t\t\t<\/div>\n\t\t\t\t<\/div>\n\t\t\t\t\t<\/div>\n\t\t\t\t<\/div>\n\t\t<div class=\"elementor-element elementor-element-2092cca0 e-con-full e-flex e-con e-parent\" data-id=\"2092cca0\" data-element_type=\"container\" data-e-type=\"container\" data-settings=\"{&quot;background_background&quot;:&quot;classic&quot;}\">\n\t\t\t\t<div class=\"elementor-element elementor-element-53dee311 elementor-widget__width-initial elementor-widget-mobile__width-inherit elementor-invisible elementor-widget elementor-widget-heading\" data-id=\"53dee311\" data-element_type=\"widget\" data-e-type=\"widget\" data-settings=\"{&quot;_animation&quot;:&quot;fadeInDown&quot;}\" data-widget_type=\"heading.default\">\n\t\t\t\t<div class=\"elementor-widget-container\">\n\t\t\t\t\t<h1 class=\"elementor-heading-title elementor-size-default\">SHOWROOM <p>\u00c0 Palma\/Majorque<\/p><\/h1>\t\t\t\t<\/div>\n\t\t\t\t<\/div>\n\t\t\t\t<div class=\"elementor-element elementor-element-2f32cbc0 elementor-widget__width-initial elementor-widget-mobile__width-inherit elementor-invisible elementor-widget elementor-widget-text-editor\" data-id=\"2f32cbc0\" data-element_type=\"widget\" data-e-type=\"widget\" data-settings=\"{&quot;_animation&quot;:&quot;fadeInUp&quot;}\" data-widget_type=\"text-editor.default\">\n\t\t\t\t<div class=\"elementor-widget-container\">\n\t\t\t\t\t\t\t\t\t<p style=\"font-weight: 400;\">Nous avons h\u00e2te de vous accueillir dans notre showroom situ\u00e9 sur le prestigieux Paseo Mar\u00edtimo de Palma, directement sur la marina et avec vue sur l&rsquo;eau.<\/p><p style=\"font-weight: 400;\">Sur plus de 70 m\u00b2, vous trouverez un espace \u00e9l\u00e9gant avec un coffre design spacieux, tapiss\u00e9 d&rsquo;un tissu beige et harmonieusement compl\u00e9t\u00e9 par un tapis chic du m\u00eame ton. Un salon chaleureux alliant \u00e9l\u00e9gance et fonctionnalit\u00e9. <\/p><p style=\"font-weight: 400;\">Un lieu o\u00f9 golf indoor ultramoderne et ambiance exclusive se marient parfaitement, en plein c\u0153ur de Majorque.<\/p>\t\t\t\t\t\t\t\t<\/div>\n\t\t\t\t<\/div>\n\t\t\t\t<\/div>\n\t\t<div class=\"elementor-element elementor-element-70859c4c e-con-full e-flex e-con e-parent\" data-id=\"70859c4c\" data-element_type=\"container\" data-e-type=\"container\" data-settings=\"{&quot;background_background&quot;:&quot;classic&quot;}\">\n\t\t<div class=\"elementor-element elementor-element-1a27396e e-con-full e-flex e-con e-child\" data-id=\"1a27396e\" data-element_type=\"container\" data-e-type=\"container\" data-settings=\"{&quot;background_background&quot;:&quot;classic&quot;}\">\n\t\t\t\t<div class=\"elementor-element elementor-element-decfcb6 elementor--h-position-center elementor--v-position-middle elementor-widget elementor-widget-slides\" data-id=\"decfcb6\" data-element_type=\"widget\" data-e-type=\"widget\" data-settings=\"{&quot;navigation&quot;:&quot;none&quot;,&quot;autoplay_speed&quot;:3000,&quot;autoplay&quot;:&quot;yes&quot;,&quot;pause_on_hover&quot;:&quot;yes&quot;,&quot;pause_on_interaction&quot;:&quot;yes&quot;,&quot;infinite&quot;:&quot;yes&quot;,&quot;transition&quot;:&quot;slide&quot;,&quot;transition_speed&quot;:500}\" data-widget_type=\"slides.default\">\n\t\t\t\t<div class=\"elementor-widget-container\">\n\t\t\t\t\t\t\t\t\t<div class=\"elementor-swiper\">\n\t\t\t\t\t<div class=\"elementor-slides-wrapper elementor-main-swiper swiper\" role=\"region\" aria-roledescription=\"carousel\" aria-label=\"Slider\" dir=\"ltr\" data-animation=\"fadeInUp\">\n\t\t\t\t<div class=\"swiper-wrapper elementor-slides\">\n\t\t\t\t\t\t\t\t\t\t<div class=\"elementor-repeater-item-fc380f1 swiper-slide\" role=\"group\" aria-roledescription=\"slide\"><div class=\"swiper-slide-bg\" role=\"img\" aria-label=\"Unser New Golf Showroom in Palma de Mallorca\"><\/div><div class=\"swiper-slide-inner\" ><div class=\"swiper-slide-contents\"><\/div><\/div><\/div><div class=\"elementor-repeater-item-019570b swiper-slide\" role=\"group\" aria-roledescription=\"slide\"><div class=\"swiper-slide-bg\" role=\"img\" aria-label=\"Unser New Golf Showroom in Palma de Mallorca\"><\/div><div class=\"swiper-slide-inner\" ><div class=\"swiper-slide-contents\"><\/div><\/div><\/div>\t\t\t\t<\/div>\n\t\t\t\t\t\t\t\t\t\t\t\t\t\t\t\t\t\t\t\t\t<\/div>\n\t\t\t\t<\/div>\n\t\t\t\t\t\t\t\t<\/div>\n\t\t\t\t<\/div>\n\t\t\t\t<\/div>\n\t\t<div class=\"elementor-element elementor-element-1b02ef41 e-con-full e-flex e-con e-child\" data-id=\"1b02ef41\" data-element_type=\"container\" data-e-type=\"container\">\n\t\t\t\t<div class=\"elementor-element elementor-element-6ab3b634 elementor-widget-tablet__width-initial elementor-widget-mobile__width-inherit elementor-widget elementor-widget-heading\" data-id=\"6ab3b634\" data-element_type=\"widget\" data-e-type=\"widget\" data-widget_type=\"heading.default\">\n\t\t\t\t<div class=\"elementor-widget-container\">\n\t\t\t\t\t<p class=\"elementor-heading-title elementor-size-default\">NEW GOLF BALEARES S.L.U.<br>CARRER DE PORTO Pi 4 <br>07015 PALMA DE MALLORCA\n<\/p>\t\t\t\t<\/div>\n\t\t\t\t<\/div>\n\t\t\t\t<div class=\"elementor-element elementor-element-648f35f2 elementor-align-justify elementor-mobile-align-left elementor-tablet-align-center elementor-widget-mobile__width-inherit elementor-widget elementor-widget-button\" data-id=\"648f35f2\" data-element_type=\"widget\" data-e-type=\"widget\" data-widget_type=\"button.default\">\n\t\t\t\t<div class=\"elementor-widget-container\">\n\t\t\t\t\t\t\t\t\t<div class=\"elementor-button-wrapper\">\n\t\t\t\t\t<a class=\"elementor-button elementor-button-link elementor-size-sm elementor-animation-float\" href=\"mailto:office@newgolf.eu\" mailto=\"\">\n\t\t\t\t\t\t<span class=\"elementor-button-content-wrapper\">\n\t\t\t\t\t\t<span class=\"elementor-button-icon\">\n\t\t\t\t<svg xmlns=\"http:\/\/www.w3.org\/2000\/svg\" id=\"a258ec14-a55e-49f3-8b4f-17327bafb92b\" data-name=\"Layer 1\" width=\"21\" height=\"12\" viewBox=\"0 0 21 12\"><path d=\"M21.3427,6.1044,15.61.6978A.6185.6185,0,0,0,15.191.5a.5089.5089,0,0,0-.42.1978.5762.5762,0,0,0,0,.7912l4.6838,4.4835H1.07a.5162.5162,0,0,0-.5592.5934.5247.5247,0,0,0,.6292.5275H19.4553l-4.7536,4.4835a.576.576,0,0,0,0,.7912,1.034,1.034,0,0,0,.4194.1319.43.43,0,0,0,.4194-.1978l5.8022-5.4066A.5762.5762,0,0,0,21.3427,6.1044Z\" transform=\"translate(-0.5 -0.5)\"><\/path><\/svg>\t\t\t<\/span>\n\t\t\t\t\t\t\t\t\t<span class=\"elementor-button-text\">PRENEZ RENDEZ-VOUS DES MAINTENANT !<\/span>\n\t\t\t\t\t<\/span>\n\t\t\t\t\t<\/a>\n\t\t\t\t<\/div>\n\t\t\t\t\t\t\t\t<\/div>\n\t\t\t\t<\/div>\n\t\t\t\t<\/div>\n\t\t\t\t<\/div>\n\t\t\t\t<\/div>\n\t\t","protected":false},"excerpt":{"rendered":"<p>Tester un simulateur de golf \u2013 NEW GOLF Showroom \u00e0 Gr\u00f6dig pr\u00e8s de Salzbourg Showroom Gr\u00f6dig \u2013 Red\u00e9couvrez le golf en salle Venez visiter notre showroom NEW GOLF dans le b\u00e2timent Vitazen, Via Sanitas 1, 5082 Gr\u00f6dig, au pied du l\u00e9gendaire Untersberg. Dans une ambiance moderne et d\u00e9tendue, nous vous pr\u00e9sentons notre simulateur de golf [&hellip;]<\/p>\n","protected":false},"author":1,"featured_media":0,"parent":0,"menu_order":0,"comment_status":"closed","ping_status":"closed","template":"elementor_header_footer","meta":{"footnotes":""},"class_list":["post-4494","page","type-page","status-publish","hentry"],"yoast_head":"<!-- This site is optimized with the Yoast SEO plugin v27.3 - https:\/\/yoast.com\/product\/yoast-seo-wordpress\/ -->\n<title>Tester le simulateur de golf + le vivre en direct - notre showroom \u00e0 Salzbourg<\/title>\n<meta name=\"description\" content=\"Visitez notre showroom \ud83c\udfcc\ufe0f\u200d\u2642\ufe0f Tester le simulateur de golf \ud83d\udea9 Exp\u00e9rience de golf ultra-r\u00e9elle 250 m\u00b2 de golf en int\u00e9rieur \u00e0 Salzbourg (dans la Gusswerk)\" \/>\n<meta name=\"robots\" content=\"index, follow, max-snippet:-1, max-image-preview:large, max-video-preview:-1\" \/>\n<link rel=\"canonical\" href=\"https:\/\/newgolf.eu\/fr\/showroom\/\" \/>\n<meta property=\"og:locale\" content=\"fr_FR\" \/>\n<meta property=\"og:type\" content=\"article\" \/>\n<meta property=\"og:title\" content=\"Tester le simulateur de golf + le vivre en direct - notre showroom \u00e0 Salzbourg\" \/>\n<meta property=\"og:description\" content=\"Visitez notre showroom \ud83c\udfcc\ufe0f\u200d\u2642\ufe0f Tester le simulateur de golf \ud83d\udea9 Exp\u00e9rience de golf ultra-r\u00e9elle 250 m\u00b2 de golf en int\u00e9rieur \u00e0 Salzbourg (dans la Gusswerk)\" \/>\n<meta property=\"og:url\" content=\"https:\/\/newgolf.eu\/fr\/showroom\/\" \/>\n<meta property=\"og:site_name\" content=\"newgolf.eu\" \/>\n<meta property=\"article:modified_time\" content=\"2026-01-21T12:44:05+00:00\" \/>\n<meta property=\"og:image\" content=\"https:\/\/newgolf.eu\/wp-content\/uploads\/2024\/11\/newgolf-showroom-gusswerk4.jpg\" \/>\n\t<meta property=\"og:image:width\" content=\"1000\" \/>\n\t<meta property=\"og:image:height\" content=\"667\" \/>\n\t<meta property=\"og:image:type\" content=\"image\/jpeg\" \/>\n<meta name=\"twitter:card\" content=\"summary_large_image\" \/>\n<meta name=\"twitter:label1\" content=\"Dur\u00e9e de lecture estim\u00e9e\" \/>\n\t<meta name=\"twitter:data1\" content=\"1 minute\" \/>\n<script type=\"application\/ld+json\" class=\"yoast-schema-graph\">{\"@context\":\"https:\\\/\\\/schema.org\",\"@graph\":[{\"@type\":\"WebPage\",\"@id\":\"https:\\\/\\\/newgolf.eu\\\/fr\\\/showroom\\\/\",\"url\":\"https:\\\/\\\/newgolf.eu\\\/fr\\\/showroom\\\/\",\"name\":\"Tester le simulateur de golf + le vivre en direct - notre showroom \u00e0 Salzbourg\",\"isPartOf\":{\"@id\":\"https:\\\/\\\/newgolf.eu\\\/#website\"},\"primaryImageOfPage\":{\"@id\":\"https:\\\/\\\/newgolf.eu\\\/fr\\\/showroom\\\/#primaryimage\"},\"image\":{\"@id\":\"https:\\\/\\\/newgolf.eu\\\/fr\\\/showroom\\\/#primaryimage\"},\"thumbnailUrl\":\"https:\\\/\\\/newgolf.eu\\\/wp-content\\\/uploads\\\/2024\\\/11\\\/newgolf-showroom-gusswerk4.jpg\",\"datePublished\":\"2024-10-23T10:44:22+00:00\",\"dateModified\":\"2026-01-21T12:44:05+00:00\",\"description\":\"Visitez notre showroom \ud83c\udfcc\ufe0f\u200d\u2642\ufe0f Tester le simulateur de golf \ud83d\udea9 Exp\u00e9rience de golf ultra-r\u00e9elle 250 m\u00b2 de golf en int\u00e9rieur \u00e0 Salzbourg (dans la Gusswerk)\",\"breadcrumb\":{\"@id\":\"https:\\\/\\\/newgolf.eu\\\/fr\\\/showroom\\\/#breadcrumb\"},\"inLanguage\":\"fr-FR\",\"potentialAction\":[{\"@type\":\"ReadAction\",\"target\":[\"https:\\\/\\\/newgolf.eu\\\/fr\\\/showroom\\\/\"]}]},{\"@type\":\"ImageObject\",\"inLanguage\":\"fr-FR\",\"@id\":\"https:\\\/\\\/newgolf.eu\\\/fr\\\/showroom\\\/#primaryimage\",\"url\":\"https:\\\/\\\/newgolf.eu\\\/wp-content\\\/uploads\\\/2024\\\/11\\\/newgolf-showroom-gusswerk4.jpg\",\"contentUrl\":\"https:\\\/\\\/newgolf.eu\\\/wp-content\\\/uploads\\\/2024\\\/11\\\/newgolf-showroom-gusswerk4.jpg\"},{\"@type\":\"BreadcrumbList\",\"@id\":\"https:\\\/\\\/newgolf.eu\\\/fr\\\/showroom\\\/#breadcrumb\",\"itemListElement\":[{\"@type\":\"ListItem\",\"position\":1,\"name\":\"Startseite\",\"item\":\"https:\\\/\\\/newgolf.eu\\\/fr\\\/home\\\/\"},{\"@type\":\"ListItem\",\"position\":2,\"name\":\"Showroom\"}]},{\"@type\":\"WebSite\",\"@id\":\"https:\\\/\\\/newgolf.eu\\\/#website\",\"url\":\"https:\\\/\\\/newgolf.eu\\\/\",\"name\":\"newgolf.eu\",\"description\":\"Home of Golf\",\"publisher\":{\"@id\":\"https:\\\/\\\/newgolf.eu\\\/#organization\"},\"potentialAction\":[{\"@type\":\"SearchAction\",\"target\":{\"@type\":\"EntryPoint\",\"urlTemplate\":\"https:\\\/\\\/newgolf.eu\\\/?s={search_term_string}\"},\"query-input\":{\"@type\":\"PropertyValueSpecification\",\"valueRequired\":true,\"valueName\":\"search_term_string\"}}],\"inLanguage\":\"fr-FR\"},{\"@type\":\"Organization\",\"@id\":\"https:\\\/\\\/newgolf.eu\\\/#organization\",\"name\":\"NEW GOLF GmbH\",\"url\":\"https:\\\/\\\/newgolf.eu\\\/\",\"logo\":{\"@type\":\"ImageObject\",\"inLanguage\":\"fr-FR\",\"@id\":\"https:\\\/\\\/newgolf.eu\\\/#\\\/schema\\\/logo\\\/image\\\/\",\"url\":\"https:\\\/\\\/newgolf.eu\\\/wp-content\\\/uploads\\\/2024\\\/09\\\/new-golf-logo-komplett.svg\",\"contentUrl\":\"https:\\\/\\\/newgolf.eu\\\/wp-content\\\/uploads\\\/2024\\\/09\\\/new-golf-logo-komplett.svg\",\"width\":231,\"height\":186,\"caption\":\"NEW GOLF GmbH\"},\"image\":{\"@id\":\"https:\\\/\\\/newgolf.eu\\\/#\\\/schema\\\/logo\\\/image\\\/\"}}]}<\/script>\n<!-- \/ Yoast SEO plugin. -->","yoast_head_json":{"title":"Tester le simulateur de golf + le vivre en direct - notre showroom \u00e0 Salzbourg","description":"Visitez notre showroom \ud83c\udfcc\ufe0f\u200d\u2642\ufe0f Tester le simulateur de golf \ud83d\udea9 Exp\u00e9rience de golf ultra-r\u00e9elle 250 m\u00b2 de golf en int\u00e9rieur \u00e0 Salzbourg (dans la Gusswerk)","robots":{"index":"index","follow":"follow","max-snippet":"max-snippet:-1","max-image-preview":"max-image-preview:large","max-video-preview":"max-video-preview:-1"},"canonical":"https:\/\/newgolf.eu\/fr\/showroom\/","og_locale":"fr_FR","og_type":"article","og_title":"Tester le simulateur de golf + le vivre en direct - notre showroom \u00e0 Salzbourg","og_description":"Visitez notre showroom \ud83c\udfcc\ufe0f\u200d\u2642\ufe0f Tester le simulateur de golf \ud83d\udea9 Exp\u00e9rience de golf ultra-r\u00e9elle 250 m\u00b2 de golf en int\u00e9rieur \u00e0 Salzbourg (dans la Gusswerk)","og_url":"https:\/\/newgolf.eu\/fr\/showroom\/","og_site_name":"newgolf.eu","article_modified_time":"2026-01-21T12:44:05+00:00","og_image":[{"width":1000,"height":667,"url":"https:\/\/newgolf.eu\/wp-content\/uploads\/2024\/11\/newgolf-showroom-gusswerk4.jpg","type":"image\/jpeg"}],"twitter_card":"summary_large_image","twitter_misc":{"Dur\u00e9e de lecture estim\u00e9e":"1 minute"},"schema":{"@context":"https:\/\/schema.org","@graph":[{"@type":"WebPage","@id":"https:\/\/newgolf.eu\/fr\/showroom\/","url":"https:\/\/newgolf.eu\/fr\/showroom\/","name":"Tester le simulateur de golf + le vivre en direct - notre showroom \u00e0 Salzbourg","isPartOf":{"@id":"https:\/\/newgolf.eu\/#website"},"primaryImageOfPage":{"@id":"https:\/\/newgolf.eu\/fr\/showroom\/#primaryimage"},"image":{"@id":"https:\/\/newgolf.eu\/fr\/showroom\/#primaryimage"},"thumbnailUrl":"https:\/\/newgolf.eu\/wp-content\/uploads\/2024\/11\/newgolf-showroom-gusswerk4.jpg","datePublished":"2024-10-23T10:44:22+00:00","dateModified":"2026-01-21T12:44:05+00:00","description":"Visitez notre showroom \ud83c\udfcc\ufe0f\u200d\u2642\ufe0f Tester le simulateur de golf \ud83d\udea9 Exp\u00e9rience de golf ultra-r\u00e9elle 250 m\u00b2 de golf en int\u00e9rieur \u00e0 Salzbourg (dans la Gusswerk)","breadcrumb":{"@id":"https:\/\/newgolf.eu\/fr\/showroom\/#breadcrumb"},"inLanguage":"fr-FR","potentialAction":[{"@type":"ReadAction","target":["https:\/\/newgolf.eu\/fr\/showroom\/"]}]},{"@type":"ImageObject","inLanguage":"fr-FR","@id":"https:\/\/newgolf.eu\/fr\/showroom\/#primaryimage","url":"https:\/\/newgolf.eu\/wp-content\/uploads\/2024\/11\/newgolf-showroom-gusswerk4.jpg","contentUrl":"https:\/\/newgolf.eu\/wp-content\/uploads\/2024\/11\/newgolf-showroom-gusswerk4.jpg"},{"@type":"BreadcrumbList","@id":"https:\/\/newgolf.eu\/fr\/showroom\/#breadcrumb","itemListElement":[{"@type":"ListItem","position":1,"name":"Startseite","item":"https:\/\/newgolf.eu\/fr\/home\/"},{"@type":"ListItem","position":2,"name":"Showroom"}]},{"@type":"WebSite","@id":"https:\/\/newgolf.eu\/#website","url":"https:\/\/newgolf.eu\/","name":"newgolf.eu","description":"Home of Golf","publisher":{"@id":"https:\/\/newgolf.eu\/#organization"},"potentialAction":[{"@type":"SearchAction","target":{"@type":"EntryPoint","urlTemplate":"https:\/\/newgolf.eu\/?s={search_term_string}"},"query-input":{"@type":"PropertyValueSpecification","valueRequired":true,"valueName":"search_term_string"}}],"inLanguage":"fr-FR"},{"@type":"Organization","@id":"https:\/\/newgolf.eu\/#organization","name":"NEW GOLF GmbH","url":"https:\/\/newgolf.eu\/","logo":{"@type":"ImageObject","inLanguage":"fr-FR","@id":"https:\/\/newgolf.eu\/#\/schema\/logo\/image\/","url":"https:\/\/newgolf.eu\/wp-content\/uploads\/2024\/09\/new-golf-logo-komplett.svg","contentUrl":"https:\/\/newgolf.eu\/wp-content\/uploads\/2024\/09\/new-golf-logo-komplett.svg","width":231,"height":186,"caption":"NEW GOLF GmbH"},"image":{"@id":"https:\/\/newgolf.eu\/#\/schema\/logo\/image\/"}}]}},"_links":{"self":[{"href":"https:\/\/newgolf.eu\/fr\/wp-json\/wp\/v2\/pages\/4494","targetHints":{"allow":["GET"]}}],"collection":[{"href":"https:\/\/newgolf.eu\/fr\/wp-json\/wp\/v2\/pages"}],"about":[{"href":"https:\/\/newgolf.eu\/fr\/wp-json\/wp\/v2\/types\/page"}],"author":[{"embeddable":true,"href":"https:\/\/newgolf.eu\/fr\/wp-json\/wp\/v2\/users\/1"}],"replies":[{"embeddable":true,"href":"https:\/\/newgolf.eu\/fr\/wp-json\/wp\/v2\/comments?post=4494"}],"version-history":[{"count":7,"href":"https:\/\/newgolf.eu\/fr\/wp-json\/wp\/v2\/pages\/4494\/revisions"}],"predecessor-version":[{"id":5155,"href":"https:\/\/newgolf.eu\/fr\/wp-json\/wp\/v2\/pages\/4494\/revisions\/5155"}],"wp:attachment":[{"href":"https:\/\/newgolf.eu\/fr\/wp-json\/wp\/v2\/media?parent=4494"}],"curies":[{"name":"wp","href":"https:\/\/api.w.org\/{rel}","templated":true}]}}