{"id":4486,"date":"2024-10-24T08:32:30","date_gmt":"2024-10-24T08:32:30","guid":{"rendered":"https:\/\/newgolf.eu\/entreprise\/"},"modified":"2025-07-08T08:13:52","modified_gmt":"2025-07-08T08:13:52","slug":"entreprise","status":"publish","type":"page","link":"https:\/\/newgolf.eu\/fr\/entreprise\/","title":{"rendered":"ENTREPRISE"},"content":{"rendered":"\t\t<div data-elementor-type=\"wp-page\" data-elementor-id=\"4486\" class=\"elementor elementor-4486 elementor-724\" data-elementor-post-type=\"page\">\n\t\t\t\t<div class=\"elementor-element elementor-element-d862a42 e-con-full e-flex e-con e-parent\" data-id=\"d862a42\" data-element_type=\"container\" data-e-type=\"container\">\n\t\t<div class=\"elementor-element elementor-element-79cd0d19 e-con-full e-flex e-con e-child\" data-id=\"79cd0d19\" data-element_type=\"container\" data-e-type=\"container\">\n\t\t<div class=\"elementor-element elementor-element-55dd0b8 e-con-full e-flex e-con e-child\" data-id=\"55dd0b8\" data-element_type=\"container\" data-e-type=\"container\" data-settings=\"{&quot;background_background&quot;:&quot;slideshow&quot;,&quot;background_slideshow_gallery&quot;:[{&quot;id&quot;:643,&quot;url&quot;:&quot;https:\\\/\\\/newgolf.eu\\\/wp-content\\\/uploads\\\/2024\\\/10\\\/Frame_197119_1.jpg.webp&quot;},{&quot;id&quot;:735,&quot;url&quot;:&quot;https:\\\/\\\/newgolf.eu\\\/wp-content\\\/uploads\\\/2024\\\/10\\\/Frame_197124_1-scaled.jpg&quot;}],&quot;background_slideshow_transition_duration&quot;:&quot;5000&quot;,&quot;background_slideshow_ken_burns&quot;:&quot;yes&quot;,&quot;background_slideshow_loop&quot;:&quot;yes&quot;,&quot;background_slideshow_slide_duration&quot;:5000,&quot;background_slideshow_slide_transition&quot;:&quot;fade&quot;,&quot;background_slideshow_ken_burns_zoom_direction&quot;:&quot;in&quot;}\">\n\t\t\t\t<\/div>\n\t\t<div class=\"elementor-element elementor-element-6e79d17c e-con-full e-flex e-con e-child\" data-id=\"6e79d17c\" data-element_type=\"container\" data-e-type=\"container\" data-settings=\"{&quot;background_background&quot;:&quot;classic&quot;,&quot;motion_fx_motion_fx_scrolling&quot;:&quot;yes&quot;,&quot;motion_fx_translateY_effect&quot;:&quot;yes&quot;,&quot;motion_fx_translateY_direction&quot;:&quot;negative&quot;,&quot;motion_fx_translateY_affectedRange&quot;:{&quot;unit&quot;:&quot;%&quot;,&quot;size&quot;:&quot;&quot;,&quot;sizes&quot;:{&quot;start&quot;:50,&quot;end&quot;:60}},&quot;motion_fx_devices&quot;:[&quot;desktop&quot;,&quot;tablet&quot;],&quot;motion_fx_translateY_speed&quot;:{&quot;unit&quot;:&quot;px&quot;,&quot;size&quot;:4,&quot;sizes&quot;:[]}}\">\n\t\t\t\t<div class=\"elementor-element elementor-element-3139efd0 elementor-widget elementor-widget-heading\" data-id=\"3139efd0\" data-element_type=\"widget\" data-e-type=\"widget\" data-widget_type=\"heading.default\">\n\t\t\t\t<div class=\"elementor-widget-container\">\n\t\t\t\t\t<h2 class=\"elementor-heading-title elementor-size-default\">Golf inspirant : le golf en salle pour votre entreprise<\/h2>\t\t\t\t<\/div>\n\t\t\t\t<\/div>\n\t\t\t\t<\/div>\n\t\t\t\t<\/div>\n\t\t\t\t<\/div>\n\t\t<div class=\"elementor-element elementor-element-5a64a64 e-flex e-con-boxed e-con e-parent\" data-id=\"5a64a64\" data-element_type=\"container\" data-e-type=\"container\">\n\t\t\t\t\t<div class=\"e-con-inner\">\n\t\t\t\t\t<\/div>\n\t\t\t\t<\/div>\n\t\t<div class=\"elementor-element elementor-element-2e1d28ea e-flex e-con-boxed e-con e-parent\" data-id=\"2e1d28ea\" data-element_type=\"container\" data-e-type=\"container\">\n\t\t\t\t\t<div class=\"e-con-inner\">\n\t\t\t\t<div class=\"elementor-element elementor-element-4d5e0666 elementor-invisible elementor-widget elementor-widget-heading\" data-id=\"4d5e0666\" data-element_type=\"widget\" data-e-type=\"widget\" data-settings=\"{&quot;_animation&quot;:&quot;fadeInDown&quot;}\" data-widget_type=\"heading.default\">\n\t\t\t\t<div class=\"elementor-widget-container\">\n\t\t\t\t\t<h2 class=\"elementor-heading-title elementor-size-default\">Des solutions innovantes pour h\u00f4tels, restaurants, clubs de golf et centres sportifs<\/h2>\t\t\t\t<\/div>\n\t\t\t\t<\/div>\n\t\t\t\t<div class=\"elementor-element elementor-element-646c2253 elementor-view-framed elementor-shape-square elementor-position-inline-start animated-slow elementor-mobile-position-block-start elementor-invisible elementor-widget elementor-widget-icon-box\" data-id=\"646c2253\" data-element_type=\"widget\" data-e-type=\"widget\" data-settings=\"{&quot;_animation&quot;:&quot;fadeInUp&quot;}\" data-widget_type=\"icon-box.default\">\n\t\t\t\t<div class=\"elementor-widget-container\">\n\t\t\t\t\t\t\t<div class=\"elementor-icon-box-wrapper\">\n\n\t\t\t\t\t\t<div class=\"elementor-icon-box-icon\">\n\t\t\t\t<span  class=\"elementor-icon\">\n\t\t\t\t<svg xmlns=\"http:\/\/www.w3.org\/2000\/svg\" id=\"Ebene_1\" data-name=\"Ebene 1\" viewBox=\"0 0 70.36 59.12\"><defs><style>      .cls-1 {        fill: #363c49;        stroke-width: 0px;      }    <\/style><\/defs><path class=\"cls-1\" d=\"m59.58,30.04c0-14.41-10.44-24.82-24.54-24.82-4.64,0-8.87,1.19-12.47,3.28v4.82c3.36-2.68,7.65-4.24,12.47-4.24,11.78,0,20.28,8.79,20.28,20.95s-8.54,20.46-20.28,20.46c-4.83,0-9.11-1.49-12.47-4.09v4.79c3.6,2.03,7.84,3.17,12.47,3.17,14.1,0,24.54-10.02,24.54-24.33h0ZM16.57,13.52c-3.63,4.29-5.78,9.99-5.78,16.52s2.15,12.08,5.78,16.27v-7.87c-1.01-2.51-1.57-5.34-1.57-8.39s.55-5.96,1.57-8.53v-7.99h0Z\"><\/path><\/svg>\t\t\t\t<\/span>\n\t\t\t<\/div>\n\t\t\t\n\t\t\t\t\t\t<div class=\"elementor-icon-box-content\">\n\n\t\t\t\t\n\t\t\t\t\t\t\t\t\t<p class=\"elementor-icon-box-description\">\n\t\t\t\t\t\tAvec les installations de golf indoor de NEW GOLF, offrez \u00e0 vos invit\u00e9s ou clients un environnement et une exp\u00e9rience unique. Nos simulateurs de golf conviennent parfaitement \u00e0 tout type d'entreprise, qu'il s'agisse d'un h\u00f4tel, d'un si\u00e8ge social, d'une salle de sport, d'un club-house, d'un restaurant ou d'un lieu \u00e9v\u00e9nementiel. Non seulement ils renforcent l'engagement client, mais ils transforment \u00e9galement votre espace en un v\u00e9ritable point d'int\u00e9r\u00eat qui attire les visiteurs.  \t\t\t\t\t<\/p>\n\t\t\t\t\n\t\t\t<\/div>\n\t\t\t\n\t\t<\/div>\n\t\t\t\t\t\t<\/div>\n\t\t\t\t<\/div>\n\t\t\t\t\t<\/div>\n\t\t\t\t<\/div>\n\t\t<div class=\"elementor-element elementor-element-ff205ae e-con-full e-flex e-con e-parent\" data-id=\"ff205ae\" data-element_type=\"container\" data-e-type=\"container\" data-settings=\"{&quot;background_background&quot;:&quot;classic&quot;}\">\n\t\t\t\t<div class=\"elementor-element elementor-element-6c560d8 animated-slow elementor-invisible elementor-widget elementor-widget-heading\" data-id=\"6c560d8\" data-element_type=\"widget\" data-e-type=\"widget\" data-settings=\"{&quot;_animation&quot;:&quot;fadeInUp&quot;,&quot;_animation_delay&quot;:&quot;0.8&quot;}\" data-widget_type=\"heading.default\">\n\t\t\t\t<div class=\"elementor-widget-container\">\n\t\t\t\t\t<h2 class=\"elementor-heading-title elementor-size-default\">\u00c9largissez votre audience, m\u00eame pour les non-golfeurs !<\/h2>\t\t\t\t<\/div>\n\t\t\t\t<\/div>\n\t\t\t\t<\/div>\n\t\t<div class=\"elementor-element elementor-element-7b8ae66 e-con-full e-flex e-con e-parent\" data-id=\"7b8ae66\" data-element_type=\"container\" data-e-type=\"container\">\n\t\t<div class=\"elementor-element elementor-element-0d3839f e-con-full e-flex e-con e-child\" data-id=\"0d3839f\" data-element_type=\"container\" data-e-type=\"container\" data-settings=\"{&quot;background_background&quot;:&quot;classic&quot;}\">\n\t\t\t\t<\/div>\n\t\t<div class=\"elementor-element elementor-element-56e68a3 e-con-full e-flex e-con e-child\" data-id=\"56e68a3\" data-element_type=\"container\" data-e-type=\"container\" data-settings=\"{&quot;background_background&quot;:&quot;classic&quot;}\">\n\t\t<div class=\"elementor-element elementor-element-4bcf826 e-con-full e-flex e-con e-child\" data-id=\"4bcf826\" data-element_type=\"container\" data-e-type=\"container\">\n\t\t\t\t<div class=\"elementor-element elementor-element-561cf65 elementor-widget elementor-widget-image-box\" data-id=\"561cf65\" data-element_type=\"widget\" data-e-type=\"widget\" data-widget_type=\"image-box.default\">\n\t\t\t\t<div class=\"elementor-widget-container\">\n\t\t\t\t\t<div class=\"elementor-image-box-wrapper\"><div class=\"elementor-image-box-content\"><h2 class=\"elementor-image-box-title\">Golf en salle pour votre entreprise<\/h2><p class=\"elementor-image-box-description\">Nos simulateurs de golf raviront les golfeurs passionn\u00e9s comme les amateurs. Jeux interactifs ou d\u00e9fis golfiques palpitants, avec le golf en salle, vous cr\u00e9erez une offre de divertissement diversifi\u00e9e qui ravira petits et grands et attirera de nouveaux clients. La possibilit\u00e9 de choisir parmi un large \u00e9ventail de parcours de golf \u00e0 travers le monde, ainsi que l'int\u00e9gration d'options multisports, rendent l'exp\u00e9rience encore plus diversifi\u00e9e et stimulante.  <\/p><\/div><\/div>\t\t\t\t<\/div>\n\t\t\t\t<\/div>\n\t\t\t\t<div class=\"elementor-element elementor-element-e4639a1 elementor-widget elementor-widget-image-box\" data-id=\"e4639a1\" data-element_type=\"widget\" data-e-type=\"widget\" data-widget_type=\"image-box.default\">\n\t\t\t\t<div class=\"elementor-widget-container\">\n\t\t\t\t\t<div class=\"elementor-image-box-wrapper\"><div class=\"elementor-image-box-content\"><h2 class=\"elementor-image-box-title\">Augmentez la participation et les revenus de vos clubs de golf, h\u00f4tels et restaurants<\/h2><p class=\"elementor-image-box-description\">Avec les installations de golf indoor NEW GOLF, vous cr\u00e9erez des exp\u00e9riences qui captiveront vos clients encore et encore. Vous leur offrirez des divertissements de premier ordre tout au long de l'ann\u00e9e, prolongerez leur s\u00e9jour et g\u00e9n\u00e9rerez de nouvelles opportunit\u00e9s de revenus gr\u00e2ce \u00e0 des offres multisports passionnantes et des exp\u00e9riences golfiques immersives. Vous fid\u00e9liserez \u00e9galement votre client\u00e8le et vous vous positionnerez comme un fournisseur innovant qui va au-del\u00e0 des conventions.  <\/p><\/div><\/div>\t\t\t\t<\/div>\n\t\t\t\t<\/div>\n\t\t\t\t<div class=\"elementor-element elementor-element-60a3ad1 elementor-widget elementor-widget-text-editor\" data-id=\"60a3ad1\" data-element_type=\"widget\" data-e-type=\"widget\" data-widget_type=\"text-editor.default\">\n\t\t\t\t<div class=\"elementor-widget-container\">\n\t\t\t\t\t\t\t\t\t<h2 style=\"font-size: 18px; font-family: Montserrat; font-weight: 300;\">SOLUTIONS DE LOCATION FLEXIBLES<\/h2>\nPour les entreprises souhaitant investir dans des technologies innovantes et pr\u00e9server leur flexibilit\u00e9, nous proposons \u00e9galement la <span style=\"text-decoration: underline; color: #000000;\"><a style=\"color: #000000; text-decoration: underline;\" href=\"https:\/\/newgolf.eu\/fr\/location\">location<\/a><\/span> de nos installations de golf indoor. Vous b\u00e9n\u00e9ficierez de mensualit\u00e9s r\u00e9duites sans investissement initial important. Cela vous permettra de conserver votre flexibilit\u00e9 financi\u00e8re, de pr\u00e9server vos liquidit\u00e9s et de b\u00e9n\u00e9ficier d&rsquo;avantages fiscaux. Nous serons \u00e9galement ravis de vous conseiller personnellement dans notre showroom de <a style=\"color: #000000;\" href=\"https:\/\/www.gusswerk.net\">Gusswerk<\/a>, \u00e0 Salzbourg.   \t\t\t\t\t\t\t\t<\/div>\n\t\t\t\t<\/div>\n\t\t\t\t<\/div>\n\t\t\t\t<\/div>\n\t\t\t\t<\/div>\n\t\t<div class=\"elementor-element elementor-element-4a241fac e-con-full e-flex e-con e-parent\" data-id=\"4a241fac\" data-element_type=\"container\" data-e-type=\"container\" data-settings=\"{&quot;background_background&quot;:&quot;classic&quot;}\">\n\t\t\t\t<div class=\"elementor-element elementor-element-6990356e elementor-widget__width-initial elementor-widget-mobile__width-inherit elementor-invisible elementor-widget elementor-widget-heading\" data-id=\"6990356e\" data-element_type=\"widget\" data-e-type=\"widget\" data-settings=\"{&quot;_animation&quot;:&quot;fadeInDown&quot;}\" data-widget_type=\"heading.default\">\n\t\t\t\t<div class=\"elementor-widget-container\">\n\t\t\t\t\t<h1 class=\"elementor-heading-title elementor-size-default\">ENTREPRISE<\/h1>\t\t\t\t<\/div>\n\t\t\t\t<\/div>\n\t\t\t\t<div class=\"elementor-element elementor-element-7ddde2d0 elementor-widget__width-initial elementor-widget-mobile__width-inherit elementor-invisible elementor-widget elementor-widget-text-editor\" data-id=\"7ddde2d0\" data-element_type=\"widget\" data-e-type=\"widget\" data-settings=\"{&quot;_animation&quot;:&quot;fadeInUp&quot;}\" data-widget_type=\"text-editor.default\">\n\t\t\t\t<div class=\"elementor-widget-container\">\n\t\t\t\t\t\t\t\t\t<p>Apprenez-en davantage sur nos options de <span style=\"text-decoration: underline;\"><a href=\"https:\/\/newgolf.eu\/fr\/location\"><span style=\"color: #ffffff; text-decoration: underline;\">location<\/span><\/a><\/span>, parfaitement adapt\u00e9es aux besoins de votre entreprise.<\/p>\t\t\t\t\t\t\t\t<\/div>\n\t\t\t\t<\/div>\n\t\t\t\t<\/div>\n\t\t<div class=\"elementor-element elementor-element-21048740 e-con-full e-flex e-con e-parent\" data-id=\"21048740\" data-element_type=\"container\" data-e-type=\"container\" data-settings=\"{&quot;background_background&quot;:&quot;classic&quot;}\">\n\t\t<div class=\"elementor-element elementor-element-6f584f19 e-con-full e-flex e-con e-child\" data-id=\"6f584f19\" data-element_type=\"container\" data-e-type=\"container\" data-settings=\"{&quot;background_background&quot;:&quot;classic&quot;}\">\n\t\t\t\t<div class=\"elementor-element elementor-element-7ffd432 elementor-widget elementor-widget-video\" data-id=\"7ffd432\" data-element_type=\"widget\" data-e-type=\"widget\" data-settings=\"{&quot;show_image_overlay&quot;:&quot;yes&quot;,&quot;image_overlay&quot;:{&quot;url&quot;:&quot;&quot;,&quot;id&quot;:&quot;&quot;,&quot;size&quot;:&quot;&quot;,&quot;alt&quot;:&quot;&quot;,&quot;source&quot;:&quot;library&quot;},&quot;video_type&quot;:&quot;hosted&quot;,&quot;autoplay&quot;:&quot;yes&quot;,&quot;mute&quot;:&quot;yes&quot;,&quot;loop&quot;:&quot;yes&quot;,&quot;play_on_mobile&quot;:&quot;yes&quot;}\" data-widget_type=\"video.default\">\n\t\t\t\t<div class=\"elementor-widget-container\">\n\t\t\t\t\t\t\t<div class=\"e-hosted-video elementor-wrapper elementor-open-inline\">\n\t\t\t\t\t<video class=\"elementor-video\" src=\"https:\/\/newgolf.eu\/wp-content\/uploads\/2024\/11\/Fly-Over-Golfjoy-US.mp4\" autoplay=\"\" loop=\"\" muted=\"muted\" playsinline=\"\" controlsList=\"nodownload\"><\/video>\n\t\t\t\t<\/div>\n\t\t\t\t\t\t<\/div>\n\t\t\t\t<\/div>\n\t\t\t\t<\/div>\n\t\t<div class=\"elementor-element elementor-element-1df14ae9 e-con-full e-flex e-con e-child\" data-id=\"1df14ae9\" data-element_type=\"container\" data-e-type=\"container\">\n\t\t\t\t<div class=\"elementor-element elementor-element-619d43c6 elementor-widget-tablet__width-initial elementor-widget-mobile__width-inherit elementor-widget elementor-widget-heading\" data-id=\"619d43c6\" data-element_type=\"widget\" data-e-type=\"widget\" data-widget_type=\"heading.default\">\n\t\t\t\t<div class=\"elementor-widget-container\">\n\t\t\t\t\t<p class=\"elementor-heading-title elementor-size-default\">Restez flexible. <br>Louez un simulateur de golf en salle.<\/p>\t\t\t\t<\/div>\n\t\t\t\t<\/div>\n\t\t\t\t<div class=\"elementor-element elementor-element-bd1a100 elementor-align-justify elementor-mobile-align-left elementor-tablet-align-right elementor-widget-mobile__width-inherit elementor-widget elementor-widget-button\" data-id=\"bd1a100\" data-element_type=\"widget\" data-e-type=\"widget\" data-widget_type=\"button.default\">\n\t\t\t\t<div class=\"elementor-widget-container\">\n\t\t\t\t\t\t\t\t\t<div class=\"elementor-button-wrapper\">\n\t\t\t\t\t<a class=\"elementor-button elementor-button-link elementor-size-sm elementor-animation-float\" href=\"https:\/\/newgolf.eu\/kontakt\/\" target=\"_blank\" mailto=\"\">\n\t\t\t\t\t\t<span class=\"elementor-button-content-wrapper\">\n\t\t\t\t\t\t<span class=\"elementor-button-icon\">\n\t\t\t\t<svg xmlns=\"http:\/\/www.w3.org\/2000\/svg\" id=\"a258ec14-a55e-49f3-8b4f-17327bafb92b\" data-name=\"Layer 1\" width=\"21\" height=\"12\" viewBox=\"0 0 21 12\"><path d=\"M21.3427,6.1044,15.61.6978A.6185.6185,0,0,0,15.191.5a.5089.5089,0,0,0-.42.1978.5762.5762,0,0,0,0,.7912l4.6838,4.4835H1.07a.5162.5162,0,0,0-.5592.5934.5247.5247,0,0,0,.6292.5275H19.4553l-4.7536,4.4835a.576.576,0,0,0,0,.7912,1.034,1.034,0,0,0,.4194.1319.43.43,0,0,0,.4194-.1978l5.8022-5.4066A.5762.5762,0,0,0,21.3427,6.1044Z\" transform=\"translate(-0.5 -0.5)\"><\/path><\/svg>\t\t\t<\/span>\n\t\t\t\t\t\t\t\t\t<span class=\"elementor-button-text\">CONTACT<\/span>\n\t\t\t\t\t<\/span>\n\t\t\t\t\t<\/a>\n\t\t\t\t<\/div>\n\t\t\t\t\t\t\t\t<\/div>\n\t\t\t\t<\/div>\n\t\t\t\t<\/div>\n\t\t\t\t<\/div>\n\t\t\t\t<\/div>\n\t\t","protected":false},"excerpt":{"rendered":"<p>Golf inspirant : le golf en salle pour votre entreprise Des solutions innovantes pour h\u00f4tels, restaurants, clubs de golf et centres sportifs .cls-1 { fill: #363c49; stroke-width: 0px; } Avec les installations de golf indoor de NEW GOLF, offrez \u00e0 vos invit\u00e9s ou clients un environnement et une exp\u00e9rience unique. Nos simulateurs de golf conviennent [&hellip;]<\/p>\n","protected":false},"author":1,"featured_media":0,"parent":0,"menu_order":0,"comment_status":"closed","ping_status":"closed","template":"elementor_header_footer","meta":{"footnotes":""},"class_list":["post-4486","page","type-page","status-publish","hentry"],"yoast_head":"<!-- This site is optimized with the Yoast SEO plugin v27.3 - https:\/\/yoast.com\/product\/yoast-seo-wordpress\/ -->\n<title>Golf indoor pour votre entreprise : h\u00f4tels, clubs de golf, gastronomie - NEW GOLF<\/title>\n<meta name=\"description\" content=\"top Entertainment pour les clients \u2713 plus de chiffre d&#039;affaires avec le golf indoor pour votre business groupe cible \u00e9largi \u2713 \u00e9galement utilisable comme Cinema-Lounge\" \/>\n<meta name=\"robots\" content=\"index, follow, max-snippet:-1, max-image-preview:large, max-video-preview:-1\" \/>\n<link rel=\"canonical\" href=\"https:\/\/newgolf.eu\/fr\/entreprise\/\" \/>\n<meta property=\"og:locale\" content=\"fr_FR\" \/>\n<meta property=\"og:type\" content=\"article\" \/>\n<meta property=\"og:title\" content=\"Golf indoor pour votre entreprise : h\u00f4tels, clubs de golf, gastronomie - NEW GOLF\" \/>\n<meta property=\"og:description\" content=\"top Entertainment pour les clients \u2713 plus de chiffre d&#039;affaires avec le golf indoor pour votre business groupe cible \u00e9largi \u2713 \u00e9galement utilisable comme Cinema-Lounge\" \/>\n<meta property=\"og:url\" content=\"https:\/\/newgolf.eu\/fr\/entreprise\/\" \/>\n<meta property=\"og:site_name\" content=\"newgolf.eu\" \/>\n<meta property=\"article:modified_time\" content=\"2025-07-08T08:13:52+00:00\" \/>\n<meta name=\"twitter:card\" content=\"summary_large_image\" \/>\n<meta name=\"twitter:label1\" content=\"Dur\u00e9e de lecture estim\u00e9e\" \/>\n\t<meta name=\"twitter:data1\" content=\"2 minutes\" \/>\n<script type=\"application\/ld+json\" class=\"yoast-schema-graph\">{\"@context\":\"https:\\\/\\\/schema.org\",\"@graph\":[{\"@type\":\"WebPage\",\"@id\":\"https:\\\/\\\/newgolf.eu\\\/fr\\\/entreprise\\\/\",\"url\":\"https:\\\/\\\/newgolf.eu\\\/fr\\\/entreprise\\\/\",\"name\":\"Golf indoor pour votre entreprise : h\u00f4tels, clubs de golf, gastronomie - NEW GOLF\",\"isPartOf\":{\"@id\":\"https:\\\/\\\/newgolf.eu\\\/#website\"},\"datePublished\":\"2024-10-24T08:32:30+00:00\",\"dateModified\":\"2025-07-08T08:13:52+00:00\",\"description\":\"top Entertainment pour les clients \u2713 plus de chiffre d'affaires avec le golf indoor pour votre business groupe cible \u00e9largi \u2713 \u00e9galement utilisable comme Cinema-Lounge\",\"breadcrumb\":{\"@id\":\"https:\\\/\\\/newgolf.eu\\\/fr\\\/entreprise\\\/#breadcrumb\"},\"inLanguage\":\"fr-FR\",\"potentialAction\":[{\"@type\":\"ReadAction\",\"target\":[\"https:\\\/\\\/newgolf.eu\\\/fr\\\/entreprise\\\/\"]}]},{\"@type\":\"BreadcrumbList\",\"@id\":\"https:\\\/\\\/newgolf.eu\\\/fr\\\/entreprise\\\/#breadcrumb\",\"itemListElement\":[{\"@type\":\"ListItem\",\"position\":1,\"name\":\"Startseite\",\"item\":\"https:\\\/\\\/newgolf.eu\\\/fr\\\/home\\\/\"},{\"@type\":\"ListItem\",\"position\":2,\"name\":\"ENTREPRISE\"}]},{\"@type\":\"WebSite\",\"@id\":\"https:\\\/\\\/newgolf.eu\\\/#website\",\"url\":\"https:\\\/\\\/newgolf.eu\\\/\",\"name\":\"newgolf.eu\",\"description\":\"Home of Golf\",\"publisher\":{\"@id\":\"https:\\\/\\\/newgolf.eu\\\/#organization\"},\"potentialAction\":[{\"@type\":\"SearchAction\",\"target\":{\"@type\":\"EntryPoint\",\"urlTemplate\":\"https:\\\/\\\/newgolf.eu\\\/?s={search_term_string}\"},\"query-input\":{\"@type\":\"PropertyValueSpecification\",\"valueRequired\":true,\"valueName\":\"search_term_string\"}}],\"inLanguage\":\"fr-FR\"},{\"@type\":\"Organization\",\"@id\":\"https:\\\/\\\/newgolf.eu\\\/#organization\",\"name\":\"NEW GOLF GmbH\",\"url\":\"https:\\\/\\\/newgolf.eu\\\/\",\"logo\":{\"@type\":\"ImageObject\",\"inLanguage\":\"fr-FR\",\"@id\":\"https:\\\/\\\/newgolf.eu\\\/#\\\/schema\\\/logo\\\/image\\\/\",\"url\":\"https:\\\/\\\/newgolf.eu\\\/wp-content\\\/uploads\\\/2024\\\/09\\\/new-golf-logo-komplett.svg\",\"contentUrl\":\"https:\\\/\\\/newgolf.eu\\\/wp-content\\\/uploads\\\/2024\\\/09\\\/new-golf-logo-komplett.svg\",\"width\":231,\"height\":186,\"caption\":\"NEW GOLF GmbH\"},\"image\":{\"@id\":\"https:\\\/\\\/newgolf.eu\\\/#\\\/schema\\\/logo\\\/image\\\/\"}}]}<\/script>\n<!-- \/ Yoast SEO plugin. -->","yoast_head_json":{"title":"Golf indoor pour votre entreprise : h\u00f4tels, clubs de golf, gastronomie - NEW GOLF","description":"top Entertainment pour les clients \u2713 plus de chiffre d'affaires avec le golf indoor pour votre business groupe cible \u00e9largi \u2713 \u00e9galement utilisable comme Cinema-Lounge","robots":{"index":"index","follow":"follow","max-snippet":"max-snippet:-1","max-image-preview":"max-image-preview:large","max-video-preview":"max-video-preview:-1"},"canonical":"https:\/\/newgolf.eu\/fr\/entreprise\/","og_locale":"fr_FR","og_type":"article","og_title":"Golf indoor pour votre entreprise : h\u00f4tels, clubs de golf, gastronomie - NEW GOLF","og_description":"top Entertainment pour les clients \u2713 plus de chiffre d'affaires avec le golf indoor pour votre business groupe cible \u00e9largi \u2713 \u00e9galement utilisable comme Cinema-Lounge","og_url":"https:\/\/newgolf.eu\/fr\/entreprise\/","og_site_name":"newgolf.eu","article_modified_time":"2025-07-08T08:13:52+00:00","twitter_card":"summary_large_image","twitter_misc":{"Dur\u00e9e de lecture estim\u00e9e":"2 minutes"},"schema":{"@context":"https:\/\/schema.org","@graph":[{"@type":"WebPage","@id":"https:\/\/newgolf.eu\/fr\/entreprise\/","url":"https:\/\/newgolf.eu\/fr\/entreprise\/","name":"Golf indoor pour votre entreprise : h\u00f4tels, clubs de golf, gastronomie - NEW GOLF","isPartOf":{"@id":"https:\/\/newgolf.eu\/#website"},"datePublished":"2024-10-24T08:32:30+00:00","dateModified":"2025-07-08T08:13:52+00:00","description":"top Entertainment pour les clients \u2713 plus de chiffre d'affaires avec le golf indoor pour votre business groupe cible \u00e9largi \u2713 \u00e9galement utilisable comme Cinema-Lounge","breadcrumb":{"@id":"https:\/\/newgolf.eu\/fr\/entreprise\/#breadcrumb"},"inLanguage":"fr-FR","potentialAction":[{"@type":"ReadAction","target":["https:\/\/newgolf.eu\/fr\/entreprise\/"]}]},{"@type":"BreadcrumbList","@id":"https:\/\/newgolf.eu\/fr\/entreprise\/#breadcrumb","itemListElement":[{"@type":"ListItem","position":1,"name":"Startseite","item":"https:\/\/newgolf.eu\/fr\/home\/"},{"@type":"ListItem","position":2,"name":"ENTREPRISE"}]},{"@type":"WebSite","@id":"https:\/\/newgolf.eu\/#website","url":"https:\/\/newgolf.eu\/","name":"newgolf.eu","description":"Home of Golf","publisher":{"@id":"https:\/\/newgolf.eu\/#organization"},"potentialAction":[{"@type":"SearchAction","target":{"@type":"EntryPoint","urlTemplate":"https:\/\/newgolf.eu\/?s={search_term_string}"},"query-input":{"@type":"PropertyValueSpecification","valueRequired":true,"valueName":"search_term_string"}}],"inLanguage":"fr-FR"},{"@type":"Organization","@id":"https:\/\/newgolf.eu\/#organization","name":"NEW GOLF GmbH","url":"https:\/\/newgolf.eu\/","logo":{"@type":"ImageObject","inLanguage":"fr-FR","@id":"https:\/\/newgolf.eu\/#\/schema\/logo\/image\/","url":"https:\/\/newgolf.eu\/wp-content\/uploads\/2024\/09\/new-golf-logo-komplett.svg","contentUrl":"https:\/\/newgolf.eu\/wp-content\/uploads\/2024\/09\/new-golf-logo-komplett.svg","width":231,"height":186,"caption":"NEW GOLF GmbH"},"image":{"@id":"https:\/\/newgolf.eu\/#\/schema\/logo\/image\/"}}]}},"_links":{"self":[{"href":"https:\/\/newgolf.eu\/fr\/wp-json\/wp\/v2\/pages\/4486","targetHints":{"allow":["GET"]}}],"collection":[{"href":"https:\/\/newgolf.eu\/fr\/wp-json\/wp\/v2\/pages"}],"about":[{"href":"https:\/\/newgolf.eu\/fr\/wp-json\/wp\/v2\/types\/page"}],"author":[{"embeddable":true,"href":"https:\/\/newgolf.eu\/fr\/wp-json\/wp\/v2\/users\/1"}],"replies":[{"embeddable":true,"href":"https:\/\/newgolf.eu\/fr\/wp-json\/wp\/v2\/comments?post=4486"}],"version-history":[{"count":2,"href":"https:\/\/newgolf.eu\/fr\/wp-json\/wp\/v2\/pages\/4486\/revisions"}],"predecessor-version":[{"id":4488,"href":"https:\/\/newgolf.eu\/fr\/wp-json\/wp\/v2\/pages\/4486\/revisions\/4488"}],"wp:attachment":[{"href":"https:\/\/newgolf.eu\/fr\/wp-json\/wp\/v2\/media?parent=4486"}],"curies":[{"name":"wp","href":"https:\/\/api.w.org\/{rel}","templated":true}]}}