{"id":4801,"date":"2024-10-01T07:46:00","date_gmt":"2024-10-01T07:46:00","guid":{"rendered":"https:\/\/newgolf.eu\/condiciones-de-uso\/"},"modified":"2025-07-14T11:06:08","modified_gmt":"2025-07-14T11:06:08","slug":"condiciones-de-uso","status":"publish","type":"page","link":"https:\/\/newgolf.eu\/es\/condiciones-de-uso\/","title":{"rendered":"Condiciones de uso"},"content":{"rendered":"\t\t<div data-elementor-type=\"wp-page\" data-elementor-id=\"4801\" class=\"elementor elementor-4801 elementor-484\" data-elementor-post-type=\"page\">\n\t\t\t\t<div class=\"elementor-element elementor-element-44a7e09a e-flex e-con-boxed e-con e-parent\" data-id=\"44a7e09a\" data-element_type=\"container\" data-e-type=\"container\">\n\t\t\t\t\t<div class=\"e-con-inner\">\n\t\t\t\t<div class=\"elementor-element elementor-element-12436658 elementor-widget elementor-widget-text-editor\" data-id=\"12436658\" data-element_type=\"widget\" data-e-type=\"widget\" data-widget_type=\"text-editor.default\">\n\t\t\t\t<div class=\"elementor-widget-container\">\n\t\t\t\t\t\t\t\t\t<p>\u00a9 New Golf GmbH. Todos los derechos reservados. <\/p><p>New Golf Now GmbH (\u00abNew Golf\u00bb) le autoriza a utilizar este sitio web (www.newgolf.eu) accediendo, imprimi\u00e9ndolo o almacen\u00e1ndolo electr\u00f3nicamente en una unidad local, sujeto a las siguientes condiciones. Cualquier otro uso requiere el consentimiento expreso, previo y por escrito de New Golf. <\/p><p><b>Derechos de autor <\/b><b><\/b><\/p><p>New Golf es titular o licenciatario de todos los derechos de propiedad del sitio web www.newgolf.eu y de los materiales publicados o disponibles en \u00e9l. Estas obras est\u00e1n protegidas por derechos de autor, contratos y otros derechos de propiedad intelectual. <\/p><p><b>Suministro de Informaci\u00f3n por parte de los Usuarios <\/b><\/p><p>Cualquier usuario que proporcione a New Golf informaci\u00f3n, como im\u00e1genes, descripciones, ideas, comentarios, etc., acepta que New Golf recibir\u00e1 derechos ilimitados sobre dicha informaci\u00f3n y podr\u00e1 utilizarla de cualquier manera que desee o implementar sus ideas. New Golf no se responsabiliza de ninguna reclamaci\u00f3n de terceros derivada de la informaci\u00f3n proporcionada por los usuarios. Los usuarios indemnizan y eximen de toda responsabilidad a New Golf en este sentido. Esta transferencia o concesi\u00f3n de derechos incluye, en particular, el derecho a editar, publicar y transferir u otorgar los derechos correspondientes a terceros.    <\/p><p><b>Limitaciones de responsabilidad <\/b><\/p><p>New Golf excluye toda responsabilidad por da\u00f1os derivados directa o indirectamente del uso del sitio web de New Golf, ya sea por incumplimiento contractual, extracontractual o legal, en relaci\u00f3n con:<\/p><p>El uso o la confianza depositada en la informaci\u00f3n, opiniones o contenido publicado en o en relaci\u00f3n con www.newgolf.eu;<\/p><p>Errores, retrasos o interrupciones en el acceso a este sitio web; la imposibilidad de acceder o utilizar el sitio web, incluyendo la p\u00e9rdida de beneficios, ventas, negocios o ingresos; la p\u00e9rdida de datos, la interrupci\u00f3n del negocio; la p\u00e9rdida de oportunidades de negocio o reputaci\u00f3n; la p\u00e9rdida de tiempo; y cualquier da\u00f1o indirecto o consecuente.<\/p><p><b>Informaci\u00f3n general <\/b><\/p><p>Tenga en cuenta que cualquier contenido, informaci\u00f3n, opini\u00f3n, etc., publicado en www.newgolf.eu o en relaci\u00f3n con este sitio web, ya sea en texto, v\u00eddeo, audio (podcast) o cualquier otro formato, es de car\u00e1cter general y se proporciona con fines informativos, educativos y de entretenimiento.<\/p><p><b>Prohibici\u00f3n de uso <\/b><\/p><p>No podr\u00e1 utilizar este sitio web si infringe alguna ley o persigue un fin il\u00edcito; para enviar publicidad no solicitada o informaci\u00f3n ilegal, falsa, ofensiva, etc.; ni para amenazar, insultar o violar de cualquier otro modo los derechos de terceros.<\/p><p><b>Prohibici\u00f3n de interferencia o da\u00f1os al sitio web <\/b><\/p><p>No podr\u00e1 acceder ni interferir con nuestro sitio web sin autorizaci\u00f3n, ni causar da\u00f1os ni interrupciones en el mismo. Esto incluye cualquier dispositivo o red en el que se almacene nuestro sitio web. <\/p><p><b>Subida de Materiales, Contacto con Otros Usuarios <\/b><\/p><p>En caso de que este sitio web ofrezca la opci\u00f3n de subir\/publicar materiales o contenido, o de contactar con otros usuarios, tenga en cuenta que su contenido\/publicaciones no deben infringir ninguna ley, obligaci\u00f3n contractual con terceros ni los derechos de terceros. En caso de incumplimiento, el propietario del medio se reserva el derecho de eliminar dichas publicaciones de este sitio web si considera que se infringen estas Condiciones de Uso. <\/p><p><b>Virus <\/b><\/p><p>New Golf no se responsabiliza por p\u00e9rdidas o da\u00f1os derivados de virus. Esto tambi\u00e9n se aplica, sin limitaci\u00f3n, a ataques distribuidos de denegaci\u00f3n de servicio u otro malware que pueda infectar su equipo inform\u00e1tico, programas o datos. <\/p><p>Debe abstenerse de cualquier uso indebido de este sitio web, en particular de la introducci\u00f3n intencionada de virus, troyanos u otro malware\/c\u00f3digo inform\u00e1tico que pueda afectar el software o hardware del propietario del medio.<\/p><p><b>Cambios en el sitio web <\/b><\/p><p>New Golf se reserva el derecho a modificar, a\u00f1adir, eliminar o restringir el acceso (a determinados grupos de usuarios) al contenido de www.newgolf.eu en cualquier momento y sin previo aviso. New Golf no asume ninguna responsabilidad por las consecuencias derivadas de ello. <\/p><p><b>Protecci\u00f3n de datos y cookies <\/b><\/p><p>Puede encontrar informaci\u00f3n sobre el tratamiento de datos y el uso de cookies, as\u00ed como sus derechos, en la pol\u00edtica de privacidad en <span style=\"color: #000000;\">https:\/\/newgolf.eu\/es\/proteccion-de-datos\/<\/span>. Por lo general, el uso de este sitio web es posible sin proporcionar datos personales. Si se recopilan datos personales (por ejemplo, nombre, direcci\u00f3n, correo electr\u00f3nico) en este sitio, el tratamiento o cualquier reenv\u00edo se realizar\u00e1 exclusivamente de conformidad con la normativa legal de protecci\u00f3n de datos. <\/p><p><b>Cambios en estas Condiciones de uso <\/b><\/p><p>El propietario del medio puede modificar sus condiciones de uso con el tiempo. Las condiciones de uso modificadas o actualizadas se publicar\u00e1n en este sitio web (en vigor desde su publicaci\u00f3n). <\/p><p><b>Condiciones generales <\/b><\/p><p>Todos los asuntos legales relacionados con este sitio web se rigen exclusivamente por el derecho sustantivo austriaco, con exclusi\u00f3n de las disposiciones sobre conflicto de leyes del derecho internacional privado. Salvo que exista otra jurisdicci\u00f3n obligatoria, la jurisdicci\u00f3n exclusiva ser\u00e1 la del tribunal competente en el domicilio social de NEW GOLF. En caso de que alguna disposici\u00f3n de estas Condiciones de Uso sea o llegue a ser inv\u00e1lida, la validez de las dem\u00e1s disposiciones no se ver\u00e1 afectada.  <\/p><p>Condiciones de Uso vigentes a partir de octubre de 2024<\/p>\t\t\t\t\t\t\t\t<\/div>\n\t\t\t\t<\/div>\n\t\t\t\t\t<\/div>\n\t\t\t\t<\/div>\n\t\t\t\t<\/div>\n\t\t","protected":false},"excerpt":{"rendered":"<p>\u00a9 New Golf GmbH. Todos los derechos reservados. New Golf Now GmbH (\u00abNew Golf\u00bb) le autoriza a utilizar este sitio web (www.newgolf.eu) accediendo, imprimi\u00e9ndolo o almacen\u00e1ndolo electr\u00f3nicamente en una unidad local, sujeto a las siguientes condiciones. Cualquier otro uso requiere el consentimiento expreso, previo y por escrito de New Golf. Derechos de autor New Golf [&hellip;]<\/p>\n","protected":false},"author":1,"featured_media":0,"parent":0,"menu_order":0,"comment_status":"closed","ping_status":"closed","template":"elementor_header_footer","meta":{"footnotes":""},"class_list":["post-4801","page","type-page","status-publish","hentry"],"yoast_head":"<!-- This site is optimized with the Yoast SEO plugin v27.3 - https:\/\/yoast.com\/product\/yoast-seo-wordpress\/ -->\n<title>Condiciones de uso - newgolf.eu<\/title>\n<meta name=\"robots\" content=\"index, follow, max-snippet:-1, max-image-preview:large, max-video-preview:-1\" \/>\n<link rel=\"canonical\" href=\"https:\/\/newgolf.eu\/es\/condiciones-de-uso\/\" \/>\n<meta property=\"og:locale\" content=\"es_ES\" \/>\n<meta property=\"og:type\" content=\"article\" \/>\n<meta property=\"og:title\" content=\"Condiciones de uso - newgolf.eu\" \/>\n<meta property=\"og:description\" content=\"\u00a9 New Golf GmbH. Todos los derechos reservados. New Golf Now GmbH (\u00abNew Golf\u00bb) le autoriza a utilizar este sitio web (www.newgolf.eu) accediendo, imprimi\u00e9ndolo o almacen\u00e1ndolo electr\u00f3nicamente en una unidad local, sujeto a las siguientes condiciones. Cualquier otro uso requiere el consentimiento expreso, previo y por escrito de New Golf. Derechos de autor New Golf [&hellip;]\" \/>\n<meta property=\"og:url\" content=\"https:\/\/newgolf.eu\/es\/condiciones-de-uso\/\" \/>\n<meta property=\"og:site_name\" content=\"newgolf.eu\" \/>\n<meta property=\"article:modified_time\" content=\"2025-07-14T11:06:08+00:00\" \/>\n<meta name=\"twitter:card\" content=\"summary_large_image\" \/>\n<meta name=\"twitter:label1\" content=\"Tiempo de lectura\" \/>\n\t<meta name=\"twitter:data1\" content=\"5 minutos\" \/>\n<script type=\"application\/ld+json\" class=\"yoast-schema-graph\">{\"@context\":\"https:\\\/\\\/schema.org\",\"@graph\":[{\"@type\":\"WebPage\",\"@id\":\"https:\\\/\\\/newgolf.eu\\\/es\\\/condiciones-de-uso\\\/\",\"url\":\"https:\\\/\\\/newgolf.eu\\\/es\\\/condiciones-de-uso\\\/\",\"name\":\"Condiciones de uso - newgolf.eu\",\"isPartOf\":{\"@id\":\"https:\\\/\\\/newgolf.eu\\\/#website\"},\"datePublished\":\"2024-10-01T07:46:00+00:00\",\"dateModified\":\"2025-07-14T11:06:08+00:00\",\"breadcrumb\":{\"@id\":\"https:\\\/\\\/newgolf.eu\\\/es\\\/condiciones-de-uso\\\/#breadcrumb\"},\"inLanguage\":\"es\",\"potentialAction\":[{\"@type\":\"ReadAction\",\"target\":[\"https:\\\/\\\/newgolf.eu\\\/es\\\/condiciones-de-uso\\\/\"]}]},{\"@type\":\"BreadcrumbList\",\"@id\":\"https:\\\/\\\/newgolf.eu\\\/es\\\/condiciones-de-uso\\\/#breadcrumb\",\"itemListElement\":[{\"@type\":\"ListItem\",\"position\":1,\"name\":\"Startseite\",\"item\":\"https:\\\/\\\/newgolf.eu\\\/es\\\/home\\\/\"},{\"@type\":\"ListItem\",\"position\":2,\"name\":\"Condiciones de uso\"}]},{\"@type\":\"WebSite\",\"@id\":\"https:\\\/\\\/newgolf.eu\\\/#website\",\"url\":\"https:\\\/\\\/newgolf.eu\\\/\",\"name\":\"newgolf.eu\",\"description\":\"Home of Golf\",\"publisher\":{\"@id\":\"https:\\\/\\\/newgolf.eu\\\/#organization\"},\"potentialAction\":[{\"@type\":\"SearchAction\",\"target\":{\"@type\":\"EntryPoint\",\"urlTemplate\":\"https:\\\/\\\/newgolf.eu\\\/?s={search_term_string}\"},\"query-input\":{\"@type\":\"PropertyValueSpecification\",\"valueRequired\":true,\"valueName\":\"search_term_string\"}}],\"inLanguage\":\"es\"},{\"@type\":\"Organization\",\"@id\":\"https:\\\/\\\/newgolf.eu\\\/#organization\",\"name\":\"NEW GOLF GmbH\",\"url\":\"https:\\\/\\\/newgolf.eu\\\/\",\"logo\":{\"@type\":\"ImageObject\",\"inLanguage\":\"es\",\"@id\":\"https:\\\/\\\/newgolf.eu\\\/#\\\/schema\\\/logo\\\/image\\\/\",\"url\":\"https:\\\/\\\/newgolf.eu\\\/wp-content\\\/uploads\\\/2024\\\/09\\\/new-golf-logo-komplett.svg\",\"contentUrl\":\"https:\\\/\\\/newgolf.eu\\\/wp-content\\\/uploads\\\/2024\\\/09\\\/new-golf-logo-komplett.svg\",\"width\":231,\"height\":186,\"caption\":\"NEW GOLF GmbH\"},\"image\":{\"@id\":\"https:\\\/\\\/newgolf.eu\\\/#\\\/schema\\\/logo\\\/image\\\/\"}}]}<\/script>\n<!-- \/ Yoast SEO plugin. -->","yoast_head_json":{"title":"Condiciones de uso - newgolf.eu","robots":{"index":"index","follow":"follow","max-snippet":"max-snippet:-1","max-image-preview":"max-image-preview:large","max-video-preview":"max-video-preview:-1"},"canonical":"https:\/\/newgolf.eu\/es\/condiciones-de-uso\/","og_locale":"es_ES","og_type":"article","og_title":"Condiciones de uso - newgolf.eu","og_description":"\u00a9 New Golf GmbH. Todos los derechos reservados. New Golf Now GmbH (\u00abNew Golf\u00bb) le autoriza a utilizar este sitio web (www.newgolf.eu) accediendo, imprimi\u00e9ndolo o almacen\u00e1ndolo electr\u00f3nicamente en una unidad local, sujeto a las siguientes condiciones. Cualquier otro uso requiere el consentimiento expreso, previo y por escrito de New Golf. Derechos de autor New Golf [&hellip;]","og_url":"https:\/\/newgolf.eu\/es\/condiciones-de-uso\/","og_site_name":"newgolf.eu","article_modified_time":"2025-07-14T11:06:08+00:00","twitter_card":"summary_large_image","twitter_misc":{"Tiempo de lectura":"5 minutos"},"schema":{"@context":"https:\/\/schema.org","@graph":[{"@type":"WebPage","@id":"https:\/\/newgolf.eu\/es\/condiciones-de-uso\/","url":"https:\/\/newgolf.eu\/es\/condiciones-de-uso\/","name":"Condiciones de uso - newgolf.eu","isPartOf":{"@id":"https:\/\/newgolf.eu\/#website"},"datePublished":"2024-10-01T07:46:00+00:00","dateModified":"2025-07-14T11:06:08+00:00","breadcrumb":{"@id":"https:\/\/newgolf.eu\/es\/condiciones-de-uso\/#breadcrumb"},"inLanguage":"es","potentialAction":[{"@type":"ReadAction","target":["https:\/\/newgolf.eu\/es\/condiciones-de-uso\/"]}]},{"@type":"BreadcrumbList","@id":"https:\/\/newgolf.eu\/es\/condiciones-de-uso\/#breadcrumb","itemListElement":[{"@type":"ListItem","position":1,"name":"Startseite","item":"https:\/\/newgolf.eu\/es\/home\/"},{"@type":"ListItem","position":2,"name":"Condiciones de uso"}]},{"@type":"WebSite","@id":"https:\/\/newgolf.eu\/#website","url":"https:\/\/newgolf.eu\/","name":"newgolf.eu","description":"Home of Golf","publisher":{"@id":"https:\/\/newgolf.eu\/#organization"},"potentialAction":[{"@type":"SearchAction","target":{"@type":"EntryPoint","urlTemplate":"https:\/\/newgolf.eu\/?s={search_term_string}"},"query-input":{"@type":"PropertyValueSpecification","valueRequired":true,"valueName":"search_term_string"}}],"inLanguage":"es"},{"@type":"Organization","@id":"https:\/\/newgolf.eu\/#organization","name":"NEW GOLF GmbH","url":"https:\/\/newgolf.eu\/","logo":{"@type":"ImageObject","inLanguage":"es","@id":"https:\/\/newgolf.eu\/#\/schema\/logo\/image\/","url":"https:\/\/newgolf.eu\/wp-content\/uploads\/2024\/09\/new-golf-logo-komplett.svg","contentUrl":"https:\/\/newgolf.eu\/wp-content\/uploads\/2024\/09\/new-golf-logo-komplett.svg","width":231,"height":186,"caption":"NEW GOLF GmbH"},"image":{"@id":"https:\/\/newgolf.eu\/#\/schema\/logo\/image\/"}}]}},"_links":{"self":[{"href":"https:\/\/newgolf.eu\/es\/wp-json\/wp\/v2\/pages\/4801","targetHints":{"allow":["GET"]}}],"collection":[{"href":"https:\/\/newgolf.eu\/es\/wp-json\/wp\/v2\/pages"}],"about":[{"href":"https:\/\/newgolf.eu\/es\/wp-json\/wp\/v2\/types\/page"}],"author":[{"embeddable":true,"href":"https:\/\/newgolf.eu\/es\/wp-json\/wp\/v2\/users\/1"}],"replies":[{"embeddable":true,"href":"https:\/\/newgolf.eu\/es\/wp-json\/wp\/v2\/comments?post=4801"}],"version-history":[{"count":1,"href":"https:\/\/newgolf.eu\/es\/wp-json\/wp\/v2\/pages\/4801\/revisions"}],"predecessor-version":[{"id":4802,"href":"https:\/\/newgolf.eu\/es\/wp-json\/wp\/v2\/pages\/4801\/revisions\/4802"}],"wp:attachment":[{"href":"https:\/\/newgolf.eu\/es\/wp-json\/wp\/v2\/media?parent=4801"}],"curies":[{"name":"wp","href":"https:\/\/api.w.org\/{rel}","templated":true}]}}