{"id":4795,"date":"2024-10-22T09:30:35","date_gmt":"2024-10-22T09:30:35","guid":{"rendered":"https:\/\/newgolf.eu\/raee\/"},"modified":"2025-07-14T10:50:58","modified_gmt":"2025-07-14T10:50:58","slug":"raee","status":"publish","type":"page","link":"https:\/\/newgolf.eu\/es\/raee\/","title":{"rendered":"RAEE"},"content":{"rendered":"\t\t<div data-elementor-type=\"wp-page\" data-elementor-id=\"4795\" class=\"elementor elementor-4795 elementor-380\" data-elementor-post-type=\"page\">\n\t\t\t\t<div class=\"elementor-element elementor-element-054578f e-flex e-con-boxed e-con e-parent\" data-id=\"054578f\" data-element_type=\"container\" data-e-type=\"container\">\n\t\t\t\t\t<div class=\"e-con-inner\">\n\t\t\t\t<div class=\"elementor-element elementor-element-726211b6 elementor-widget elementor-widget-text-editor\" data-id=\"726211b6\" data-element_type=\"widget\" data-e-type=\"widget\" data-widget_type=\"text-editor.default\">\n\t\t\t\t<div class=\"elementor-widget-container\">\n\t\t\t\t\t\t\t\t\t<div>INFORMACI\u00d3N SOBRE LOS APARATOS EL\u00c9CTRICOS DESECHABLES<\/div>\t\t\t\t\t\t\t\t<\/div>\n\t\t\t\t<\/div>\n\t\t\t\t<div class=\"elementor-element elementor-element-4e3a55d elementor-widget elementor-widget-text-editor\" data-id=\"4e3a55d\" data-element_type=\"widget\" data-e-type=\"widget\" data-widget_type=\"text-editor.default\">\n\t\t\t\t<div class=\"elementor-widget-container\">\n\t\t\t\t\t\t\t\t\t<h4 style=\"font-family: Montserrat;\">I. Residuos de Aparatos El\u00e9ctricos<\/h4><p>Nuestras instalaciones de golf cubiertas est\u00e1n dise\u00f1adas para que disfrute al m\u00e1ximo. Sin embargo, es inevitable que, en ocasiones, los dispositivos electr\u00f3nicos lleguen al final de su vida \u00fatil. <\/p><p>De acuerdo con nuestra responsabilidad como fabricante y distribuidor bajo la Directiva RAEE, nos gustar\u00eda informarle sobre la correcta eliminaci\u00f3n de nuestros productos para que todos podamos colaborar en la conservaci\u00f3n de los recursos de nuestro planeta. Tenga en cuenta la siguiente informaci\u00f3n para su propia seguridad y la eliminaci\u00f3n respetuosa con el medio ambiente de los residuos de aparatos el\u00e9ctricos y electr\u00f3nicos. <\/p><p style=\"font-weight: 400;\"><strong>\u00bfQu\u00e9 regula la Directiva RAEE?<\/strong><\/p><p>La Directiva 2012\/19\/UE de la UE sobre Residuos de Aparatos El\u00e9ctricos y Electr\u00f3nicos (Directiva RAEE) regula la comercializaci\u00f3n, la devoluci\u00f3n y la eliminaci\u00f3n respetuosa con el medio ambiente de los residuos de aparatos el\u00e9ctricos y electr\u00f3nicos (RAEE). La Directiva RAEE obliga a todos los distribuidores a recoger y eliminar estos productos de acuerdo con las normas ecol\u00f3gicas establecidas. Al participar en un sistema autorizado de recogida y reciclaje, cumplimos plenamente con los requisitos de esta Directiva.  <\/p><p style=\"font-weight: 400;\"><strong>\u00a1Aseg\u00farese de eliminarlos correctamente, por el bien del medio ambiente!<\/strong><\/p><p>No todos los residuos acaban en la basura dom\u00e9stica. \u00a1Los electrodom\u00e9sticos viejos no deben tirarse en ella! Por lo tanto, la recogida debe realizarse por separado y su eliminaci\u00f3n debe realizarse, por ejemplo, a trav\u00e9s de los sistemas locales de recogida y devoluci\u00f3n. Los consumidores que utilicen electrodom\u00e9sticos viejos tambi\u00e9n deben separar las pilas y acumuladores viejos que no est\u00e9n dentro del aparato, as\u00ed como las l\u00e1mparas que se puedan extraer del aparato viejo sin causar da\u00f1os, antes de llevarlos a un punto de recogida.    <\/p><p>Una correcta eliminaci\u00f3n optimiza el proceso de recuperaci\u00f3n y reciclaje, y evita que sustancias potencialmente peligrosas da\u00f1en su salud y el medio ambiente.<\/p><p style=\"font-weight: 400;\"><strong>\u00bfC\u00f3mo saber si un aparato debe desecharse por separado de la basura dom\u00e9stica?<\/strong><\/p><p>El s\u00edmbolo de un contenedor con ruedas tachado advierte a los consumidores de que los electrodom\u00e9sticos viejos deben desecharse por separado de la basura dom\u00e9stica al final de su vida \u00fatil. Este s\u00edmbolo se encuentra en el propio aparato o en la informaci\u00f3n que lo acompa\u00f1a. <br><br><img decoding=\"async\" class=\"size-medium wp-image-394 alignnone\" src=\"https:\/\/newgolf.eu\/wp-content\/uploads\/2024\/09\/tonne-symbol-231x300.png\" alt=\"Los aparatos viejos deben desecharse correctamente.\" width=\"80\" height=\"150\"><\/p><p><br><br><\/p><p><strong>\u00bfD\u00f3nde puede devolver sus aparatos el\u00e9ctricos y electr\u00f3nicos?<\/strong><\/p><ol><li><u> Puntos de recogida p\u00fablicos<\/u><\/li><\/ol><p>Para desechar correctamente sus aparatos el\u00e9ctricos y electr\u00f3nicos, puede utilizar los puntos de recogida p\u00fablicos de su zona.<\/p><p>New Golf GmbH, como distribuidor en Austria, participa en el sistema autorizado de recogida y reciclaje de ERA Elektro Recycling Austria GmbH (ERA). En Austria, tiene acceso a una amplia red de puntos de recogida municipales para aparatos el\u00e9ctricos y bater\u00edas, as\u00ed como a los puntos de recogida regionales de ERA, donde puede devolver sus aparatos el\u00e9ctricos y bater\u00edas (dom\u00e9sticos) usados \u200b\u200bde forma gratuita. <\/p><ol start=\"2\"><li><u> Devoluci\u00f3n gratuita de aparatos el\u00e9ctricos por parte de distribuidores\/minoristas: <\/u><u><\/u><\/li><\/ol><p>En principio, los distribuidores\/minoristas est\u00e1n obligados, a petici\u00f3n del consumidor, a recoger gratuitamente un aparato usado si este adquiere un aparato nuevo con la misma funci\u00f3n o dise\u00f1o. Si as\u00ed se indica claramente en la tienda con una superficie de venta inferior a 150 m<sup>\u00b2<\/sup>, no es necesario recoger los aparatos. Incluso en los negocios de venta por correo, los consumidores tienen derecho a devolver los aparatos el\u00e9ctricos viejos o las bater\u00edas viejas (tambi\u00e9n independientemente de una nueva compra) a los distribuidores\/minoristas por correo o servicio de entrega cuando compran un aparato nuevo.  <\/p><p style=\"font-weight: 400;\"><strong>\u00bfQu\u00e9 debo tener en cuenta con respecto a las bater\u00edas?<\/strong><\/p><p>Por favor, deje las bater\u00edas instaladas en el dispositivo y no intente extraerlas. Las bater\u00edas deben estar completamente descargadas antes de desecharlas para evitar posibles cortocircuitos y el riesgo de incendio asociado. Puede obtener m\u00e1s informaci\u00f3n sobre la correcta eliminaci\u00f3n de dispositivos antiguos en su municipio o servicio de gesti\u00f3n de residuos.  <\/p><p style=\"font-weight: 400;\"><strong>Aviso de protecci\u00f3n de datos<\/strong><\/p><p>Los dispositivos antiguos que se vayan a desechar pueden contener datos personales sensibles (por ejemplo, en un smartphone). Tenga en cuenta que los consumidores de dispositivos antiguos son responsables de garantizar que se eliminen todos los datos personales almacenados en el dispositivo antiguo. <\/p><p style=\"font-weight: 400;\"><strong>Tasas de recogida y reciclaje<\/strong><\/p><p>Estamos obligados por ley a proporcionar informaci\u00f3n sobre el estado del cumplimiento de los objetivos cuantitativos (tasas de recogida y reciclaje). La Directiva RAEE exige a todos los Estados miembros que recopilen datos sobre residuos de aparatos el\u00e9ctricos y electr\u00f3nicos y los presenten a la Comisi\u00f3n.  <\/p><p>\u00a1Gracias por su cooperaci\u00f3n!<\/p><h4 style=\"font-family: Montserrat;\">II. Pilas usadas <\/h4><p>La siguiente informaci\u00f3n est\u00e1 dirigida a los consumidores que utilizan pilas o productos con pilas integradas (incluidas las recargables). Siga estas instrucciones para su propia seguridad y para garantizar una eliminaci\u00f3n respetuosa con el medio ambiente de las pilas usadas. La correcta eliminaci\u00f3n de las pilas conserva los recursos de nuestro planeta.  <\/p><p style=\"font-weight: 400;\"><strong>\u00a1Por favor, garantice tambi\u00e9n una correcta eliminaci\u00f3n, por el bien del medio ambiente!<\/strong><\/p><p>Los consumidores deben desechar no solo los aparatos el\u00e9ctricos viejos, sino tambi\u00e9n las pilas usadas de forma adecuada y por separado de la basura dom\u00e9stica. \u00a1Las pilas usadas no deben tirarse a la basura dom\u00e9stica! Los consumidores tienen la obligaci\u00f3n legal de devolver las pilas usadas. Por lo tanto, la recogida debe realizarse por separado para garantizar una correcta eliminaci\u00f3n, por ejemplo, a trav\u00e9s de los sistemas locales de recogida y devoluci\u00f3n.    <br><br>La correcta eliminaci\u00f3n optimiza el proceso de recuperaci\u00f3n y reciclaje y evita que sustancias potencialmente peligrosas (por ejemplo, pilas que contienen litio) da\u00f1en su salud y el medio ambiente.<br><br><br><strong>\u00bfC\u00f3mo saber si las pilas usadas deben desecharse por separado de la basura dom\u00e9stica?<\/strong><br><br>El s\u00edmbolo de un contenedor con ruedas tachado en las pilas informa a los consumidores de que deben desecharse por separado de la basura dom\u00e9stica. Las pilas que contienen m\u00e1s del 0,0005 % de mercurio (Hg) en masa, m\u00e1s del 0,002 % de cadmio (Cd) o m\u00e1s del 0,004 % de plomo (Pb) en masa est\u00e1n marcadas debajo del s\u00edmbolo del contenedor con el nombre qu\u00edmico del contaminante utilizado. <br><br><br><strong>\u00bfD\u00f3nde se pueden devolver las pilas usadas?<\/strong><br><br>Los consumidores pueden devolver las pilas usadas de forma gratuita tras su uso a un punto de recogida municipal o a un comercio local. Los distribuidores de pilas tambi\u00e9n est\u00e1n obligados a recoger las pilas usadas. Sin embargo, esta obligaci\u00f3n de recogida se limita a las pilas usadas del tipo que los distribuidores tienen o han tenido en su gama de productos como pilas nuevas. En caso de obligaci\u00f3n de recogida, los consumidores pueden devolver las pilas usadas al distribuidor con el franqueo adecuado.   <\/p>\t\t\t\t\t\t\t\t<\/div>\n\t\t\t\t<\/div>\n\t\t\t\t\t<\/div>\n\t\t\t\t<\/div>\n\t\t\t\t<\/div>\n\t\t","protected":false},"excerpt":{"rendered":"<p>INFORMACI\u00d3N SOBRE LOS APARATOS EL\u00c9CTRICOS DESECHABLES I. Residuos de Aparatos El\u00e9ctricos Nuestras instalaciones de golf cubiertas est\u00e1n dise\u00f1adas para que disfrute al m\u00e1ximo. Sin embargo, es inevitable que, en ocasiones, los dispositivos electr\u00f3nicos lleguen al final de su vida \u00fatil. De acuerdo con nuestra responsabilidad como fabricante y distribuidor bajo la Directiva RAEE, nos gustar\u00eda [&hellip;]<\/p>\n","protected":false},"author":1,"featured_media":0,"parent":0,"menu_order":0,"comment_status":"closed","ping_status":"closed","template":"elementor_header_footer","meta":{"footnotes":""},"class_list":["post-4795","page","type-page","status-publish","hentry"],"yoast_head":"<!-- This site is optimized with the Yoast SEO plugin v27.3 - https:\/\/yoast.com\/product\/yoast-seo-wordpress\/ -->\n<title>RAEE - newgolf.eu<\/title>\n<meta name=\"robots\" content=\"index, follow, max-snippet:-1, max-image-preview:large, max-video-preview:-1\" \/>\n<link rel=\"canonical\" href=\"https:\/\/newgolf.eu\/es\/raee\/\" \/>\n<meta property=\"og:locale\" content=\"es_ES\" \/>\n<meta property=\"og:type\" content=\"article\" \/>\n<meta property=\"og:title\" content=\"RAEE - newgolf.eu\" \/>\n<meta property=\"og:description\" content=\"INFORMACI\u00d3N SOBRE LOS APARATOS EL\u00c9CTRICOS DESECHABLES I. Residuos de Aparatos El\u00e9ctricos Nuestras instalaciones de golf cubiertas est\u00e1n dise\u00f1adas para que disfrute al m\u00e1ximo. Sin embargo, es inevitable que, en ocasiones, los dispositivos electr\u00f3nicos lleguen al final de su vida \u00fatil. De acuerdo con nuestra responsabilidad como fabricante y distribuidor bajo la Directiva RAEE, nos gustar\u00eda [&hellip;]\" \/>\n<meta property=\"og:url\" content=\"https:\/\/newgolf.eu\/es\/raee\/\" \/>\n<meta property=\"og:site_name\" content=\"newgolf.eu\" \/>\n<meta property=\"article:modified_time\" content=\"2025-07-14T10:50:58+00:00\" \/>\n<meta property=\"og:image\" content=\"https:\/\/newgolf.eu\/wp-content\/uploads\/2024\/09\/tonne-symbol.png\" \/>\n\t<meta property=\"og:image:width\" content=\"575\" \/>\n\t<meta property=\"og:image:height\" content=\"746\" \/>\n\t<meta property=\"og:image:type\" content=\"image\/png\" \/>\n<meta name=\"twitter:card\" content=\"summary_large_image\" \/>\n<meta name=\"twitter:label1\" content=\"Tiempo de lectura\" \/>\n\t<meta name=\"twitter:data1\" content=\"6 minutos\" \/>\n<script type=\"application\/ld+json\" class=\"yoast-schema-graph\">{\"@context\":\"https:\\\/\\\/schema.org\",\"@graph\":[{\"@type\":\"WebPage\",\"@id\":\"https:\\\/\\\/newgolf.eu\\\/es\\\/raee\\\/\",\"url\":\"https:\\\/\\\/newgolf.eu\\\/es\\\/raee\\\/\",\"name\":\"RAEE - newgolf.eu\",\"isPartOf\":{\"@id\":\"https:\\\/\\\/newgolf.eu\\\/#website\"},\"primaryImageOfPage\":{\"@id\":\"https:\\\/\\\/newgolf.eu\\\/es\\\/raee\\\/#primaryimage\"},\"image\":{\"@id\":\"https:\\\/\\\/newgolf.eu\\\/es\\\/raee\\\/#primaryimage\"},\"thumbnailUrl\":\"https:\\\/\\\/newgolf.eu\\\/wp-content\\\/uploads\\\/2024\\\/09\\\/tonne-symbol-231x300.png\",\"datePublished\":\"2024-10-22T09:30:35+00:00\",\"dateModified\":\"2025-07-14T10:50:58+00:00\",\"breadcrumb\":{\"@id\":\"https:\\\/\\\/newgolf.eu\\\/es\\\/raee\\\/#breadcrumb\"},\"inLanguage\":\"es\",\"potentialAction\":[{\"@type\":\"ReadAction\",\"target\":[\"https:\\\/\\\/newgolf.eu\\\/es\\\/raee\\\/\"]}]},{\"@type\":\"ImageObject\",\"inLanguage\":\"es\",\"@id\":\"https:\\\/\\\/newgolf.eu\\\/es\\\/raee\\\/#primaryimage\",\"url\":\"https:\\\/\\\/newgolf.eu\\\/wp-content\\\/uploads\\\/2024\\\/09\\\/tonne-symbol-231x300.png\",\"contentUrl\":\"https:\\\/\\\/newgolf.eu\\\/wp-content\\\/uploads\\\/2024\\\/09\\\/tonne-symbol-231x300.png\"},{\"@type\":\"BreadcrumbList\",\"@id\":\"https:\\\/\\\/newgolf.eu\\\/es\\\/raee\\\/#breadcrumb\",\"itemListElement\":[{\"@type\":\"ListItem\",\"position\":1,\"name\":\"Startseite\",\"item\":\"https:\\\/\\\/newgolf.eu\\\/es\\\/home\\\/\"},{\"@type\":\"ListItem\",\"position\":2,\"name\":\"RAEE\"}]},{\"@type\":\"WebSite\",\"@id\":\"https:\\\/\\\/newgolf.eu\\\/#website\",\"url\":\"https:\\\/\\\/newgolf.eu\\\/\",\"name\":\"newgolf.eu\",\"description\":\"Home of Golf\",\"publisher\":{\"@id\":\"https:\\\/\\\/newgolf.eu\\\/#organization\"},\"potentialAction\":[{\"@type\":\"SearchAction\",\"target\":{\"@type\":\"EntryPoint\",\"urlTemplate\":\"https:\\\/\\\/newgolf.eu\\\/?s={search_term_string}\"},\"query-input\":{\"@type\":\"PropertyValueSpecification\",\"valueRequired\":true,\"valueName\":\"search_term_string\"}}],\"inLanguage\":\"es\"},{\"@type\":\"Organization\",\"@id\":\"https:\\\/\\\/newgolf.eu\\\/#organization\",\"name\":\"NEW GOLF GmbH\",\"url\":\"https:\\\/\\\/newgolf.eu\\\/\",\"logo\":{\"@type\":\"ImageObject\",\"inLanguage\":\"es\",\"@id\":\"https:\\\/\\\/newgolf.eu\\\/#\\\/schema\\\/logo\\\/image\\\/\",\"url\":\"https:\\\/\\\/newgolf.eu\\\/wp-content\\\/uploads\\\/2024\\\/09\\\/new-golf-logo-komplett.svg\",\"contentUrl\":\"https:\\\/\\\/newgolf.eu\\\/wp-content\\\/uploads\\\/2024\\\/09\\\/new-golf-logo-komplett.svg\",\"width\":231,\"height\":186,\"caption\":\"NEW GOLF GmbH\"},\"image\":{\"@id\":\"https:\\\/\\\/newgolf.eu\\\/#\\\/schema\\\/logo\\\/image\\\/\"}}]}<\/script>\n<!-- \/ Yoast SEO plugin. -->","yoast_head_json":{"title":"RAEE - newgolf.eu","robots":{"index":"index","follow":"follow","max-snippet":"max-snippet:-1","max-image-preview":"max-image-preview:large","max-video-preview":"max-video-preview:-1"},"canonical":"https:\/\/newgolf.eu\/es\/raee\/","og_locale":"es_ES","og_type":"article","og_title":"RAEE - newgolf.eu","og_description":"INFORMACI\u00d3N SOBRE LOS APARATOS EL\u00c9CTRICOS DESECHABLES I. Residuos de Aparatos El\u00e9ctricos Nuestras instalaciones de golf cubiertas est\u00e1n dise\u00f1adas para que disfrute al m\u00e1ximo. Sin embargo, es inevitable que, en ocasiones, los dispositivos electr\u00f3nicos lleguen al final de su vida \u00fatil. De acuerdo con nuestra responsabilidad como fabricante y distribuidor bajo la Directiva RAEE, nos gustar\u00eda [&hellip;]","og_url":"https:\/\/newgolf.eu\/es\/raee\/","og_site_name":"newgolf.eu","article_modified_time":"2025-07-14T10:50:58+00:00","og_image":[{"width":575,"height":746,"url":"https:\/\/newgolf.eu\/wp-content\/uploads\/2024\/09\/tonne-symbol.png","type":"image\/png"}],"twitter_card":"summary_large_image","twitter_misc":{"Tiempo de lectura":"6 minutos"},"schema":{"@context":"https:\/\/schema.org","@graph":[{"@type":"WebPage","@id":"https:\/\/newgolf.eu\/es\/raee\/","url":"https:\/\/newgolf.eu\/es\/raee\/","name":"RAEE - newgolf.eu","isPartOf":{"@id":"https:\/\/newgolf.eu\/#website"},"primaryImageOfPage":{"@id":"https:\/\/newgolf.eu\/es\/raee\/#primaryimage"},"image":{"@id":"https:\/\/newgolf.eu\/es\/raee\/#primaryimage"},"thumbnailUrl":"https:\/\/newgolf.eu\/wp-content\/uploads\/2024\/09\/tonne-symbol-231x300.png","datePublished":"2024-10-22T09:30:35+00:00","dateModified":"2025-07-14T10:50:58+00:00","breadcrumb":{"@id":"https:\/\/newgolf.eu\/es\/raee\/#breadcrumb"},"inLanguage":"es","potentialAction":[{"@type":"ReadAction","target":["https:\/\/newgolf.eu\/es\/raee\/"]}]},{"@type":"ImageObject","inLanguage":"es","@id":"https:\/\/newgolf.eu\/es\/raee\/#primaryimage","url":"https:\/\/newgolf.eu\/wp-content\/uploads\/2024\/09\/tonne-symbol-231x300.png","contentUrl":"https:\/\/newgolf.eu\/wp-content\/uploads\/2024\/09\/tonne-symbol-231x300.png"},{"@type":"BreadcrumbList","@id":"https:\/\/newgolf.eu\/es\/raee\/#breadcrumb","itemListElement":[{"@type":"ListItem","position":1,"name":"Startseite","item":"https:\/\/newgolf.eu\/es\/home\/"},{"@type":"ListItem","position":2,"name":"RAEE"}]},{"@type":"WebSite","@id":"https:\/\/newgolf.eu\/#website","url":"https:\/\/newgolf.eu\/","name":"newgolf.eu","description":"Home of Golf","publisher":{"@id":"https:\/\/newgolf.eu\/#organization"},"potentialAction":[{"@type":"SearchAction","target":{"@type":"EntryPoint","urlTemplate":"https:\/\/newgolf.eu\/?s={search_term_string}"},"query-input":{"@type":"PropertyValueSpecification","valueRequired":true,"valueName":"search_term_string"}}],"inLanguage":"es"},{"@type":"Organization","@id":"https:\/\/newgolf.eu\/#organization","name":"NEW GOLF GmbH","url":"https:\/\/newgolf.eu\/","logo":{"@type":"ImageObject","inLanguage":"es","@id":"https:\/\/newgolf.eu\/#\/schema\/logo\/image\/","url":"https:\/\/newgolf.eu\/wp-content\/uploads\/2024\/09\/new-golf-logo-komplett.svg","contentUrl":"https:\/\/newgolf.eu\/wp-content\/uploads\/2024\/09\/new-golf-logo-komplett.svg","width":231,"height":186,"caption":"NEW GOLF GmbH"},"image":{"@id":"https:\/\/newgolf.eu\/#\/schema\/logo\/image\/"}}]}},"_links":{"self":[{"href":"https:\/\/newgolf.eu\/es\/wp-json\/wp\/v2\/pages\/4795","targetHints":{"allow":["GET"]}}],"collection":[{"href":"https:\/\/newgolf.eu\/es\/wp-json\/wp\/v2\/pages"}],"about":[{"href":"https:\/\/newgolf.eu\/es\/wp-json\/wp\/v2\/types\/page"}],"author":[{"embeddable":true,"href":"https:\/\/newgolf.eu\/es\/wp-json\/wp\/v2\/users\/1"}],"replies":[{"embeddable":true,"href":"https:\/\/newgolf.eu\/es\/wp-json\/wp\/v2\/comments?post=4795"}],"version-history":[{"count":1,"href":"https:\/\/newgolf.eu\/es\/wp-json\/wp\/v2\/pages\/4795\/revisions"}],"predecessor-version":[{"id":4796,"href":"https:\/\/newgolf.eu\/es\/wp-json\/wp\/v2\/pages\/4795\/revisions\/4796"}],"wp:attachment":[{"href":"https:\/\/newgolf.eu\/es\/wp-json\/wp\/v2\/media?parent=4795"}],"curies":[{"name":"wp","href":"https:\/\/api.w.org\/{rel}","templated":true}]}}