{"id":4782,"date":"2024-11-06T10:25:32","date_gmt":"2024-11-06T10:25:32","guid":{"rendered":"https:\/\/newgolf.eu\/politica-de-cancelacion\/"},"modified":"2026-01-21T12:56:42","modified_gmt":"2026-01-21T12:56:42","slug":"politica-de-cancelacion","status":"publish","type":"page","link":"https:\/\/newgolf.eu\/es\/politica-de-cancelacion\/","title":{"rendered":"Pol\u00edtica de cancelaci\u00f3n"},"content":{"rendered":"\t\t<div data-elementor-type=\"wp-page\" data-elementor-id=\"4782\" class=\"elementor elementor-4782 elementor-623\" data-elementor-post-type=\"page\">\n\t\t\t\t<div class=\"elementor-element elementor-element-2d2c36a4 e-flex e-con-boxed e-con e-parent\" data-id=\"2d2c36a4\" data-element_type=\"container\" data-e-type=\"container\">\n\t\t\t\t\t<div class=\"e-con-inner\">\n\t\t\t\t<div class=\"elementor-element elementor-element-670d305e elementor-widget elementor-widget-text-editor\" data-id=\"670d305e\" data-element_type=\"widget\" data-e-type=\"widget\" data-widget_type=\"text-editor.default\">\n\t\t\t\t<div class=\"elementor-widget-container\">\n\t\t\t\t\t\t\t\t\t<p><strong>Pol\u00edtica de cancelaci\u00f3n<\/strong><\/p>\t\t\t\t\t\t\t\t<\/div>\n\t\t\t\t<\/div>\n\t\t\t\t<div class=\"elementor-element elementor-element-1d771885 elementor-widget elementor-widget-text-editor\" data-id=\"1d771885\" data-element_type=\"widget\" data-e-type=\"widget\" data-widget_type=\"text-editor.default\">\n\t\t\t\t<div class=\"elementor-widget-container\">\n\t\t\t\t\t\t\t\t\t<p style=\"font-weight: 400;\">Las siguientes disposiciones se aplican a los contratos celebrados fuera de nuestros locales comerciales o mediante venta a distancia a trav\u00e9s del sitio web, correo electr\u00f3nico, tel\u00e9fono u otros canales de comunicaci\u00f3n.<\/p><p style=\"font-weight: 400;\">Sobre la base de la Directiva sobre derechos de los consumidores (Directiva 2011\/83\/UE), la Directiva de modernizaci\u00f3n (UE) 2019\/2161 y diversas implementaciones legales nacionales, usted, como consumidor, tiene generalmente derecho al denominado derecho de revocaci\u00f3n (o derecho de desistimiento) en las transacciones de venta a distancia.<\/p><ol><li style=\"font-weight: 400;\"><strong> Derecho de cancelaci\u00f3n de contrato <\/strong><\/li><\/ol><p style=\"font-weight: 400;\">Como consumidor, generalmente tiene derecho a desistir de este tipo de contrato (venta a distancia) en un plazo de 14 d\u00edas sin necesidad de justificaci\u00f3n. El plazo de desistimiento comienza a contar para los contratos de compraventa.<\/p><ul><li>El d\u00eda en que el consumidor o un tercero designado por este, distinto del transportista, adquiera la posesi\u00f3n de los bienes;<\/li><li>Si el consumidor ha pedido varios bienes en un mismo pedido que se entregan por separado, el d\u00eda en que el consumidor o un tercero designado por este, distinto del transportista, adquiera la posesi\u00f3n de los \u00faltimos bienes entregados;<\/li><li>Si los bienes se entregan en varias entregas parciales, el d\u00eda en que el consumidor o un tercero designado por este, distinto del transportista, adquiera la posesi\u00f3n de la \u00faltima entrega parcial;<\/li><li>Para contratos de entrega regular de bienes durante un per\u00edodo determinado, el d\u00eda en que el consumidor o un tercero designado por este, distinto del transportista, adquiera la posesi\u00f3n de los primeros bienes entregados.<\/li><li>Si se cumplen varios de los puntos anteriores, el plazo de desistimiento comienza cuando el consumidor o un tercero designado por este, distinto del transportista, adquiera la posesi\u00f3n de los \u00faltimos bienes o entregas parciales.<\/li><\/ul><p style=\"font-weight: 400;\">En el caso de los contratos de servicios (que incluyen tambi\u00e9n los contratos de suministro de obra), el plazo de cancelaci\u00f3n de 14 d\u00edas comienza el d\u00eda de la celebraci\u00f3n del contrato.<\/p><p style=\"font-weight: 400;\">Para ejercer su derecho de desistimiento, usted, como consumidor, deber\u00e1 notificar a NEW GOLF GmbH, Via Sanitas 1, 5082 Gr\u00f6dig, cerca de Salzburgo, Austria, a la direcci\u00f3n de correo electr\u00f3nico <span style=\"color: #000000;\"><a style=\"color: #000000;\" href=\"mailto:office@newgolf.eu\">office@newgolf.eu<\/a><\/span>, su decisi\u00f3n de desistir del presente contrato mediante una declaraci\u00f3n inequ\u00edvoca (por ejemplo, una carta enviada por correo postal, fax o correo electr\u00f3nico). Para cumplir con el plazo de desistimiento, basta con que env\u00ede la notificaci\u00f3n del ejercicio del derecho de desistimiento antes de que venza dicho plazo.<\/p><p style=\"font-weight: 400;\">Como consumidor, tambi\u00e9n puede utilizar el modelo de formulario de desistimiento legalmente prescrito, aunque su uso no es obligatorio. Encontrar\u00e1 este formulario al final de estas instrucciones.<\/p><ol start=\"2\"><li style=\"font-weight: 400;\"><strong> Excepciones al derecho de desistimiento <\/strong><\/li><\/ol><p style=\"font-weight: 400;\">No existe derecho de desistimiento, en particular al concluir contratos.<\/p><ul><li>sobre grabaciones de sonido o v\u00eddeo, o programas inform\u00e1ticos entregados en un paquete sellado, siempre que el sello se haya retirado tras la entrega;<\/li><li>sobre bienes\/productos confeccionados seg\u00fan las especificaciones del cliente o claramente adaptados a sus necesidades personales;<\/li><li>sobre bienes\/productos que, por su naturaleza, se hayan mezclado inseparablemente con otros bienes tras la entrega;<\/li><li>sobre trabajos urgentes de reparaci\u00f3n o mantenimiento para los que el consumidor haya solicitado expresamente la visita del comerciante.<br \/><br \/><\/li><\/ul><ol start=\"3\"><li style=\"font-weight: 400;\"><strong> P\u00e9rdida del derecho de desistimiento <\/strong><\/li><\/ol><p style=\"font-weight: 400;\">No tiene derecho a desistir de los contratos de servicios si hemos prestado el servicio en su totalidad antes de que expire el plazo de desistimiento; sin embargo, en los casos de su obligaci\u00f3n contractual de pago, el derecho a desistir solo expirar\u00e1 si tambi\u00e9n hemos comenzado a cumplir el contrato, a petici\u00f3n suya expresa, con su consentimiento expreso previo y hemos recibido su confirmaci\u00f3n de su conocimiento antes del inicio del cumplimiento del contrato de que perder\u00e1 el derecho a desistir con el cumplimiento completo del contrato; o nos ha solicitado expresamente que lo visitemos para realizar trabajos de reparaci\u00f3n.<\/p><p style=\"font-weight: 400;\">Incluso en el caso de contratos de entrega de contenidos digitales no almacenados en un soporte de datos f\u00edsico, usted no tiene derecho de desistimiento si hemos comenzado a cumplir el contrato antes de que expire el per\u00edodo de desistimiento; sin embargo, en los casos de su obligaci\u00f3n contractual de pago, el derecho de desistimiento solo expira si tambi\u00e9n ha consentido expresamente el inicio del cumplimiento del contrato antes de que expire el per\u00edodo de desistimiento, hemos recibido confirmaci\u00f3n de su parte de que es consciente de que perder\u00e1 su derecho de desistimiento debido al inicio prematuro del cumplimiento del contrato y le hemos proporcionado una copia o confirmaci\u00f3n de conformidad con la Secci\u00f3n 5 (2) FAGG o la Secci\u00f3n 7 (3) FAGG.<\/p><ol start=\"4\"><li style=\"font-weight: 400;\"><strong> Obligaci\u00f3n proporcional de cumplimiento del consumidor en los contratos de servicios (obras y servicios)<\/strong><\/li><\/ol><p style=\"font-weight: 400;\">Si acepta expresamente que el cumplimiento del contrato comience antes del vencimiento del plazo de cancelaci\u00f3n, en caso de cancelaci\u00f3n dentro del plazo de cancelaci\u00f3n, una vez que hayamos prestado parcialmente el servicio, estar\u00e1 obligado a abonarnos un importe proporcional a los servicios prestados. Este importe se basa en el precio total acordado.<\/p><ol start=\"5\"><li style=\"font-weight: 400;\"><strong> Consecuencias de la revocaci\u00f3n y direcci\u00f3n de devoluci\u00f3n <\/strong><\/li><\/ol><p style=\"font-weight: 400;\">Debe devolver o entregar los bienes sin demora y, en cualquier caso, a m\u00e1s tardar 14 d\u00edas a partir de la fecha en que nos notific\u00f3 la cancelaci\u00f3n del presente contrato a<\/p><p style=\"font-weight: 400;\">NEW GOLF GmbH,\u00a0<br \/>Via Sanitas 1, 5082 Gr\u00f6dig, cerca de Salzburgo, Austria<\/p><p style=\"font-weight: 400;\">Si ejerce su derecho de desistimiento, le reembolsaremos todos los pagos que hayamos recibido de usted, incluidos los gastos de env\u00edo (excluyendo cualquier coste adicional derivado de su elecci\u00f3n de un m\u00e9todo de env\u00edo distinto al env\u00edo est\u00e1ndar m\u00e1s econ\u00f3mico que ofrecemos), lo antes posible y, en un plazo m\u00e1ximo de 14 d\u00edas a partir de la fecha en que recibamos la notificaci\u00f3n de su desistimiento del presente contrato. Le reembolsaremos utilizando el mismo medio de pago que utiliz\u00f3 para la transacci\u00f3n original, salvo que se haya acordado expresamente lo contrario con usted; en ning\u00fan caso se le cobrar\u00e1 ninguna comisi\u00f3n por este reembolso. Podremos negarnos a realizar el reembolso hasta que hayamos recibido los productos de vuelta o hasta que nos haya proporcionado un comprobante de su devoluci\u00f3n.<\/p><ol start=\"6\"><li style=\"font-weight: 400;\"><strong> Costos de devoluci\u00f3n de mercanc\u00edas<\/strong><\/li><\/ol><p style=\"font-weight: 400;\">En caso de cancelaci\u00f3n, usted ser\u00e1 responsable del coste directo de la devoluci\u00f3n de los productos. Solo ser\u00e1 responsable de la p\u00e9rdida de valor de los productos si esta se debe a una manipulaci\u00f3n que no sea necesaria para comprobar su calidad, propiedades y funcionamiento. Sin embargo, no ser\u00e1 responsable de ninguna p\u00e9rdida de valor de los productos a menos que le hayamos informado de su derecho de cancelaci\u00f3n.<\/p><ol start=\"7\"><li style=\"font-weight: 400;\"><strong> Modalidades de devoluci\u00f3n<\/strong><\/li><\/ol><p style=\"font-weight: 400;\">Si ejerce su derecho de desistimiento, le rogamos que nos informe antes de devolver los productos (por ejemplo, a trav\u00e9s de la p\u00e1gina de contacto en <span style=\"color: #000000;\"><a style=\"color: #000000;\" href=\"https:\/\/newgolf.eu\/es\/contacto\/\">newgolf.eu\/es\/contacto\/<\/a> <\/span>o por correo electr\u00f3nico a <span style=\"color: #000000;\"><a style=\"color: #000000;\" href=\"mailto:office@newgolf.eu\">office@newgolf.eu<\/a>)<\/span>. Esto nos permitir\u00e1 identificar r\u00e1pidamente los productos.<\/p><p style=\"font-weight: 400;\">Tambi\u00e9n le rogamos que nos devuelva los productos con franqueo pagado y conserve el comprobante de env\u00edo. No se aceptar\u00e1n paquetes sin franqueo pagado.<\/p><p style=\"font-weight: 400;\">Le rogamos que evite da\u00f1ar la mercanc\u00eda o art\u00edculos similares. Si es posible, devu\u00e9lvanos la mercanc\u00eda en su embalaje original, con todos los accesorios incluidos. Se debe garantizar una protecci\u00f3n adecuada contra da\u00f1os durante el transporte para evitar cualquier reclamaci\u00f3n por da\u00f1os derivados de un embalaje inadecuado. Si no utiliza el embalaje original al devolver la mercanc\u00eda, deber\u00e1 actuar con la debida diligencia.<\/p><p style=\"font-weight: 400;\">Estos t\u00e9rminos y condiciones no son un requisito previo para el ejercicio efectivo del derecho de desistimiento.<\/p><p style=\"font-weight: 400;\"><em><u>Modelo de formulario de desistimiento legal<\/u><\/em><em><br \/>(Si desea desistir del contrato, rellene este formulario y env\u00edelo)<\/em><\/p><p style=\"font-weight: 400;\"><em>A NEW GOLF GmbH, Via Sanitas 1, 5082 Gr\u00f6dig, cerca de Salzburgo, Austria,<\/em><em>\u00a0Email office@newgolf.eu<\/em><\/p><p style=\"font-weight: 400;\"><em>Por la presente, yo\/nosotros (*) rescindimos el contrato celebrado por m\u00ed\/nosotros (*) para la compra del siguiente bien (*)\/la prestaci\u00f3n del siguiente servicio (*): <\/em><\/p><p style=\"font-weight: 400;\"><em>Pedido el (*)\/recibido el (*): <\/em><\/p><p style=\"font-weight: 400;\"><em>Nombre del consumidor(es) <\/em><\/p><p style=\"font-weight: 400;\"><em>Direcci\u00f3n del consumidor(es) <\/em><\/p><p style=\"font-weight: 400;\"><em>Firma del consumidor(es) (s\u00f3lo si la notificaci\u00f3n se realiza en papel): <\/em><\/p><p style=\"font-weight: 400;\"><em>Fecha &#8230;&#8230;&#8230;&#8230;&#8230;&#8230;&#8230;&#8230;&#8230;&#8230;&#8230;<\/em><\/p><p style=\"font-weight: 400;\"><em>(*) T\u00e1chese lo que no proceda. <\/em><\/p><p style=\"font-weight: 400;\">\u00a0<\/p>\t\t\t\t\t\t\t\t<\/div>\n\t\t\t\t<\/div>\n\t\t\t\t\t<\/div>\n\t\t\t\t<\/div>\n\t\t\t\t<\/div>\n\t\t","protected":false},"excerpt":{"rendered":"<p>Pol\u00edtica de cancelaci\u00f3n Las siguientes disposiciones se aplican a los contratos celebrados fuera de nuestros locales comerciales o mediante venta a distancia a trav\u00e9s del sitio web, correo electr\u00f3nico, tel\u00e9fono u otros canales de comunicaci\u00f3n. Sobre la base de la Directiva sobre derechos de los consumidores (Directiva 2011\/83\/UE), la Directiva de modernizaci\u00f3n (UE) 2019\/2161 y [&hellip;]<\/p>\n","protected":false},"author":1,"featured_media":0,"parent":0,"menu_order":0,"comment_status":"closed","ping_status":"closed","template":"elementor_header_footer","meta":{"footnotes":""},"class_list":["post-4782","page","type-page","status-publish","hentry"],"yoast_head":"<!-- This site is optimized with the Yoast SEO plugin v27.3 - https:\/\/yoast.com\/product\/yoast-seo-wordpress\/ -->\n<title>Pol\u00edtica de cancelaci\u00f3n - newgolf.eu<\/title>\n<meta name=\"robots\" content=\"index, follow, max-snippet:-1, max-image-preview:large, max-video-preview:-1\" \/>\n<link rel=\"canonical\" href=\"https:\/\/newgolf.eu\/widerrufsbelehrung\/\" \/>\n<meta property=\"og:locale\" content=\"es_ES\" \/>\n<meta property=\"og:type\" content=\"article\" \/>\n<meta property=\"og:title\" content=\"Pol\u00edtica de cancelaci\u00f3n - newgolf.eu\" \/>\n<meta property=\"og:description\" content=\"Pol\u00edtica de cancelaci\u00f3n Las siguientes disposiciones se aplican a los contratos celebrados fuera de nuestros locales comerciales o mediante venta a distancia a trav\u00e9s del sitio web, correo electr\u00f3nico, tel\u00e9fono u otros canales de comunicaci\u00f3n. Sobre la base de la Directiva sobre derechos de los consumidores (Directiva 2011\/83\/UE), la Directiva de modernizaci\u00f3n (UE) 2019\/2161 y [&hellip;]\" \/>\n<meta property=\"og:url\" content=\"https:\/\/newgolf.eu\/widerrufsbelehrung\/\" \/>\n<meta property=\"og:site_name\" content=\"newgolf.eu\" \/>\n<meta property=\"article:modified_time\" content=\"2026-01-21T12:56:42+00:00\" \/>\n<meta name=\"twitter:card\" content=\"summary_large_image\" \/>\n<meta name=\"twitter:label1\" content=\"Tiempo de lectura\" \/>\n\t<meta name=\"twitter:data1\" content=\"6 minutos\" \/>\n<script type=\"application\/ld+json\" class=\"yoast-schema-graph\">{\"@context\":\"https:\\\/\\\/schema.org\",\"@graph\":[{\"@type\":\"WebPage\",\"@id\":\"https:\\\/\\\/newgolf.eu\\\/widerrufsbelehrung\\\/\",\"url\":\"https:\\\/\\\/newgolf.eu\\\/widerrufsbelehrung\\\/\",\"name\":\"Pol\u00edtica de cancelaci\u00f3n - newgolf.eu\",\"isPartOf\":{\"@id\":\"https:\\\/\\\/newgolf.eu\\\/#website\"},\"datePublished\":\"2024-11-06T10:25:32+00:00\",\"dateModified\":\"2026-01-21T12:56:42+00:00\",\"breadcrumb\":{\"@id\":\"https:\\\/\\\/newgolf.eu\\\/widerrufsbelehrung\\\/#breadcrumb\"},\"inLanguage\":\"es\",\"potentialAction\":[{\"@type\":\"ReadAction\",\"target\":[\"https:\\\/\\\/newgolf.eu\\\/widerrufsbelehrung\\\/\"]}]},{\"@type\":\"BreadcrumbList\",\"@id\":\"https:\\\/\\\/newgolf.eu\\\/widerrufsbelehrung\\\/#breadcrumb\",\"itemListElement\":[{\"@type\":\"ListItem\",\"position\":1,\"name\":\"Startseite\",\"item\":\"https:\\\/\\\/newgolf.eu\\\/es\\\/home\\\/\"},{\"@type\":\"ListItem\",\"position\":2,\"name\":\"Pol\u00edtica de cancelaci\u00f3n\"}]},{\"@type\":\"WebSite\",\"@id\":\"https:\\\/\\\/newgolf.eu\\\/#website\",\"url\":\"https:\\\/\\\/newgolf.eu\\\/\",\"name\":\"newgolf.eu\",\"description\":\"Home of Golf\",\"publisher\":{\"@id\":\"https:\\\/\\\/newgolf.eu\\\/#organization\"},\"potentialAction\":[{\"@type\":\"SearchAction\",\"target\":{\"@type\":\"EntryPoint\",\"urlTemplate\":\"https:\\\/\\\/newgolf.eu\\\/?s={search_term_string}\"},\"query-input\":{\"@type\":\"PropertyValueSpecification\",\"valueRequired\":true,\"valueName\":\"search_term_string\"}}],\"inLanguage\":\"es\"},{\"@type\":\"Organization\",\"@id\":\"https:\\\/\\\/newgolf.eu\\\/#organization\",\"name\":\"NEW GOLF GmbH\",\"url\":\"https:\\\/\\\/newgolf.eu\\\/\",\"logo\":{\"@type\":\"ImageObject\",\"inLanguage\":\"es\",\"@id\":\"https:\\\/\\\/newgolf.eu\\\/#\\\/schema\\\/logo\\\/image\\\/\",\"url\":\"https:\\\/\\\/newgolf.eu\\\/wp-content\\\/uploads\\\/2024\\\/09\\\/new-golf-logo-komplett.svg\",\"contentUrl\":\"https:\\\/\\\/newgolf.eu\\\/wp-content\\\/uploads\\\/2024\\\/09\\\/new-golf-logo-komplett.svg\",\"width\":231,\"height\":186,\"caption\":\"NEW GOLF GmbH\"},\"image\":{\"@id\":\"https:\\\/\\\/newgolf.eu\\\/#\\\/schema\\\/logo\\\/image\\\/\"}}]}<\/script>\n<!-- \/ Yoast SEO plugin. -->","yoast_head_json":{"title":"Pol\u00edtica de cancelaci\u00f3n - newgolf.eu","robots":{"index":"index","follow":"follow","max-snippet":"max-snippet:-1","max-image-preview":"max-image-preview:large","max-video-preview":"max-video-preview:-1"},"canonical":"https:\/\/newgolf.eu\/widerrufsbelehrung\/","og_locale":"es_ES","og_type":"article","og_title":"Pol\u00edtica de cancelaci\u00f3n - newgolf.eu","og_description":"Pol\u00edtica de cancelaci\u00f3n Las siguientes disposiciones se aplican a los contratos celebrados fuera de nuestros locales comerciales o mediante venta a distancia a trav\u00e9s del sitio web, correo electr\u00f3nico, tel\u00e9fono u otros canales de comunicaci\u00f3n. Sobre la base de la Directiva sobre derechos de los consumidores (Directiva 2011\/83\/UE), la Directiva de modernizaci\u00f3n (UE) 2019\/2161 y [&hellip;]","og_url":"https:\/\/newgolf.eu\/widerrufsbelehrung\/","og_site_name":"newgolf.eu","article_modified_time":"2026-01-21T12:56:42+00:00","twitter_card":"summary_large_image","twitter_misc":{"Tiempo de lectura":"6 minutos"},"schema":{"@context":"https:\/\/schema.org","@graph":[{"@type":"WebPage","@id":"https:\/\/newgolf.eu\/widerrufsbelehrung\/","url":"https:\/\/newgolf.eu\/widerrufsbelehrung\/","name":"Pol\u00edtica de cancelaci\u00f3n - newgolf.eu","isPartOf":{"@id":"https:\/\/newgolf.eu\/#website"},"datePublished":"2024-11-06T10:25:32+00:00","dateModified":"2026-01-21T12:56:42+00:00","breadcrumb":{"@id":"https:\/\/newgolf.eu\/widerrufsbelehrung\/#breadcrumb"},"inLanguage":"es","potentialAction":[{"@type":"ReadAction","target":["https:\/\/newgolf.eu\/widerrufsbelehrung\/"]}]},{"@type":"BreadcrumbList","@id":"https:\/\/newgolf.eu\/widerrufsbelehrung\/#breadcrumb","itemListElement":[{"@type":"ListItem","position":1,"name":"Startseite","item":"https:\/\/newgolf.eu\/es\/home\/"},{"@type":"ListItem","position":2,"name":"Pol\u00edtica de cancelaci\u00f3n"}]},{"@type":"WebSite","@id":"https:\/\/newgolf.eu\/#website","url":"https:\/\/newgolf.eu\/","name":"newgolf.eu","description":"Home of Golf","publisher":{"@id":"https:\/\/newgolf.eu\/#organization"},"potentialAction":[{"@type":"SearchAction","target":{"@type":"EntryPoint","urlTemplate":"https:\/\/newgolf.eu\/?s={search_term_string}"},"query-input":{"@type":"PropertyValueSpecification","valueRequired":true,"valueName":"search_term_string"}}],"inLanguage":"es"},{"@type":"Organization","@id":"https:\/\/newgolf.eu\/#organization","name":"NEW GOLF GmbH","url":"https:\/\/newgolf.eu\/","logo":{"@type":"ImageObject","inLanguage":"es","@id":"https:\/\/newgolf.eu\/#\/schema\/logo\/image\/","url":"https:\/\/newgolf.eu\/wp-content\/uploads\/2024\/09\/new-golf-logo-komplett.svg","contentUrl":"https:\/\/newgolf.eu\/wp-content\/uploads\/2024\/09\/new-golf-logo-komplett.svg","width":231,"height":186,"caption":"NEW GOLF GmbH"},"image":{"@id":"https:\/\/newgolf.eu\/#\/schema\/logo\/image\/"}}]}},"_links":{"self":[{"href":"https:\/\/newgolf.eu\/es\/wp-json\/wp\/v2\/pages\/4782","targetHints":{"allow":["GET"]}}],"collection":[{"href":"https:\/\/newgolf.eu\/es\/wp-json\/wp\/v2\/pages"}],"about":[{"href":"https:\/\/newgolf.eu\/es\/wp-json\/wp\/v2\/types\/page"}],"author":[{"embeddable":true,"href":"https:\/\/newgolf.eu\/es\/wp-json\/wp\/v2\/users\/1"}],"replies":[{"embeddable":true,"href":"https:\/\/newgolf.eu\/es\/wp-json\/wp\/v2\/comments?post=4782"}],"version-history":[{"count":4,"href":"https:\/\/newgolf.eu\/es\/wp-json\/wp\/v2\/pages\/4782\/revisions"}],"predecessor-version":[{"id":5179,"href":"https:\/\/newgolf.eu\/es\/wp-json\/wp\/v2\/pages\/4782\/revisions\/5179"}],"wp:attachment":[{"href":"https:\/\/newgolf.eu\/es\/wp-json\/wp\/v2\/media?parent=4782"}],"curies":[{"name":"wp","href":"https:\/\/api.w.org\/{rel}","templated":true}]}}