{"id":4756,"date":"2024-10-01T09:48:57","date_gmt":"2024-10-01T09:48:57","guid":{"rendered":"https:\/\/newgolf.eu\/cgc\/"},"modified":"2026-01-21T12:54:00","modified_gmt":"2026-01-21T12:54:00","slug":"cgc","status":"publish","type":"page","link":"https:\/\/newgolf.eu\/es\/cgc\/","title":{"rendered":"CGC"},"content":{"rendered":"\t\t<div data-elementor-type=\"wp-page\" data-elementor-id=\"4756\" class=\"elementor elementor-4756 elementor-597\" data-elementor-post-type=\"page\">\n\t\t\t\t<div class=\"elementor-element elementor-element-6af45a05 e-flex e-con-boxed e-con e-parent\" data-id=\"6af45a05\" data-element_type=\"container\" data-e-type=\"container\" data-settings=\"{&quot;background_background&quot;:&quot;classic&quot;}\">\n\t\t\t\t\t<div class=\"e-con-inner\">\n\t\t<div class=\"elementor-element elementor-element-7b7b22be animated-fast e-con-full e-flex elementor-invisible e-con e-child\" data-id=\"7b7b22be\" data-element_type=\"container\" data-e-type=\"container\" data-settings=\"{&quot;animation&quot;:&quot;fadeIn&quot;,&quot;animation_delay&quot;:500}\">\n\t\t\t\t<\/div>\n\t\t\t\t<div class=\"elementor-element elementor-element-e1f3266 elementor-widget elementor-widget-heading\" data-id=\"e1f3266\" data-element_type=\"widget\" data-e-type=\"widget\" data-widget_type=\"heading.default\">\n\t\t\t\t<div class=\"elementor-widget-container\">\n\t\t\t\t\t<h2 class=\"elementor-heading-title elementor-size-default\"> Condiciones Generales de Contrataci\u00f3n (CGC) de nuestras empresas<\/h2>\t\t\t\t<\/div>\n\t\t\t\t<\/div>\n\t\t\t\t<div class=\"elementor-element elementor-element-dc4c006 elementor-widget elementor-widget-text-editor\" data-id=\"dc4c006\" data-element_type=\"widget\" data-e-type=\"widget\" data-widget_type=\"text-editor.default\">\n\t\t\t\t<div class=\"elementor-widget-container\">\n\t\t\t\t\t\t\t\t\t<p style=\"text-align: left;\">Aqu\u00ed encontrar\u00e1 las condiciones generales de contrataci\u00f3n de las empresas New Golf GmbH y New Golf Vermietungs GmbH.<\/p>\t\t\t\t\t\t\t\t<\/div>\n\t\t\t\t<\/div>\n\t\t<div class=\"elementor-element elementor-element-6877a5d e-grid e-con-boxed e-con e-child\" data-id=\"6877a5d\" data-element_type=\"container\" data-e-type=\"container\">\n\t\t\t\t\t<div class=\"e-con-inner\">\n\t\t<div class=\"elementor-element elementor-element-6efd8251 animated-fast e-con-full e-flex elementor-invisible e-con e-child\" data-id=\"6efd8251\" data-element_type=\"container\" data-e-type=\"container\" data-settings=\"{&quot;background_background&quot;:&quot;classic&quot;,&quot;animation&quot;:&quot;fadeIn&quot;,&quot;animation_delay&quot;:600}\">\n\t\t\t\t<div class=\"elementor-element elementor-element-668b6d52 elementor-position-inline-end elementor-view-default elementor-mobile-position-block-start elementor-widget elementor-widget-icon-box\" data-id=\"668b6d52\" data-element_type=\"widget\" data-e-type=\"widget\" data-widget_type=\"icon-box.default\">\n\t\t\t\t<div class=\"elementor-widget-container\">\n\t\t\t\t\t\t\t<div class=\"elementor-icon-box-wrapper\">\n\n\t\t\t\t\t\t<div class=\"elementor-icon-box-icon\">\n\t\t\t\t<a href=\"https:\/\/newgolf.eu\/wp-content\/uploads\/2026\/01\/Newgolf_AGB.pdf\" target=\"_blank\" class=\"elementor-icon\" tabindex=\"-1\" aria-label=\"New Golf GmbH\">\n\t\t\t\t<svg xmlns=\"http:\/\/www.w3.org\/2000\/svg\" id=\"_&#x10E;&#x17D;&#xD3;&#x165;_1\" data-name=\"&#x10E;&#x17D;&#xD3;&#x165; 1\" viewBox=\"0 0 486 390.18\"><defs><style>      .cls-1 {        fill: #1d1d1b;      }    <\/style><\/defs><g><path class=\"cls-1\" d=\"M0,323.82c4.82-.85,11.28-1.38,18.08-1.38,11.31,0,18.81,2.21,24.53,6.75,6.52,5.13,10.43,13.42,10.43,25.48,0,12.92-4.25,21.92-10.43,27.23-6.24,5.35-15.67,7.93-27.49,7.93-6.68,0-11.78-.45-15.11-.91v-65.09ZM14.33,378.22c1.12.23,2.87.24,4.35.24,11.37.08,19.24-6.99,19.24-23.57.02-13.73-6.68-21.28-18.05-21.28-2.57,0-4.37.21-5.54.5v44.11Z\"><\/path><path class=\"cls-1\" d=\"M116.63,355.22c0,22.72-11.85,34.95-29.19,34.95-18.26,0-28.14-15.18-28.14-33.87s11.08-34.41,29.15-34.41c19.04,0,28.18,15.93,28.18,33.33ZM74.42,356.15c0,13.6,5.12,22.32,13.69,22.32s13.4-9.66,13.4-22.71c0-11.88-4.49-22.16-13.46-22.16s-13.64,9.26-13.64,22.55Z\"><\/path><path class=\"cls-1\" d=\"M135.04,389.18l-14.39-66.29h15.26l4.48,27.03c1.27,7.8,2.41,16.11,3.39,23.22h.22c1.03-7.49,2.57-15.22,4.15-23.36l5.39-26.89h14.28l5.03,27.44c1.35,7.65,2.48,14.81,3.4,22.57h.21c.97-7.77,2.2-15.29,3.48-23.15l4.72-26.86h14.45l-15.46,66.29h-15.34l-5.13-26.49c-1.25-6.49-2.27-13.13-3.12-20.82h-.2c-1.14,7.64-2.22,14.25-3.73,20.88l-5.77,26.43h-15.32Z\"><\/path><path class=\"cls-1\" d=\"M206.65,389.18v-66.29h15.77l12.69,24.82c3.38,6.4,7.06,14.75,9.71,21.71l.24-.02c-.78-8.21-1.24-17.92-1.24-28.59v-17.92h13.03v66.29h-14.54l-12.96-25.44c-3.44-6.68-7.38-15.15-10.09-22.37l-.29.02c.44,8.15.71,17.78.71,29.36v18.42h-13.03Z\"><\/path><path class=\"cls-1\" d=\"M269.4,322.89h14.37v54.22h23.55v12.07h-37.92v-66.29Z\"><\/path><path class=\"cls-1\" d=\"M366.46,355.22c0,22.72-11.85,34.95-29.19,34.95-18.26,0-28.14-15.18-28.14-33.87s11.08-34.41,29.15-34.41c19.04,0,28.18,15.93,28.18,33.33ZM324.25,356.15c0,13.6,5.12,22.32,13.69,22.32s13.4-9.66,13.4-22.71c0-11.88-4.49-22.16-13.46-22.16s-13.64,9.26-13.64,22.55Z\"><\/path><path class=\"cls-1\" d=\"M388.15,372.73l-4.15,16.46h-14.6l18.48-66.29h18.36l18.31,66.29h-15.07l-4.42-16.46h-16.92ZM403.18,361.91l-3.55-14.03c-.99-3.95-2.08-9.43-2.98-13.46h-.22c-.89,4.05-1.89,9.63-2.84,13.48l-3.5,14.01h13.1Z\"><\/path><path class=\"cls-1\" d=\"M432.97,323.82c4.82-.85,11.28-1.38,18.07-1.38,11.31,0,18.81,2.21,24.53,6.75,6.52,5.13,10.43,13.42,10.43,25.48,0,12.92-4.25,21.92-10.43,27.23-6.24,5.35-15.67,7.93-27.49,7.93-6.68,0-11.78-.45-15.11-.91v-65.09ZM447.3,378.22c1.12.23,2.87.24,4.35.24,11.37.08,19.24-6.99,19.24-23.57.02-13.73-6.68-21.28-18.05-21.28-2.57,0-4.37.21-5.54.5v44.11Z\"><\/path><\/g><g><path class=\"cls-1\" d=\"M297.92,74.99c-2.82-1.65-5.69-.39-7.49,1.96-13.91,18.19-27.82,36.38-41.73,54.57V5.29c0-7.04-10.95-7.05-10.95,0v126.31c-12.21-15.77-24.42-31.55-36.64-47.32-2.18-2.81-4.35-5.62-6.53-8.43-1.81-2.34-5.84-1.9-7.74,0-2.31,2.31-1.82,5.39,0,7.74,15.34,19.81,30.67,39.62,46.01,59.43,2.18,2.81,4.35,5.62,6.53,8.43,2.4,3.11,6.73,1.33,8.6-1.11,15.13-19.79,30.27-39.58,45.4-59.36,2.17-2.83,4.33-5.67,6.5-8.5,1.8-2.35.36-6.13-1.96-7.49Z\"><\/path><path class=\"cls-1\" d=\"M149.84,116.07v61.71c0,6.24,2.1,11.86,6.96,16.01,5.87,5.02,13.46,7.11,21.08,7.14,6.93.03,13.86,0,20.79,0h106.81c3.1,0,6.11-.06,9.2-.55,10.11-1.63,20.41-8.72,21.34-19.65.24-2.85.07-5.77.07-8.63v-56.02c0-7.04-10.95-7.05-10.95,0v60.74c0,4.2-.18,6.43-3.75,9.24-3.91,3.08-8.96,3.92-13.81,3.93-7.2.01-14.39,0-21.59,0h-104.78c-1.58,0-3.16.03-4.74-.01-4.18-.12-8.64-1.31-11.94-3.92-1.48-1.17-2.5-2.37-3.22-3.95-.33-.72-.51-1.51-.54-2.68-.48-20.39,0-40.85,0-61.25v-2.1c0-7.04-10.95-7.05-10.95,0h0Z\"><\/path><\/g><\/svg>\t\t\t\t<\/a>\n\t\t\t<\/div>\n\t\t\t\n\t\t\t\t\t\t<div class=\"elementor-icon-box-content\">\n\n\t\t\t\t\t\t\t\t\t<h6 class=\"elementor-icon-box-title\">\n\t\t\t\t\t\t<a href=\"https:\/\/newgolf.eu\/wp-content\/uploads\/2026\/01\/Newgolf_AGB.pdf\" target=\"_blank\" >\n\t\t\t\t\t\t\tNew Golf GmbH\t\t\t\t\t\t<\/a>\n\t\t\t\t\t<\/h6>\n\t\t\t\t\n\t\t\t\t\t\t\t\t\t<p class=\"elementor-icon-box-description\">\n\t\t\t\t\t\tCondiciones Generales (en alleman)\t\t\t\t\t<\/p>\n\t\t\t\t\n\t\t\t<\/div>\n\t\t\t\n\t\t<\/div>\n\t\t\t\t\t\t<\/div>\n\t\t\t\t<\/div>\n\t\t\t\t<\/div>\n\t\t<div class=\"elementor-element elementor-element-70bd192 animated-fast e-con-full e-flex elementor-invisible e-con e-child\" data-id=\"70bd192\" data-element_type=\"container\" data-e-type=\"container\" data-settings=\"{&quot;background_background&quot;:&quot;classic&quot;,&quot;animation&quot;:&quot;fadeIn&quot;,&quot;animation_delay&quot;:600}\">\n\t\t\t\t<div class=\"elementor-element elementor-element-c4d0cfb elementor-position-inline-end elementor-view-default elementor-mobile-position-block-start elementor-widget elementor-widget-icon-box\" data-id=\"c4d0cfb\" data-element_type=\"widget\" data-e-type=\"widget\" data-widget_type=\"icon-box.default\">\n\t\t\t\t<div class=\"elementor-widget-container\">\n\t\t\t\t\t\t\t<div class=\"elementor-icon-box-wrapper\">\n\n\t\t\t\t\t\t<div class=\"elementor-icon-box-icon\">\n\t\t\t\t<a href=\"https:\/\/newgolf.eu\/wp-content\/uploads\/2026\/01\/AGB-Miete.pdf\" target=\"_blank\" class=\"elementor-icon\" tabindex=\"-1\" aria-label=\"New Golf Vermietungs GmbH\">\n\t\t\t\t<svg xmlns=\"http:\/\/www.w3.org\/2000\/svg\" id=\"_&#x10E;&#x17D;&#xD3;&#x165;_1\" data-name=\"&#x10E;&#x17D;&#xD3;&#x165; 1\" viewBox=\"0 0 486 390.18\"><defs><style>      .cls-1 {        fill: #1d1d1b;      }    <\/style><\/defs><g><path class=\"cls-1\" d=\"M0,323.82c4.82-.85,11.28-1.38,18.08-1.38,11.31,0,18.81,2.21,24.53,6.75,6.52,5.13,10.43,13.42,10.43,25.48,0,12.92-4.25,21.92-10.43,27.23-6.24,5.35-15.67,7.93-27.49,7.93-6.68,0-11.78-.45-15.11-.91v-65.09ZM14.33,378.22c1.12.23,2.87.24,4.35.24,11.37.08,19.24-6.99,19.24-23.57.02-13.73-6.68-21.28-18.05-21.28-2.57,0-4.37.21-5.54.5v44.11Z\"><\/path><path class=\"cls-1\" d=\"M116.63,355.22c0,22.72-11.85,34.95-29.19,34.95-18.26,0-28.14-15.18-28.14-33.87s11.08-34.41,29.15-34.41c19.04,0,28.18,15.93,28.18,33.33ZM74.42,356.15c0,13.6,5.12,22.32,13.69,22.32s13.4-9.66,13.4-22.71c0-11.88-4.49-22.16-13.46-22.16s-13.64,9.26-13.64,22.55Z\"><\/path><path class=\"cls-1\" d=\"M135.04,389.18l-14.39-66.29h15.26l4.48,27.03c1.27,7.8,2.41,16.11,3.39,23.22h.22c1.03-7.49,2.57-15.22,4.15-23.36l5.39-26.89h14.28l5.03,27.44c1.35,7.65,2.48,14.81,3.4,22.57h.21c.97-7.77,2.2-15.29,3.48-23.15l4.72-26.86h14.45l-15.46,66.29h-15.34l-5.13-26.49c-1.25-6.49-2.27-13.13-3.12-20.82h-.2c-1.14,7.64-2.22,14.25-3.73,20.88l-5.77,26.43h-15.32Z\"><\/path><path class=\"cls-1\" d=\"M206.65,389.18v-66.29h15.77l12.69,24.82c3.38,6.4,7.06,14.75,9.71,21.71l.24-.02c-.78-8.21-1.24-17.92-1.24-28.59v-17.92h13.03v66.29h-14.54l-12.96-25.44c-3.44-6.68-7.38-15.15-10.09-22.37l-.29.02c.44,8.15.71,17.78.71,29.36v18.42h-13.03Z\"><\/path><path class=\"cls-1\" d=\"M269.4,322.89h14.37v54.22h23.55v12.07h-37.92v-66.29Z\"><\/path><path class=\"cls-1\" d=\"M366.46,355.22c0,22.72-11.85,34.95-29.19,34.95-18.26,0-28.14-15.18-28.14-33.87s11.08-34.41,29.15-34.41c19.04,0,28.18,15.93,28.18,33.33ZM324.25,356.15c0,13.6,5.12,22.32,13.69,22.32s13.4-9.66,13.4-22.71c0-11.88-4.49-22.16-13.46-22.16s-13.64,9.26-13.64,22.55Z\"><\/path><path class=\"cls-1\" d=\"M388.15,372.73l-4.15,16.46h-14.6l18.48-66.29h18.36l18.31,66.29h-15.07l-4.42-16.46h-16.92ZM403.18,361.91l-3.55-14.03c-.99-3.95-2.08-9.43-2.98-13.46h-.22c-.89,4.05-1.89,9.63-2.84,13.48l-3.5,14.01h13.1Z\"><\/path><path class=\"cls-1\" d=\"M432.97,323.82c4.82-.85,11.28-1.38,18.07-1.38,11.31,0,18.81,2.21,24.53,6.75,6.52,5.13,10.43,13.42,10.43,25.48,0,12.92-4.25,21.92-10.43,27.23-6.24,5.35-15.67,7.93-27.49,7.93-6.68,0-11.78-.45-15.11-.91v-65.09ZM447.3,378.22c1.12.23,2.87.24,4.35.24,11.37.08,19.24-6.99,19.24-23.57.02-13.73-6.68-21.28-18.05-21.28-2.57,0-4.37.21-5.54.5v44.11Z\"><\/path><\/g><g><path class=\"cls-1\" d=\"M297.92,74.99c-2.82-1.65-5.69-.39-7.49,1.96-13.91,18.19-27.82,36.38-41.73,54.57V5.29c0-7.04-10.95-7.05-10.95,0v126.31c-12.21-15.77-24.42-31.55-36.64-47.32-2.18-2.81-4.35-5.62-6.53-8.43-1.81-2.34-5.84-1.9-7.74,0-2.31,2.31-1.82,5.39,0,7.74,15.34,19.81,30.67,39.62,46.01,59.43,2.18,2.81,4.35,5.62,6.53,8.43,2.4,3.11,6.73,1.33,8.6-1.11,15.13-19.79,30.27-39.58,45.4-59.36,2.17-2.83,4.33-5.67,6.5-8.5,1.8-2.35.36-6.13-1.96-7.49Z\"><\/path><path class=\"cls-1\" d=\"M149.84,116.07v61.71c0,6.24,2.1,11.86,6.96,16.01,5.87,5.02,13.46,7.11,21.08,7.14,6.93.03,13.86,0,20.79,0h106.81c3.1,0,6.11-.06,9.2-.55,10.11-1.63,20.41-8.72,21.34-19.65.24-2.85.07-5.77.07-8.63v-56.02c0-7.04-10.95-7.05-10.95,0v60.74c0,4.2-.18,6.43-3.75,9.24-3.91,3.08-8.96,3.92-13.81,3.93-7.2.01-14.39,0-21.59,0h-104.78c-1.58,0-3.16.03-4.74-.01-4.18-.12-8.64-1.31-11.94-3.92-1.48-1.17-2.5-2.37-3.22-3.95-.33-.72-.51-1.51-.54-2.68-.48-20.39,0-40.85,0-61.25v-2.1c0-7.04-10.95-7.05-10.95,0h0Z\"><\/path><\/g><\/svg>\t\t\t\t<\/a>\n\t\t\t<\/div>\n\t\t\t\n\t\t\t\t\t\t<div class=\"elementor-icon-box-content\">\n\n\t\t\t\t\t\t\t\t\t<h6 class=\"elementor-icon-box-title\">\n\t\t\t\t\t\t<a href=\"https:\/\/newgolf.eu\/wp-content\/uploads\/2026\/01\/AGB-Miete.pdf\" target=\"_blank\" >\n\t\t\t\t\t\t\tNew Golf Vermietungs GmbH\t\t\t\t\t\t<\/a>\n\t\t\t\t\t<\/h6>\n\t\t\t\t\n\t\t\t\t\t\t\t\t\t<p class=\"elementor-icon-box-description\">\n\t\t\t\t\t\tAllgemeine Gesch\u00e4ftsbedingungen f\u00fcr Mietvertr\u00e4ge\t\t\t\t\t<\/p>\n\t\t\t\t\n\t\t\t<\/div>\n\t\t\t\n\t\t<\/div>\n\t\t\t\t\t\t<\/div>\n\t\t\t\t<\/div>\n\t\t\t\t<\/div>\n\t\t\t\t\t<\/div>\n\t\t\t\t<\/div>\n\t\t\t\t\t<\/div>\n\t\t\t\t<\/div>\n\t\t\t\t<\/div>\n\t\t","protected":false},"excerpt":{"rendered":"<p>Condiciones Generales de Contrataci\u00f3n (CGC) de nuestras empresas Aqu\u00ed encontrar\u00e1 las condiciones generales de contrataci\u00f3n de las empresas New Golf GmbH y New Golf Vermietungs GmbH. New Golf GmbH Condiciones Generales (en alleman) New Golf Vermietungs GmbH Allgemeine Gesch\u00e4ftsbedingungen f\u00fcr Mietvertr\u00e4ge<\/p>\n","protected":false},"author":1,"featured_media":0,"parent":0,"menu_order":0,"comment_status":"closed","ping_status":"closed","template":"elementor_header_footer","meta":{"footnotes":""},"class_list":["post-4756","page","type-page","status-publish","hentry"],"yoast_head":"<!-- This site is optimized with the Yoast SEO plugin v27.3 - https:\/\/yoast.com\/product\/yoast-seo-wordpress\/ -->\n<title>CGC - newgolf.eu<\/title>\n<meta name=\"robots\" content=\"index, follow, max-snippet:-1, max-image-preview:large, max-video-preview:-1\" \/>\n<link rel=\"canonical\" href=\"https:\/\/newgolf.eu\/agb\/\" \/>\n<meta property=\"og:locale\" content=\"es_ES\" \/>\n<meta property=\"og:type\" content=\"article\" \/>\n<meta property=\"og:title\" content=\"CGC - newgolf.eu\" \/>\n<meta property=\"og:description\" content=\"Condiciones Generales de Contrataci\u00f3n (CGC) de nuestras empresas Aqu\u00ed encontrar\u00e1 las condiciones generales de contrataci\u00f3n de las empresas New Golf GmbH y New Golf Vermietungs GmbH. New Golf GmbH Condiciones Generales (en alleman) New Golf Vermietungs GmbH Allgemeine Gesch\u00e4ftsbedingungen f\u00fcr Mietvertr\u00e4ge\" \/>\n<meta property=\"og:url\" content=\"https:\/\/newgolf.eu\/agb\/\" \/>\n<meta property=\"og:site_name\" content=\"newgolf.eu\" \/>\n<meta property=\"article:modified_time\" content=\"2026-01-21T12:54:00+00:00\" \/>\n<meta name=\"twitter:card\" content=\"summary_large_image\" \/>\n<meta name=\"twitter:label1\" content=\"Tiempo de lectura\" \/>\n\t<meta name=\"twitter:data1\" content=\"1 minuto\" \/>\n<script type=\"application\/ld+json\" class=\"yoast-schema-graph\">{\"@context\":\"https:\\\/\\\/schema.org\",\"@graph\":[{\"@type\":\"WebPage\",\"@id\":\"https:\\\/\\\/newgolf.eu\\\/agb\\\/\",\"url\":\"https:\\\/\\\/newgolf.eu\\\/agb\\\/\",\"name\":\"CGC - newgolf.eu\",\"isPartOf\":{\"@id\":\"https:\\\/\\\/newgolf.eu\\\/#website\"},\"datePublished\":\"2024-10-01T09:48:57+00:00\",\"dateModified\":\"2026-01-21T12:54:00+00:00\",\"breadcrumb\":{\"@id\":\"https:\\\/\\\/newgolf.eu\\\/agb\\\/#breadcrumb\"},\"inLanguage\":\"es\",\"potentialAction\":[{\"@type\":\"ReadAction\",\"target\":[\"https:\\\/\\\/newgolf.eu\\\/agb\\\/\"]}]},{\"@type\":\"BreadcrumbList\",\"@id\":\"https:\\\/\\\/newgolf.eu\\\/agb\\\/#breadcrumb\",\"itemListElement\":[{\"@type\":\"ListItem\",\"position\":1,\"name\":\"Startseite\",\"item\":\"https:\\\/\\\/newgolf.eu\\\/es\\\/home\\\/\"},{\"@type\":\"ListItem\",\"position\":2,\"name\":\"CGC\"}]},{\"@type\":\"WebSite\",\"@id\":\"https:\\\/\\\/newgolf.eu\\\/#website\",\"url\":\"https:\\\/\\\/newgolf.eu\\\/\",\"name\":\"newgolf.eu\",\"description\":\"Home of Golf\",\"publisher\":{\"@id\":\"https:\\\/\\\/newgolf.eu\\\/#organization\"},\"potentialAction\":[{\"@type\":\"SearchAction\",\"target\":{\"@type\":\"EntryPoint\",\"urlTemplate\":\"https:\\\/\\\/newgolf.eu\\\/?s={search_term_string}\"},\"query-input\":{\"@type\":\"PropertyValueSpecification\",\"valueRequired\":true,\"valueName\":\"search_term_string\"}}],\"inLanguage\":\"es\"},{\"@type\":\"Organization\",\"@id\":\"https:\\\/\\\/newgolf.eu\\\/#organization\",\"name\":\"NEW GOLF GmbH\",\"url\":\"https:\\\/\\\/newgolf.eu\\\/\",\"logo\":{\"@type\":\"ImageObject\",\"inLanguage\":\"es\",\"@id\":\"https:\\\/\\\/newgolf.eu\\\/#\\\/schema\\\/logo\\\/image\\\/\",\"url\":\"https:\\\/\\\/newgolf.eu\\\/wp-content\\\/uploads\\\/2024\\\/09\\\/new-golf-logo-komplett.svg\",\"contentUrl\":\"https:\\\/\\\/newgolf.eu\\\/wp-content\\\/uploads\\\/2024\\\/09\\\/new-golf-logo-komplett.svg\",\"width\":231,\"height\":186,\"caption\":\"NEW GOLF GmbH\"},\"image\":{\"@id\":\"https:\\\/\\\/newgolf.eu\\\/#\\\/schema\\\/logo\\\/image\\\/\"}}]}<\/script>\n<!-- \/ Yoast SEO plugin. -->","yoast_head_json":{"title":"CGC - newgolf.eu","robots":{"index":"index","follow":"follow","max-snippet":"max-snippet:-1","max-image-preview":"max-image-preview:large","max-video-preview":"max-video-preview:-1"},"canonical":"https:\/\/newgolf.eu\/agb\/","og_locale":"es_ES","og_type":"article","og_title":"CGC - newgolf.eu","og_description":"Condiciones Generales de Contrataci\u00f3n (CGC) de nuestras empresas Aqu\u00ed encontrar\u00e1 las condiciones generales de contrataci\u00f3n de las empresas New Golf GmbH y New Golf Vermietungs GmbH. New Golf GmbH Condiciones Generales (en alleman) New Golf Vermietungs GmbH Allgemeine Gesch\u00e4ftsbedingungen f\u00fcr Mietvertr\u00e4ge","og_url":"https:\/\/newgolf.eu\/agb\/","og_site_name":"newgolf.eu","article_modified_time":"2026-01-21T12:54:00+00:00","twitter_card":"summary_large_image","twitter_misc":{"Tiempo de lectura":"1 minuto"},"schema":{"@context":"https:\/\/schema.org","@graph":[{"@type":"WebPage","@id":"https:\/\/newgolf.eu\/agb\/","url":"https:\/\/newgolf.eu\/agb\/","name":"CGC - newgolf.eu","isPartOf":{"@id":"https:\/\/newgolf.eu\/#website"},"datePublished":"2024-10-01T09:48:57+00:00","dateModified":"2026-01-21T12:54:00+00:00","breadcrumb":{"@id":"https:\/\/newgolf.eu\/agb\/#breadcrumb"},"inLanguage":"es","potentialAction":[{"@type":"ReadAction","target":["https:\/\/newgolf.eu\/agb\/"]}]},{"@type":"BreadcrumbList","@id":"https:\/\/newgolf.eu\/agb\/#breadcrumb","itemListElement":[{"@type":"ListItem","position":1,"name":"Startseite","item":"https:\/\/newgolf.eu\/es\/home\/"},{"@type":"ListItem","position":2,"name":"CGC"}]},{"@type":"WebSite","@id":"https:\/\/newgolf.eu\/#website","url":"https:\/\/newgolf.eu\/","name":"newgolf.eu","description":"Home of Golf","publisher":{"@id":"https:\/\/newgolf.eu\/#organization"},"potentialAction":[{"@type":"SearchAction","target":{"@type":"EntryPoint","urlTemplate":"https:\/\/newgolf.eu\/?s={search_term_string}"},"query-input":{"@type":"PropertyValueSpecification","valueRequired":true,"valueName":"search_term_string"}}],"inLanguage":"es"},{"@type":"Organization","@id":"https:\/\/newgolf.eu\/#organization","name":"NEW GOLF GmbH","url":"https:\/\/newgolf.eu\/","logo":{"@type":"ImageObject","inLanguage":"es","@id":"https:\/\/newgolf.eu\/#\/schema\/logo\/image\/","url":"https:\/\/newgolf.eu\/wp-content\/uploads\/2024\/09\/new-golf-logo-komplett.svg","contentUrl":"https:\/\/newgolf.eu\/wp-content\/uploads\/2024\/09\/new-golf-logo-komplett.svg","width":231,"height":186,"caption":"NEW GOLF GmbH"},"image":{"@id":"https:\/\/newgolf.eu\/#\/schema\/logo\/image\/"}}]}},"_links":{"self":[{"href":"https:\/\/newgolf.eu\/es\/wp-json\/wp\/v2\/pages\/4756","targetHints":{"allow":["GET"]}}],"collection":[{"href":"https:\/\/newgolf.eu\/es\/wp-json\/wp\/v2\/pages"}],"about":[{"href":"https:\/\/newgolf.eu\/es\/wp-json\/wp\/v2\/types\/page"}],"author":[{"embeddable":true,"href":"https:\/\/newgolf.eu\/es\/wp-json\/wp\/v2\/users\/1"}],"replies":[{"embeddable":true,"href":"https:\/\/newgolf.eu\/es\/wp-json\/wp\/v2\/comments?post=4756"}],"version-history":[{"count":30,"href":"https:\/\/newgolf.eu\/es\/wp-json\/wp\/v2\/pages\/4756\/revisions"}],"predecessor-version":[{"id":5173,"href":"https:\/\/newgolf.eu\/es\/wp-json\/wp\/v2\/pages\/4756\/revisions\/5173"}],"wp:attachment":[{"href":"https:\/\/newgolf.eu\/es\/wp-json\/wp\/v2\/media?parent=4756"}],"curies":[{"name":"wp","href":"https:\/\/api.w.org\/{rel}","templated":true}]}}