{"id":4744,"date":"2024-11-07T09:18:39","date_gmt":"2024-11-07T09:18:39","guid":{"rendered":"https:\/\/newgolf.eu\/aviso-legal\/"},"modified":"2026-01-21T12:55:11","modified_gmt":"2026-01-21T12:55:11","slug":"aviso-legal","status":"publish","type":"page","link":"https:\/\/newgolf.eu\/es\/aviso-legal\/","title":{"rendered":"Aviso legal"},"content":{"rendered":"\t\t<div data-elementor-type=\"wp-page\" data-elementor-id=\"4744\" class=\"elementor elementor-4744 elementor-3254\" data-elementor-post-type=\"page\">\n\t\t\t\t<div class=\"elementor-element elementor-element-c63ae34 e-flex e-con-boxed e-con e-parent\" data-id=\"c63ae34\" data-element_type=\"container\" data-e-type=\"container\">\n\t\t\t\t\t<div class=\"e-con-inner\">\n\t\t\t\t<div class=\"elementor-element elementor-element-aae7e57 elementor-widget elementor-widget-text-editor\" data-id=\"aae7e57\" data-element_type=\"widget\" data-e-type=\"widget\" data-widget_type=\"text-editor.default\">\n\t\t\t\t<div class=\"elementor-widget-container\">\n\t\t\t\t\t\t\t\t\t<p><strong>Propietario de medios de comunicaci\u00f3n, editor y redacci\u00f3n:<\/strong><br \/>New Golf GmbH<br \/>Via Sanitas 1, 5082 Gr\u00f6dig, cerca de Salzburgo, Austria<br \/><strong>E-Mail:<\/strong> <a style=\"color: #333;\" href=\"mailto:ch@newgolf.eu\">office@newgolf.eu<\/a><\/p><p><strong>N\u00famero de registro mercantil: <\/strong>FN 633350y<br \/><strong>Tribunal del Registro Mercantil:<\/strong> LG Salzburg<br \/><strong>NIF:<\/strong> ATU 80990625<br \/><strong>Autoridad seg\u00fan ECG: <\/strong> Autoridad comercial local competente (BH Salzburgo y alrededores)<br \/><strong>C\u00e1mara:<\/strong> C\u00e1mara de Comercio de Salzburgo<br \/><strong>Normativa aplicable: <\/strong>Ley austriaca de regulaci\u00f3n del comercio <span style=\"text-decoration: underline;\"><span style=\"color: #000000; text-decoration: underline;\"><a style=\"color: #000000; text-decoration: underline;\" href=\"https:\/\/www.ris.bka.gv.at\/GeltendeFassung.wxe?Abfrage=Bundesnormen&amp;Gesetzesnummer=10007517\">(GewO)<\/a> <\/span><\/span><\/p><p><strong>Director General:<\/strong> Thomas Hofer<\/p><p><strong>Datos bancarios: <\/strong> Raiffeisenbank Untersberg, Bankstelle Anif <strong><br \/>BIC:<\/strong> RVSAAT2S018<br \/><strong>IBAN:<\/strong> AT62 3501 8000 0017 2833<\/p><p><strong>DIVULGACI\u00d3N seg\u00fan el art\u00edculo 25 de la Ley de Medios de Comunicaci\u00f3n Propietario de medios de comunicaci\u00f3n: <\/strong><br \/>New Golf GmbH<br \/>Via Sanitas 1, 5082 Gr\u00f6dig, cerca de Salzburgo, Austria<\/p><p><strong>Objeto social de la empresa:<\/strong> Venta\/alquiler y montaje de instalaciones de golf cubiertas, incluidos los accesorios<\/p><p><strong>Objetivo b\u00e1sico:<\/strong> El sitio web www.newgolf.eu es un portal de Internet para presentar al propietario del medio de comunicaci\u00f3n y facilitar informaci\u00f3n sobre su \u00e1mbito de actividad.<\/p><p><strong>Cr\u00e9ditos\/fuentes de imagen\/v\u00eddeo:<\/strong> Georg Kritsch www.georgkritsch.com IG: georg.kritsch, Golf Joy, Foto de la p\u00e1gina Eventos Generados por IA con Midjourney, pnproduction\/Adobestock.com, Aeman\/Adobestock.com, lichtmeister\/Adobestock.com, Pravinrus\/Adobestock.com, Wrightstudio\/Adobestock.com;<\/p><p>No estamos dispuestos a participar en procedimientos (no obligatorios) de resoluci\u00f3n de litigios ante una junta arbitral de consumo.<\/p>\t\t\t\t\t\t\t\t<\/div>\n\t\t\t\t<\/div>\n\t\t\t\t\t<\/div>\n\t\t\t\t<\/div>\n\t\t\t\t<\/div>\n\t\t","protected":false},"excerpt":{"rendered":"<p>Propietario de medios de comunicaci\u00f3n, editor y redacci\u00f3n:New Golf GmbHVia Sanitas 1, 5082 Gr\u00f6dig, cerca de Salzburgo, AustriaE-Mail: office@newgolf.eu N\u00famero de registro mercantil: FN 633350yTribunal del Registro Mercantil: LG SalzburgNIF: ATU 80990625Autoridad seg\u00fan ECG: Autoridad comercial local competente (BH Salzburgo y alrededores)C\u00e1mara: C\u00e1mara de Comercio de SalzburgoNormativa aplicable: Ley austriaca de regulaci\u00f3n del comercio (GewO) [&hellip;]<\/p>\n","protected":false},"author":1,"featured_media":0,"parent":0,"menu_order":0,"comment_status":"closed","ping_status":"closed","template":"","meta":{"footnotes":""},"class_list":["post-4744","page","type-page","status-publish","hentry"],"yoast_head":"<!-- This site is optimized with the Yoast SEO plugin v27.3 - https:\/\/yoast.com\/product\/yoast-seo-wordpress\/ -->\n<title>Aviso legal - newgolf.eu<\/title>\n<meta name=\"robots\" content=\"index, follow, max-snippet:-1, max-image-preview:large, max-video-preview:-1\" \/>\n<link rel=\"canonical\" href=\"https:\/\/newgolf.eu\/impressum\/\" \/>\n<meta property=\"og:locale\" content=\"es_ES\" \/>\n<meta property=\"og:type\" content=\"article\" \/>\n<meta property=\"og:title\" content=\"Aviso legal - newgolf.eu\" \/>\n<meta property=\"og:description\" content=\"Propietario de medios de comunicaci\u00f3n, editor y redacci\u00f3n:New Golf GmbHVia Sanitas 1, 5082 Gr\u00f6dig, cerca de Salzburgo, AustriaE-Mail: office@newgolf.eu N\u00famero de registro mercantil: FN 633350yTribunal del Registro Mercantil: LG SalzburgNIF: ATU 80990625Autoridad seg\u00fan ECG: Autoridad comercial local competente (BH Salzburgo y alrededores)C\u00e1mara: C\u00e1mara de Comercio de SalzburgoNormativa aplicable: Ley austriaca de regulaci\u00f3n del comercio (GewO) [&hellip;]\" \/>\n<meta property=\"og:url\" content=\"https:\/\/newgolf.eu\/impressum\/\" \/>\n<meta property=\"og:site_name\" content=\"newgolf.eu\" \/>\n<meta property=\"article:modified_time\" content=\"2026-01-21T12:55:11+00:00\" \/>\n<meta name=\"twitter:card\" content=\"summary_large_image\" \/>\n<meta name=\"twitter:label1\" content=\"Tiempo de lectura\" \/>\n\t<meta name=\"twitter:data1\" content=\"1 minuto\" \/>\n<script type=\"application\/ld+json\" class=\"yoast-schema-graph\">{\"@context\":\"https:\\\/\\\/schema.org\",\"@graph\":[{\"@type\":\"WebPage\",\"@id\":\"https:\\\/\\\/newgolf.eu\\\/impressum\\\/\",\"url\":\"https:\\\/\\\/newgolf.eu\\\/impressum\\\/\",\"name\":\"Aviso legal - newgolf.eu\",\"isPartOf\":{\"@id\":\"https:\\\/\\\/newgolf.eu\\\/#website\"},\"datePublished\":\"2024-11-07T09:18:39+00:00\",\"dateModified\":\"2026-01-21T12:55:11+00:00\",\"breadcrumb\":{\"@id\":\"https:\\\/\\\/newgolf.eu\\\/impressum\\\/#breadcrumb\"},\"inLanguage\":\"es\",\"potentialAction\":[{\"@type\":\"ReadAction\",\"target\":[\"https:\\\/\\\/newgolf.eu\\\/impressum\\\/\"]}]},{\"@type\":\"BreadcrumbList\",\"@id\":\"https:\\\/\\\/newgolf.eu\\\/impressum\\\/#breadcrumb\",\"itemListElement\":[{\"@type\":\"ListItem\",\"position\":1,\"name\":\"Startseite\",\"item\":\"https:\\\/\\\/newgolf.eu\\\/es\\\/home\\\/\"},{\"@type\":\"ListItem\",\"position\":2,\"name\":\"Aviso legal\"}]},{\"@type\":\"WebSite\",\"@id\":\"https:\\\/\\\/newgolf.eu\\\/#website\",\"url\":\"https:\\\/\\\/newgolf.eu\\\/\",\"name\":\"newgolf.eu\",\"description\":\"Home of Golf\",\"publisher\":{\"@id\":\"https:\\\/\\\/newgolf.eu\\\/#organization\"},\"potentialAction\":[{\"@type\":\"SearchAction\",\"target\":{\"@type\":\"EntryPoint\",\"urlTemplate\":\"https:\\\/\\\/newgolf.eu\\\/?s={search_term_string}\"},\"query-input\":{\"@type\":\"PropertyValueSpecification\",\"valueRequired\":true,\"valueName\":\"search_term_string\"}}],\"inLanguage\":\"es\"},{\"@type\":\"Organization\",\"@id\":\"https:\\\/\\\/newgolf.eu\\\/#organization\",\"name\":\"NEW GOLF GmbH\",\"url\":\"https:\\\/\\\/newgolf.eu\\\/\",\"logo\":{\"@type\":\"ImageObject\",\"inLanguage\":\"es\",\"@id\":\"https:\\\/\\\/newgolf.eu\\\/#\\\/schema\\\/logo\\\/image\\\/\",\"url\":\"https:\\\/\\\/newgolf.eu\\\/wp-content\\\/uploads\\\/2024\\\/09\\\/new-golf-logo-komplett.svg\",\"contentUrl\":\"https:\\\/\\\/newgolf.eu\\\/wp-content\\\/uploads\\\/2024\\\/09\\\/new-golf-logo-komplett.svg\",\"width\":231,\"height\":186,\"caption\":\"NEW GOLF GmbH\"},\"image\":{\"@id\":\"https:\\\/\\\/newgolf.eu\\\/#\\\/schema\\\/logo\\\/image\\\/\"}}]}<\/script>\n<!-- \/ Yoast SEO plugin. -->","yoast_head_json":{"title":"Aviso legal - newgolf.eu","robots":{"index":"index","follow":"follow","max-snippet":"max-snippet:-1","max-image-preview":"max-image-preview:large","max-video-preview":"max-video-preview:-1"},"canonical":"https:\/\/newgolf.eu\/impressum\/","og_locale":"es_ES","og_type":"article","og_title":"Aviso legal - newgolf.eu","og_description":"Propietario de medios de comunicaci\u00f3n, editor y redacci\u00f3n:New Golf GmbHVia Sanitas 1, 5082 Gr\u00f6dig, cerca de Salzburgo, AustriaE-Mail: office@newgolf.eu N\u00famero de registro mercantil: FN 633350yTribunal del Registro Mercantil: LG SalzburgNIF: ATU 80990625Autoridad seg\u00fan ECG: Autoridad comercial local competente (BH Salzburgo y alrededores)C\u00e1mara: C\u00e1mara de Comercio de SalzburgoNormativa aplicable: Ley austriaca de regulaci\u00f3n del comercio (GewO) [&hellip;]","og_url":"https:\/\/newgolf.eu\/impressum\/","og_site_name":"newgolf.eu","article_modified_time":"2026-01-21T12:55:11+00:00","twitter_card":"summary_large_image","twitter_misc":{"Tiempo de lectura":"1 minuto"},"schema":{"@context":"https:\/\/schema.org","@graph":[{"@type":"WebPage","@id":"https:\/\/newgolf.eu\/impressum\/","url":"https:\/\/newgolf.eu\/impressum\/","name":"Aviso legal - newgolf.eu","isPartOf":{"@id":"https:\/\/newgolf.eu\/#website"},"datePublished":"2024-11-07T09:18:39+00:00","dateModified":"2026-01-21T12:55:11+00:00","breadcrumb":{"@id":"https:\/\/newgolf.eu\/impressum\/#breadcrumb"},"inLanguage":"es","potentialAction":[{"@type":"ReadAction","target":["https:\/\/newgolf.eu\/impressum\/"]}]},{"@type":"BreadcrumbList","@id":"https:\/\/newgolf.eu\/impressum\/#breadcrumb","itemListElement":[{"@type":"ListItem","position":1,"name":"Startseite","item":"https:\/\/newgolf.eu\/es\/home\/"},{"@type":"ListItem","position":2,"name":"Aviso legal"}]},{"@type":"WebSite","@id":"https:\/\/newgolf.eu\/#website","url":"https:\/\/newgolf.eu\/","name":"newgolf.eu","description":"Home of Golf","publisher":{"@id":"https:\/\/newgolf.eu\/#organization"},"potentialAction":[{"@type":"SearchAction","target":{"@type":"EntryPoint","urlTemplate":"https:\/\/newgolf.eu\/?s={search_term_string}"},"query-input":{"@type":"PropertyValueSpecification","valueRequired":true,"valueName":"search_term_string"}}],"inLanguage":"es"},{"@type":"Organization","@id":"https:\/\/newgolf.eu\/#organization","name":"NEW GOLF GmbH","url":"https:\/\/newgolf.eu\/","logo":{"@type":"ImageObject","inLanguage":"es","@id":"https:\/\/newgolf.eu\/#\/schema\/logo\/image\/","url":"https:\/\/newgolf.eu\/wp-content\/uploads\/2024\/09\/new-golf-logo-komplett.svg","contentUrl":"https:\/\/newgolf.eu\/wp-content\/uploads\/2024\/09\/new-golf-logo-komplett.svg","width":231,"height":186,"caption":"NEW GOLF GmbH"},"image":{"@id":"https:\/\/newgolf.eu\/#\/schema\/logo\/image\/"}}]}},"_links":{"self":[{"href":"https:\/\/newgolf.eu\/es\/wp-json\/wp\/v2\/pages\/4744","targetHints":{"allow":["GET"]}}],"collection":[{"href":"https:\/\/newgolf.eu\/es\/wp-json\/wp\/v2\/pages"}],"about":[{"href":"https:\/\/newgolf.eu\/es\/wp-json\/wp\/v2\/types\/page"}],"author":[{"embeddable":true,"href":"https:\/\/newgolf.eu\/es\/wp-json\/wp\/v2\/users\/1"}],"replies":[{"embeddable":true,"href":"https:\/\/newgolf.eu\/es\/wp-json\/wp\/v2\/comments?post=4744"}],"version-history":[{"count":6,"href":"https:\/\/newgolf.eu\/es\/wp-json\/wp\/v2\/pages\/4744\/revisions"}],"predecessor-version":[{"id":5176,"href":"https:\/\/newgolf.eu\/es\/wp-json\/wp\/v2\/pages\/4744\/revisions\/5176"}],"wp:attachment":[{"href":"https:\/\/newgolf.eu\/es\/wp-json\/wp\/v2\/media?parent=4744"}],"curies":[{"name":"wp","href":"https:\/\/api.w.org\/{rel}","templated":true}]}}