{"id":4442,"date":"2024-09-09T13:27:32","date_gmt":"2024-09-09T13:27:32","guid":{"rendered":"https:\/\/newgolf.eu\/about\/"},"modified":"2025-07-07T10:11:54","modified_gmt":"2025-07-07T10:11:54","slug":"about","status":"publish","type":"page","link":"https:\/\/newgolf.eu\/es\/about\/","title":{"rendered":"About"},"content":{"rendered":"\t\t<div data-elementor-type=\"wp-page\" data-elementor-id=\"4442\" class=\"elementor elementor-4442 elementor-45\" data-elementor-post-type=\"page\">\n\t\t\t\t<div class=\"elementor-element elementor-element-6e74d952 e-con-full e-flex e-con e-parent\" data-id=\"6e74d952\" data-element_type=\"container\" data-e-type=\"container\" data-settings=\"{&quot;background_background&quot;:&quot;classic&quot;}\">\n\t\t\t\t<div class=\"elementor-element elementor-element-1b6cab72 animated-slow elementor-invisible elementor-widget elementor-widget-heading\" data-id=\"1b6cab72\" data-element_type=\"widget\" data-e-type=\"widget\" data-settings=\"{&quot;_animation&quot;:&quot;fadeInLeft&quot;,&quot;_animation_delay&quot;:&quot;0.8&quot;}\" data-widget_type=\"heading.default\">\n\t\t\t\t<div class=\"elementor-widget-container\">\n\t\t\t\t\t<h2 class=\"elementor-heading-title elementor-size-default\">NUESTRA MISI\u00d3N<\/h2>\t\t\t\t<\/div>\n\t\t\t\t<\/div>\n\t\t<div class=\"elementor-element elementor-element-20643af e-con-full e-flex e-con e-child\" data-id=\"20643af\" data-element_type=\"container\" data-e-type=\"container\">\n\t\t\t\t<div class=\"elementor-element elementor-element-c2a9920 elementor-widget elementor-widget-text-editor\" data-id=\"c2a9920\" data-element_type=\"widget\" data-e-type=\"widget\" data-widget_type=\"text-editor.default\">\n\t\t\t\t<div class=\"elementor-widget-container\">\n\t\t\t\t\t\t\t\t\t<p style=\"font-weight: 400;\">Nuestro objetivo es inspirar a las personas y entusiasmarlas con el juego del golf y el golf indoor, ya sean golfistas experimentados que desean llevar su juego al siguiente nivel, principiantes que est\u00e1n disfrutando de sus primeros \u00e9xitos o reci\u00e9n llegados que est\u00e1n descubriendo la fascinaci\u00f3n de este deporte por primera vez.<\/p><p style=\"font-weight: 400;\">Queremos difundir la alegr\u00eda del golf en todas partes y hacerla accesible a todos, en cualquier momento y lugar. NEW GOLF representa la experiencia golf\u00edstica del futuro: jugar en campos de golf de primera clase en cualquier momento y lugar. Entrenamiento y diversi\u00f3n flexibles, independientemente de la hora del d\u00eda, el clima o la temporada. Ya sea en casa, hoteles, restaurantes, clubes de golf, lugares para eventos o centros deportivos, nuestras soluciones ofrecen puro disfrute del golf para golfistas y no golfistas.   <\/p><p style=\"font-weight: 400;\">Con nuestras innovadoras y completas soluciones de golf indoor, queremos redefinir el golf: como una experiencia de juego<span style=\"color: #ffffff;\"><a style=\"color: #ffffff;\" href=\"https:\/\/newgolf.eu\/es\/software\/\"> <u>ultra realista<\/u><\/a><\/span> que ofrece deporte, emoci\u00f3n, diversi\u00f3n e im\u00e1genes cautivadoras.<\/p>\t\t\t\t\t\t\t\t<\/div>\n\t\t\t\t<\/div>\n\t\t\t\t<\/div>\n\t\t\t\t<\/div>\n\t\t<div class=\"elementor-element elementor-element-6a1e9294 e-con-full e-flex e-con e-parent\" data-id=\"6a1e9294\" data-element_type=\"container\" data-e-type=\"container\">\n\t\t<div class=\"elementor-element elementor-element-4bac4155 e-con-full e-flex e-con e-child\" data-id=\"4bac4155\" data-element_type=\"container\" data-e-type=\"container\" data-settings=\"{&quot;background_background&quot;:&quot;classic&quot;}\">\n\t\t\t\t<\/div>\n\t\t<div class=\"elementor-element elementor-element-16c2354c e-con-full e-flex e-con e-child\" data-id=\"16c2354c\" data-element_type=\"container\" data-e-type=\"container\" data-settings=\"{&quot;background_background&quot;:&quot;classic&quot;,&quot;motion_fx_motion_fx_scrolling&quot;:&quot;yes&quot;,&quot;motion_fx_translateY_effect&quot;:&quot;yes&quot;,&quot;motion_fx_translateY_direction&quot;:&quot;negative&quot;,&quot;motion_fx_translateY_affectedRange&quot;:{&quot;unit&quot;:&quot;%&quot;,&quot;size&quot;:&quot;&quot;,&quot;sizes&quot;:{&quot;start&quot;:&quot;50&quot;,&quot;end&quot;:&quot;75&quot;}},&quot;motion_fx_translateY_speed&quot;:{&quot;unit&quot;:&quot;px&quot;,&quot;size&quot;:4,&quot;sizes&quot;:[]},&quot;motion_fx_devices&quot;:[&quot;desktop&quot;,&quot;tablet&quot;,&quot;mobile&quot;]}\">\n\t\t<div class=\"elementor-element elementor-element-6a1fb1e3 e-con-full e-flex e-con e-child\" data-id=\"6a1fb1e3\" data-element_type=\"container\" data-e-type=\"container\">\n\t\t<div class=\"elementor-element elementor-element-313dc269 e-con-full e-flex e-con e-child\" data-id=\"313dc269\" data-element_type=\"container\" data-e-type=\"container\">\n\t\t\t\t<div class=\"elementor-element elementor-element-522c9b61 elementor-widget elementor-widget-heading\" data-id=\"522c9b61\" data-element_type=\"widget\" data-e-type=\"widget\" data-widget_type=\"heading.default\">\n\t\t\t\t<div class=\"elementor-widget-container\">\n\t\t\t\t\t<h2 class=\"elementor-heading-title elementor-size-default\">HISTORIA<\/h2>\t\t\t\t<\/div>\n\t\t\t\t<\/div>\n\t\t\t\t<div class=\"elementor-element elementor-element-7723c73e elementor-widget elementor-widget-text-editor\" data-id=\"7723c73e\" data-element_type=\"widget\" data-e-type=\"widget\" data-widget_type=\"text-editor.default\">\n\t\t\t\t<div class=\"elementor-widget-container\">\n\t\t\t\t\t\t\t\t\t<p style=\"font-weight: 400;\">NEW GOLF fue fundada en Salzburgo por emprendedores que buscaban combinar su pasi\u00f3n por el golf y el golf indoor con su entusiasmo por la tecnolog\u00eda de vanguardia, el dise\u00f1o y los materiales de alta calidad.<\/p>\nComo no exist\u00eda una soluci\u00f3n verdaderamente satisfactoria que cumpliera con nuestros altos est\u00e1ndares de dise\u00f1o, tecnolog\u00eda y funcionalidad, desarrollamos nosotros mismos una soluci\u00f3n completa y personalizable. <br><br>Nuestra visi\u00f3n: Combinar componentes complejos en una soluci\u00f3n integral perfecta que refleje armoniosamente dise\u00f1o, tecnolog\u00eda y artesan\u00eda.\t\t\t\t\t\t\t\t<\/div>\n\t\t\t\t<\/div>\n\t\t\t\t<\/div>\n\t\t\t\t<\/div>\n\t\t\t\t<\/div>\n\t\t\t\t<\/div>\n\t\t<div class=\"elementor-element elementor-element-be50444 e-con-full e-flex e-con e-parent\" data-id=\"be50444\" data-element_type=\"container\" data-e-type=\"container\">\n\t\t\t\t<div class=\"elementor-element elementor-element-3e696d1 elementor-widget elementor-widget-html\" data-id=\"3e696d1\" data-element_type=\"widget\" data-e-type=\"widget\" data-widget_type=\"html.default\">\n\t\t\t\t<div class=\"elementor-widget-container\">\n\t\t\t\t\t<script>function Marquee(selector, speed) {\n  const parent = document.querySelector(selector);\n  const clone = parent.innerHTML;\n  let i = 0;\n  parent.innerHTML += clone;\n\n  setInterval(() => {\n    i += speed;\n    if (i >= parent.children[0].clientWidth) i = 0;\n    parent.children[0].style.marginLeft = `-${i}px`;\n  }, 0);\n}\n\nwindow.addEventListener('load', () => Marquee('.marquee', .5));\n<\/script>\t\t\t\t<\/div>\n\t\t\t\t<\/div>\n\t\t\t\t<div class=\"elementor-element elementor-element-10d7661c marquee elementor-widget elementor-widget-heading\" data-id=\"10d7661c\" data-element_type=\"widget\" data-e-type=\"widget\" data-widget_type=\"heading.default\">\n\t\t\t\t<div class=\"elementor-widget-container\">\n\t\t\t\t\t<h2 class=\"elementor-heading-title elementor-size-default\">NEW GOLF. Anytime. Anywhere.  &nbsp; NEW GOLF. Anytime. Anywhere. <\/h2>\t\t\t\t<\/div>\n\t\t\t\t<\/div>\n\t\t\t\t<\/div>\n\t\t\t\t<\/div>\n\t\t","protected":false},"excerpt":{"rendered":"<p>NUESTRA MISI\u00d3N Nuestro objetivo es inspirar a las personas y entusiasmarlas con el juego del golf y el golf indoor, ya sean golfistas experimentados que desean llevar su juego al siguiente nivel, principiantes que est\u00e1n disfrutando de sus primeros \u00e9xitos o reci\u00e9n llegados que est\u00e1n descubriendo la fascinaci\u00f3n de este deporte por primera vez. Queremos [&hellip;]<\/p>\n","protected":false},"author":1,"featured_media":0,"parent":0,"menu_order":0,"comment_status":"closed","ping_status":"closed","template":"elementor_header_footer","meta":{"footnotes":""},"class_list":["post-4442","page","type-page","status-publish","hentry"],"yoast_head":"<!-- This site is optimized with the Yoast SEO plugin v27.3 - https:\/\/yoast.com\/product\/yoast-seo-wordpress\/ -->\n<title>Golf cubierto desde Salzburgo - Pasi\u00f3n por el golf - NEW GOLF<\/title>\n<meta name=\"description\" content=\"Nuestra misi\u00f3n: entusiasmar a la gente con el golf \u2605 Hacer el golf accesible a todo el mundo \u2605 Golf en cualquier momento y en cualquier lugar\" \/>\n<meta name=\"robots\" content=\"index, follow, max-snippet:-1, max-image-preview:large, max-video-preview:-1\" \/>\n<link rel=\"canonical\" href=\"https:\/\/newgolf.eu\/es\/about\/\" \/>\n<meta property=\"og:locale\" content=\"es_ES\" \/>\n<meta property=\"og:type\" content=\"article\" \/>\n<meta property=\"og:title\" content=\"Golf cubierto desde Salzburgo - Pasi\u00f3n por el golf - NEW GOLF\" \/>\n<meta property=\"og:description\" content=\"Nuestra misi\u00f3n: entusiasmar a la gente con el golf \u2605 Hacer el golf accesible a todo el mundo \u2605 Golf en cualquier momento y en cualquier lugar\" \/>\n<meta property=\"og:url\" content=\"https:\/\/newgolf.eu\/es\/about\/\" \/>\n<meta property=\"og:site_name\" content=\"newgolf.eu\" \/>\n<meta property=\"article:modified_time\" content=\"2025-07-07T10:11:54+00:00\" \/>\n<meta name=\"twitter:card\" content=\"summary_large_image\" \/>\n<meta name=\"twitter:label1\" content=\"Tiempo de lectura\" \/>\n\t<meta name=\"twitter:data1\" content=\"1 minuto\" \/>\n<script type=\"application\/ld+json\" class=\"yoast-schema-graph\">{\"@context\":\"https:\\\/\\\/schema.org\",\"@graph\":[{\"@type\":\"WebPage\",\"@id\":\"https:\\\/\\\/newgolf.eu\\\/es\\\/about\\\/\",\"url\":\"https:\\\/\\\/newgolf.eu\\\/es\\\/about\\\/\",\"name\":\"Golf cubierto desde Salzburgo - Pasi\u00f3n por el golf - NEW GOLF\",\"isPartOf\":{\"@id\":\"https:\\\/\\\/newgolf.eu\\\/#website\"},\"datePublished\":\"2024-09-09T13:27:32+00:00\",\"dateModified\":\"2025-07-07T10:11:54+00:00\",\"description\":\"Nuestra misi\u00f3n: entusiasmar a la gente con el golf \u2605 Hacer el golf accesible a todo el mundo \u2605 Golf en cualquier momento y en cualquier lugar\",\"breadcrumb\":{\"@id\":\"https:\\\/\\\/newgolf.eu\\\/es\\\/about\\\/#breadcrumb\"},\"inLanguage\":\"es\",\"potentialAction\":[{\"@type\":\"ReadAction\",\"target\":[\"https:\\\/\\\/newgolf.eu\\\/es\\\/about\\\/\"]}]},{\"@type\":\"BreadcrumbList\",\"@id\":\"https:\\\/\\\/newgolf.eu\\\/es\\\/about\\\/#breadcrumb\",\"itemListElement\":[{\"@type\":\"ListItem\",\"position\":1,\"name\":\"Startseite\",\"item\":\"https:\\\/\\\/newgolf.eu\\\/es\\\/home\\\/\"},{\"@type\":\"ListItem\",\"position\":2,\"name\":\"About\"}]},{\"@type\":\"WebSite\",\"@id\":\"https:\\\/\\\/newgolf.eu\\\/#website\",\"url\":\"https:\\\/\\\/newgolf.eu\\\/\",\"name\":\"newgolf.eu\",\"description\":\"Home of Golf\",\"publisher\":{\"@id\":\"https:\\\/\\\/newgolf.eu\\\/#organization\"},\"potentialAction\":[{\"@type\":\"SearchAction\",\"target\":{\"@type\":\"EntryPoint\",\"urlTemplate\":\"https:\\\/\\\/newgolf.eu\\\/?s={search_term_string}\"},\"query-input\":{\"@type\":\"PropertyValueSpecification\",\"valueRequired\":true,\"valueName\":\"search_term_string\"}}],\"inLanguage\":\"es\"},{\"@type\":\"Organization\",\"@id\":\"https:\\\/\\\/newgolf.eu\\\/#organization\",\"name\":\"NEW GOLF GmbH\",\"url\":\"https:\\\/\\\/newgolf.eu\\\/\",\"logo\":{\"@type\":\"ImageObject\",\"inLanguage\":\"es\",\"@id\":\"https:\\\/\\\/newgolf.eu\\\/#\\\/schema\\\/logo\\\/image\\\/\",\"url\":\"https:\\\/\\\/newgolf.eu\\\/wp-content\\\/uploads\\\/2024\\\/09\\\/new-golf-logo-komplett.svg\",\"contentUrl\":\"https:\\\/\\\/newgolf.eu\\\/wp-content\\\/uploads\\\/2024\\\/09\\\/new-golf-logo-komplett.svg\",\"width\":231,\"height\":186,\"caption\":\"NEW GOLF GmbH\"},\"image\":{\"@id\":\"https:\\\/\\\/newgolf.eu\\\/#\\\/schema\\\/logo\\\/image\\\/\"}}]}<\/script>\n<!-- \/ Yoast SEO plugin. -->","yoast_head_json":{"title":"Golf cubierto desde Salzburgo - Pasi\u00f3n por el golf - NEW GOLF","description":"Nuestra misi\u00f3n: entusiasmar a la gente con el golf \u2605 Hacer el golf accesible a todo el mundo \u2605 Golf en cualquier momento y en cualquier lugar","robots":{"index":"index","follow":"follow","max-snippet":"max-snippet:-1","max-image-preview":"max-image-preview:large","max-video-preview":"max-video-preview:-1"},"canonical":"https:\/\/newgolf.eu\/es\/about\/","og_locale":"es_ES","og_type":"article","og_title":"Golf cubierto desde Salzburgo - Pasi\u00f3n por el golf - NEW GOLF","og_description":"Nuestra misi\u00f3n: entusiasmar a la gente con el golf \u2605 Hacer el golf accesible a todo el mundo \u2605 Golf en cualquier momento y en cualquier lugar","og_url":"https:\/\/newgolf.eu\/es\/about\/","og_site_name":"newgolf.eu","article_modified_time":"2025-07-07T10:11:54+00:00","twitter_card":"summary_large_image","twitter_misc":{"Tiempo de lectura":"1 minuto"},"schema":{"@context":"https:\/\/schema.org","@graph":[{"@type":"WebPage","@id":"https:\/\/newgolf.eu\/es\/about\/","url":"https:\/\/newgolf.eu\/es\/about\/","name":"Golf cubierto desde Salzburgo - Pasi\u00f3n por el golf - NEW GOLF","isPartOf":{"@id":"https:\/\/newgolf.eu\/#website"},"datePublished":"2024-09-09T13:27:32+00:00","dateModified":"2025-07-07T10:11:54+00:00","description":"Nuestra misi\u00f3n: entusiasmar a la gente con el golf \u2605 Hacer el golf accesible a todo el mundo \u2605 Golf en cualquier momento y en cualquier lugar","breadcrumb":{"@id":"https:\/\/newgolf.eu\/es\/about\/#breadcrumb"},"inLanguage":"es","potentialAction":[{"@type":"ReadAction","target":["https:\/\/newgolf.eu\/es\/about\/"]}]},{"@type":"BreadcrumbList","@id":"https:\/\/newgolf.eu\/es\/about\/#breadcrumb","itemListElement":[{"@type":"ListItem","position":1,"name":"Startseite","item":"https:\/\/newgolf.eu\/es\/home\/"},{"@type":"ListItem","position":2,"name":"About"}]},{"@type":"WebSite","@id":"https:\/\/newgolf.eu\/#website","url":"https:\/\/newgolf.eu\/","name":"newgolf.eu","description":"Home of Golf","publisher":{"@id":"https:\/\/newgolf.eu\/#organization"},"potentialAction":[{"@type":"SearchAction","target":{"@type":"EntryPoint","urlTemplate":"https:\/\/newgolf.eu\/?s={search_term_string}"},"query-input":{"@type":"PropertyValueSpecification","valueRequired":true,"valueName":"search_term_string"}}],"inLanguage":"es"},{"@type":"Organization","@id":"https:\/\/newgolf.eu\/#organization","name":"NEW GOLF GmbH","url":"https:\/\/newgolf.eu\/","logo":{"@type":"ImageObject","inLanguage":"es","@id":"https:\/\/newgolf.eu\/#\/schema\/logo\/image\/","url":"https:\/\/newgolf.eu\/wp-content\/uploads\/2024\/09\/new-golf-logo-komplett.svg","contentUrl":"https:\/\/newgolf.eu\/wp-content\/uploads\/2024\/09\/new-golf-logo-komplett.svg","width":231,"height":186,"caption":"NEW GOLF GmbH"},"image":{"@id":"https:\/\/newgolf.eu\/#\/schema\/logo\/image\/"}}]}},"_links":{"self":[{"href":"https:\/\/newgolf.eu\/es\/wp-json\/wp\/v2\/pages\/4442","targetHints":{"allow":["GET"]}}],"collection":[{"href":"https:\/\/newgolf.eu\/es\/wp-json\/wp\/v2\/pages"}],"about":[{"href":"https:\/\/newgolf.eu\/es\/wp-json\/wp\/v2\/types\/page"}],"author":[{"embeddable":true,"href":"https:\/\/newgolf.eu\/es\/wp-json\/wp\/v2\/users\/1"}],"replies":[{"embeddable":true,"href":"https:\/\/newgolf.eu\/es\/wp-json\/wp\/v2\/comments?post=4442"}],"version-history":[{"count":1,"href":"https:\/\/newgolf.eu\/es\/wp-json\/wp\/v2\/pages\/4442\/revisions"}],"predecessor-version":[{"id":4443,"href":"https:\/\/newgolf.eu\/es\/wp-json\/wp\/v2\/pages\/4442\/revisions\/4443"}],"wp:attachment":[{"href":"https:\/\/newgolf.eu\/es\/wp-json\/wp\/v2\/media?parent=4442"}],"curies":[{"name":"wp","href":"https:\/\/api.w.org\/{rel}","templated":true}]}}