{"id":4434,"date":"2024-10-23T10:44:22","date_gmt":"2024-10-23T10:44:22","guid":{"rendered":"https:\/\/newgolf.eu\/showroom\/"},"modified":"2026-01-21T13:00:39","modified_gmt":"2026-01-21T13:00:39","slug":"showroom","status":"publish","type":"page","link":"https:\/\/newgolf.eu\/es\/showroom\/","title":{"rendered":"Showroom"},"content":{"rendered":"\t\t<div data-elementor-type=\"wp-page\" data-elementor-id=\"4434\" class=\"elementor elementor-4434 elementor-551\" data-elementor-post-type=\"page\">\n\t\t\t\t<div class=\"elementor-element elementor-element-3a3fd5c e-con-full e-flex e-con e-parent\" data-id=\"3a3fd5c\" data-element_type=\"container\" data-e-type=\"container\">\n\t\t<div class=\"elementor-element elementor-element-728dad9 e-con-full e-flex e-con e-child\" data-id=\"728dad9\" data-element_type=\"container\" data-e-type=\"container\">\n\t\t<div class=\"elementor-element elementor-element-968479d e-con-full e-flex e-con e-child\" data-id=\"968479d\" data-element_type=\"container\" data-e-type=\"container\" data-settings=\"{&quot;background_background&quot;:&quot;slideshow&quot;,&quot;background_slideshow_gallery&quot;:[{&quot;id&quot;:4185,&quot;url&quot;:&quot;https:\\\/\\\/newgolf.eu\\\/wp-content\\\/uploads\\\/2024\\\/11\\\/newgolf-showroom-gusswerk.jpg&quot;},{&quot;id&quot;:4191,&quot;url&quot;:&quot;https:\\\/\\\/newgolf.eu\\\/wp-content\\\/uploads\\\/2024\\\/11\\\/newgolf-showroom-gusswerk-1.jpg&quot;},{&quot;id&quot;:4188,&quot;url&quot;:&quot;https:\\\/\\\/newgolf.eu\\\/wp-content\\\/uploads\\\/2024\\\/11\\\/newgolf-showroom-gusswerk2.jpg&quot;}],&quot;background_slideshow_transition_duration&quot;:&quot;5000&quot;,&quot;background_slideshow_ken_burns&quot;:&quot;yes&quot;,&quot;background_slideshow_loop&quot;:&quot;yes&quot;,&quot;background_slideshow_slide_duration&quot;:5000,&quot;background_slideshow_slide_transition&quot;:&quot;fade&quot;,&quot;background_slideshow_ken_burns_zoom_direction&quot;:&quot;in&quot;}\">\n\t\t\t\t<\/div>\n\t\t<div class=\"elementor-element elementor-element-e7a73f0 e-con-full e-flex e-con e-child\" data-id=\"e7a73f0\" data-element_type=\"container\" data-e-type=\"container\" data-settings=\"{&quot;background_background&quot;:&quot;classic&quot;,&quot;motion_fx_motion_fx_scrolling&quot;:&quot;yes&quot;,&quot;motion_fx_translateY_effect&quot;:&quot;yes&quot;,&quot;motion_fx_translateY_direction&quot;:&quot;negative&quot;,&quot;motion_fx_translateY_affectedRange&quot;:{&quot;unit&quot;:&quot;%&quot;,&quot;size&quot;:&quot;&quot;,&quot;sizes&quot;:{&quot;start&quot;:50,&quot;end&quot;:60}},&quot;motion_fx_devices&quot;:[&quot;desktop&quot;],&quot;motion_fx_translateY_speed&quot;:{&quot;unit&quot;:&quot;px&quot;,&quot;size&quot;:4,&quot;sizes&quot;:[]}}\">\n\t\t\t\t<div class=\"elementor-element elementor-element-37da561 elementor-widget elementor-widget-heading\" data-id=\"37da561\" data-element_type=\"widget\" data-e-type=\"widget\" data-widget_type=\"heading.default\">\n\t\t\t\t<div class=\"elementor-widget-container\">\n\t\t\t\t\t<h2 class=\"elementor-heading-title elementor-size-default\">Prueba el simulador de golf \u2013NEW GOLF\nSala de exposici\u00f3n en Gr\u00f6dig, cerca de Salzburgo<\/h2>\t\t\t\t<\/div>\n\t\t\t\t<\/div>\n\t\t\t\t<\/div>\n\t\t\t\t<\/div>\n\t\t\t\t<\/div>\n\t\t<div class=\"elementor-element elementor-element-21a689b e-flex e-con-boxed e-con e-parent\" data-id=\"21a689b\" data-element_type=\"container\" data-e-type=\"container\">\n\t\t\t\t\t<div class=\"e-con-inner\">\n\t\t\t\t<div class=\"elementor-element elementor-element-c46c961 elementor-invisible elementor-widget elementor-widget-heading\" data-id=\"c46c961\" data-element_type=\"widget\" data-e-type=\"widget\" data-settings=\"{&quot;_animation&quot;:&quot;fadeInDown&quot;}\" data-widget_type=\"heading.default\">\n\t\t\t\t<div class=\"elementor-widget-container\">\n\t\t\t\t\t<h2 class=\"elementor-heading-title elementor-size-default\">Showroom Gr\u00f6dig: redescubra el golf indoor<\/h2>\t\t\t\t<\/div>\n\t\t\t\t<\/div>\n\t\t\t\t<div class=\"elementor-element elementor-element-c959f85 elementor-view-framed elementor-shape-square elementor-position-inline-start animated-slow elementor-mobile-position-block-start elementor-invisible elementor-widget elementor-widget-icon-box\" data-id=\"c959f85\" data-element_type=\"widget\" data-e-type=\"widget\" data-settings=\"{&quot;_animation&quot;:&quot;fadeInUp&quot;}\" data-widget_type=\"icon-box.default\">\n\t\t\t\t<div class=\"elementor-widget-container\">\n\t\t\t\t\t\t\t<div class=\"elementor-icon-box-wrapper\">\n\n\t\t\t\t\t\t<div class=\"elementor-icon-box-icon\">\n\t\t\t\t<span  class=\"elementor-icon\">\n\t\t\t\t<svg xmlns=\"http:\/\/www.w3.org\/2000\/svg\" id=\"Ebene_1\" data-name=\"Ebene 1\" viewBox=\"0 0 70.36 59.12\"><defs><style>      .cls-1 {        fill: #363c49;        stroke-width: 0px;      }    <\/style><\/defs><path class=\"cls-1\" d=\"m59.58,30.04c0-14.41-10.44-24.82-24.54-24.82-4.64,0-8.87,1.19-12.47,3.28v4.82c3.36-2.68,7.65-4.24,12.47-4.24,11.78,0,20.28,8.79,20.28,20.95s-8.54,20.46-20.28,20.46c-4.83,0-9.11-1.49-12.47-4.09v4.79c3.6,2.03,7.84,3.17,12.47,3.17,14.1,0,24.54-10.02,24.54-24.33h0ZM16.57,13.52c-3.63,4.29-5.78,9.99-5.78,16.52s2.15,12.08,5.78,16.27v-7.87c-1.01-2.51-1.57-5.34-1.57-8.39s.55-5.96,1.57-8.53v-7.99h0Z\"><\/path><\/svg>\t\t\t\t<\/span>\n\t\t\t<\/div>\n\t\t\t\n\t\t\t\t\t\t<div class=\"elementor-icon-box-content\">\n\n\t\t\t\t\n\t\t\t\t\t\t\t\t\t<p class=\"elementor-icon-box-description\">\n\t\t\t\t\t\tVisite nuestra sala de exposiciones NEW GOLF en el edificio Vitazen, Via Sanitas 1, 5082 Gr\u00f6dig, a los pies del legendario monte Untersberg. En un ambiente moderno y relajado, le presentamos nuestro simulador de golf indoor, que le permitir\u00e1 disfrutar del golf de una forma m\u00e1s realista que nunca. La <u><a href=\"https:\/\/newgolf.eu\/es\/technologia\/\" style=\"color:#151515\">tecnolog\u00eda de monitor de lanzamiento<\/a><\/u> de alta precisi\u00f3n y las impresionantes visualizaciones en 3D garantizan una sensaci\u00f3n de juego aut\u00e9ntica.   <br><br>Visite nuestra sala de exposiciones NEW GOLF en el edificio Vitazen, Via Sanitas 1, 5082 Gr\u00f6dig, a los pies del legendario monte Untersberg. En un ambiente moderno y relajado, le presentamos nuestro simulador de golf indoor, que le permitir\u00e1 disfrutar del golf de una forma m\u00e1s realista que nunca. La tecnolog\u00eda de monitor de lanzamiento de alta precisi\u00f3n y las impresionantes visualizaciones en 3D garantizan una sensaci\u00f3n de juego aut\u00e9ntica.  \t\t\t\t\t<\/p>\n\t\t\t\t\n\t\t\t<\/div>\n\t\t\t\n\t\t<\/div>\n\t\t\t\t\t\t<\/div>\n\t\t\t\t<\/div>\n\t\t\t\t\t<\/div>\n\t\t\t\t<\/div>\n\t\t<div class=\"elementor-element elementor-element-24867af e-flex e-con-boxed e-con e-parent\" data-id=\"24867af\" data-element_type=\"container\" data-e-type=\"container\">\n\t\t\t\t\t<div class=\"e-con-inner\">\n\t\t<div class=\"elementor-element elementor-element-6a203c7 e-con-full e-flex e-con e-child\" data-id=\"6a203c7\" data-element_type=\"container\" data-e-type=\"container\">\n\t\t\t\t<div class=\"elementor-element elementor-element-6ed844c elementor-widget elementor-widget-image\" data-id=\"6ed844c\" data-element_type=\"widget\" data-e-type=\"widget\" data-widget_type=\"image.default\">\n\t\t\t\t<div class=\"elementor-widget-container\">\n\t\t\t\t\t\t\t\t\t\t\t\t\t\t\t<img fetchpriority=\"high\" decoding=\"async\" width=\"800\" height=\"534\" src=\"https:\/\/newgolf.eu\/wp-content\/uploads\/2024\/11\/newgolf-showroom-gusswerk4.jpg\" class=\"attachment-large size-large wp-image-4194\" alt=\"Foto Showroom von New Golf\" srcset=\"https:\/\/newgolf.eu\/wp-content\/uploads\/2024\/11\/newgolf-showroom-gusswerk4.jpg 1000w, https:\/\/newgolf.eu\/wp-content\/uploads\/2024\/11\/newgolf-showroom-gusswerk4-300x200.jpg 300w, https:\/\/newgolf.eu\/wp-content\/uploads\/2024\/11\/newgolf-showroom-gusswerk4-768x512.jpg 768w\" sizes=\"(max-width: 800px) 100vw, 800px\" \/>\t\t\t\t\t\t\t\t\t\t\t\t\t\t\t<\/div>\n\t\t\t\t<\/div>\n\t\t\t\t<\/div>\n\t\t<div class=\"elementor-element elementor-element-c6a9a58 e-con-full e-flex e-con e-child\" data-id=\"c6a9a58\" data-element_type=\"container\" data-e-type=\"container\">\n\t\t\t\t<div class=\"elementor-element elementor-element-d33dac8 elementor-widget elementor-widget-image\" data-id=\"d33dac8\" data-element_type=\"widget\" data-e-type=\"widget\" data-widget_type=\"image.default\">\n\t\t\t\t<div class=\"elementor-widget-container\">\n\t\t\t\t\t\t\t\t\t\t\t\t\t\t\t<img decoding=\"async\" width=\"800\" height=\"534\" src=\"https:\/\/newgolf.eu\/wp-content\/uploads\/2026\/01\/newgolf-golfsimulatoren-indoor.jpg\" class=\"attachment-large size-large wp-image-5183\" alt=\"\" srcset=\"https:\/\/newgolf.eu\/wp-content\/uploads\/2026\/01\/newgolf-golfsimulatoren-indoor.jpg 1024w, https:\/\/newgolf.eu\/wp-content\/uploads\/2026\/01\/newgolf-golfsimulatoren-indoor-300x200.jpg 300w, https:\/\/newgolf.eu\/wp-content\/uploads\/2026\/01\/newgolf-golfsimulatoren-indoor-768x512.jpg 768w\" sizes=\"(max-width: 800px) 100vw, 800px\" \/>\t\t\t\t\t\t\t\t\t\t\t\t\t\t\t<\/div>\n\t\t\t\t<\/div>\n\t\t\t\t<\/div>\n\t\t\t\t\t<\/div>\n\t\t\t\t<\/div>\n\t\t<div class=\"elementor-element elementor-element-2092cca0 e-con-full e-flex e-con e-parent\" data-id=\"2092cca0\" data-element_type=\"container\" data-e-type=\"container\" data-settings=\"{&quot;background_background&quot;:&quot;classic&quot;}\">\n\t\t\t\t<div class=\"elementor-element elementor-element-53dee311 elementor-widget__width-initial elementor-widget-mobile__width-inherit elementor-invisible elementor-widget elementor-widget-heading\" data-id=\"53dee311\" data-element_type=\"widget\" data-e-type=\"widget\" data-settings=\"{&quot;_animation&quot;:&quot;fadeInDown&quot;}\" data-widget_type=\"heading.default\">\n\t\t\t\t<div class=\"elementor-widget-container\">\n\t\t\t\t\t<h1 class=\"elementor-heading-title elementor-size-default\">SHOWROOM <p>en Palma\/Mallorca<\/p><\/h1>\t\t\t\t<\/div>\n\t\t\t\t<\/div>\n\t\t\t\t<div class=\"elementor-element elementor-element-2f32cbc0 elementor-widget__width-initial elementor-widget-mobile__width-inherit elementor-invisible elementor-widget elementor-widget-text-editor\" data-id=\"2f32cbc0\" data-element_type=\"widget\" data-e-type=\"widget\" data-settings=\"{&quot;_animation&quot;:&quot;fadeInUp&quot;}\" data-widget_type=\"text-editor.default\">\n\t\t\t\t<div class=\"elementor-widget-container\">\n\t\t\t\t\t\t\t\t\t<p style=\"font-weight: 400;\">Esperamos darle la bienvenida a nuestra sala de exposici\u00f3n en el exclusivo Paseo Mar\u00edtimo de Palma, directamente en el puerto deportivo y con vistas al agua.<\/p><p style=\"font-weight: 400;\">Con m\u00e1s de 70 metros cuadrados, encontrar\u00e1 una elegante habitaci\u00f3n con un espacioso ba\u00fal de dise\u00f1o, tapizado en tela beige y armoniosamente complementado por una elegante alfombra del mismo tono. Una acogedora sala de estar crea la combinaci\u00f3n perfecta de elegancia y funcionalidad. <\/p><p style=\"font-weight: 400;\">Un lugar donde el golf indoor de \u00faltima generaci\u00f3n se combina con un ambiente exclusivo, justo en el coraz\u00f3n de Mallorca.<\/p>\t\t\t\t\t\t\t\t<\/div>\n\t\t\t\t<\/div>\n\t\t\t\t<\/div>\n\t\t<div class=\"elementor-element elementor-element-70859c4c e-con-full e-flex e-con e-parent\" data-id=\"70859c4c\" data-element_type=\"container\" data-e-type=\"container\" data-settings=\"{&quot;background_background&quot;:&quot;classic&quot;}\">\n\t\t<div class=\"elementor-element elementor-element-1a27396e e-con-full e-flex e-con e-child\" data-id=\"1a27396e\" data-element_type=\"container\" data-e-type=\"container\" data-settings=\"{&quot;background_background&quot;:&quot;classic&quot;}\">\n\t\t\t\t<div class=\"elementor-element elementor-element-decfcb6 elementor--h-position-center elementor--v-position-middle elementor-widget elementor-widget-slides\" data-id=\"decfcb6\" data-element_type=\"widget\" data-e-type=\"widget\" data-settings=\"{&quot;navigation&quot;:&quot;none&quot;,&quot;autoplay_speed&quot;:3000,&quot;autoplay&quot;:&quot;yes&quot;,&quot;pause_on_hover&quot;:&quot;yes&quot;,&quot;pause_on_interaction&quot;:&quot;yes&quot;,&quot;infinite&quot;:&quot;yes&quot;,&quot;transition&quot;:&quot;slide&quot;,&quot;transition_speed&quot;:500}\" data-widget_type=\"slides.default\">\n\t\t\t\t<div class=\"elementor-widget-container\">\n\t\t\t\t\t\t\t\t\t<div class=\"elementor-swiper\">\n\t\t\t\t\t<div class=\"elementor-slides-wrapper elementor-main-swiper swiper\" role=\"region\" aria-roledescription=\"carousel\" aria-label=\"Slider\" dir=\"ltr\" data-animation=\"fadeInUp\">\n\t\t\t\t<div class=\"swiper-wrapper elementor-slides\">\n\t\t\t\t\t\t\t\t\t\t<div class=\"elementor-repeater-item-fc380f1 swiper-slide\" role=\"group\" aria-roledescription=\"slide\"><div class=\"swiper-slide-bg\" role=\"img\" aria-label=\"Unser New Golf Showroom in Palma de Mallorca\"><\/div><div class=\"swiper-slide-inner\" ><div class=\"swiper-slide-contents\"><\/div><\/div><\/div><div class=\"elementor-repeater-item-019570b swiper-slide\" role=\"group\" aria-roledescription=\"slide\"><div class=\"swiper-slide-bg\" role=\"img\" aria-label=\"Unser New Golf Showroom in Palma de Mallorca\"><\/div><div class=\"swiper-slide-inner\" ><div class=\"swiper-slide-contents\"><\/div><\/div><\/div>\t\t\t\t<\/div>\n\t\t\t\t\t\t\t\t\t\t\t\t\t\t\t\t\t\t\t\t\t<\/div>\n\t\t\t\t<\/div>\n\t\t\t\t\t\t\t\t<\/div>\n\t\t\t\t<\/div>\n\t\t\t\t<\/div>\n\t\t<div class=\"elementor-element elementor-element-1b02ef41 e-con-full e-flex e-con e-child\" data-id=\"1b02ef41\" data-element_type=\"container\" data-e-type=\"container\">\n\t\t\t\t<div class=\"elementor-element elementor-element-6ab3b634 elementor-widget-tablet__width-initial elementor-widget-mobile__width-inherit elementor-widget elementor-widget-heading\" data-id=\"6ab3b634\" data-element_type=\"widget\" data-e-type=\"widget\" data-widget_type=\"heading.default\">\n\t\t\t\t<div class=\"elementor-widget-container\">\n\t\t\t\t\t<p class=\"elementor-heading-title elementor-size-default\">NEW GOLF BALEARES S.L.U.<br>CARRER DE PORTO Pi 4 <br>07015 PALMA DE MALLORCA\n<\/p>\t\t\t\t<\/div>\n\t\t\t\t<\/div>\n\t\t\t\t<div class=\"elementor-element elementor-element-648f35f2 elementor-align-justify elementor-mobile-align-left elementor-tablet-align-center elementor-widget-mobile__width-inherit elementor-widget elementor-widget-button\" data-id=\"648f35f2\" data-element_type=\"widget\" data-e-type=\"widget\" data-widget_type=\"button.default\">\n\t\t\t\t<div class=\"elementor-widget-container\">\n\t\t\t\t\t\t\t\t\t<div class=\"elementor-button-wrapper\">\n\t\t\t\t\t<a class=\"elementor-button elementor-button-link elementor-size-sm elementor-animation-float\" href=\"mailto:office@newgolf.eu\" mailto=\"\">\n\t\t\t\t\t\t<span class=\"elementor-button-content-wrapper\">\n\t\t\t\t\t\t<span class=\"elementor-button-icon\">\n\t\t\t\t<svg xmlns=\"http:\/\/www.w3.org\/2000\/svg\" id=\"a258ec14-a55e-49f3-8b4f-17327bafb92b\" data-name=\"Layer 1\" width=\"21\" height=\"12\" viewBox=\"0 0 21 12\"><path d=\"M21.3427,6.1044,15.61.6978A.6185.6185,0,0,0,15.191.5a.5089.5089,0,0,0-.42.1978.5762.5762,0,0,0,0,.7912l4.6838,4.4835H1.07a.5162.5162,0,0,0-.5592.5934.5247.5247,0,0,0,.6292.5275H19.4553l-4.7536,4.4835a.576.576,0,0,0,0,.7912,1.034,1.034,0,0,0,.4194.1319.43.43,0,0,0,.4194-.1978l5.8022-5.4066A.5762.5762,0,0,0,21.3427,6.1044Z\" transform=\"translate(-0.5 -0.5)\"><\/path><\/svg>\t\t\t<\/span>\n\t\t\t\t\t\t\t\t\t<span class=\"elementor-button-text\">\u00a1P\u00d3NGASE EN CONTACTO CON NOSOTROS HOY!<\/span>\n\t\t\t\t\t<\/span>\n\t\t\t\t\t<\/a>\n\t\t\t\t<\/div>\n\t\t\t\t\t\t\t\t<\/div>\n\t\t\t\t<\/div>\n\t\t\t\t<\/div>\n\t\t\t\t<\/div>\n\t\t\t\t<\/div>\n\t\t","protected":false},"excerpt":{"rendered":"<p>Prueba el simulador de golf \u2013NEW GOLF Sala de exposici\u00f3n en Gr\u00f6dig, cerca de Salzburgo Showroom Gr\u00f6dig: redescubra el golf indoor Visite nuestra sala de exposiciones NEW GOLF en el edificio Vitazen, Via Sanitas 1, 5082 Gr\u00f6dig, a los pies del legendario monte Untersberg. En un ambiente moderno y relajado, le presentamos nuestro simulador de [&hellip;]<\/p>\n","protected":false},"author":1,"featured_media":0,"parent":0,"menu_order":0,"comment_status":"closed","ping_status":"closed","template":"elementor_header_footer","meta":{"footnotes":""},"class_list":["post-4434","page","type-page","status-publish","hentry"],"yoast_head":"<!-- This site is optimized with the Yoast SEO plugin v27.3 - https:\/\/yoast.com\/product\/yoast-seo-wordpress\/ -->\n<title>Pruebe el simulador de golf + experim\u00e9ntelo en directo - nuestra sala de exposiciones en Palma de Mallorca<\/title>\n<meta name=\"description\" content=\"Visita nuestro showroom \ud83c\udfcc\ufe0f\u200d\u2642\ufe0f Prueba el simulador de golf \ud83d\udea9 Experiencia de golf ultrarrealista 70 metros cuadrados de golf indoor en Palma de Mallorca.\" \/>\n<meta name=\"robots\" content=\"index, follow, max-snippet:-1, max-image-preview:large, max-video-preview:-1\" \/>\n<link rel=\"canonical\" href=\"https:\/\/newgolf.eu\/es\/showroom\/\" \/>\n<meta property=\"og:locale\" content=\"es_ES\" \/>\n<meta property=\"og:type\" content=\"article\" \/>\n<meta property=\"og:title\" content=\"Pruebe el simulador de golf + experim\u00e9ntelo en directo - nuestra sala de exposiciones en Palma de Mallorca\" \/>\n<meta property=\"og:description\" content=\"Visita nuestro showroom \ud83c\udfcc\ufe0f\u200d\u2642\ufe0f Prueba el simulador de golf \ud83d\udea9 Experiencia de golf ultrarrealista 70 metros cuadrados de golf indoor en Palma de Mallorca.\" \/>\n<meta property=\"og:url\" content=\"https:\/\/newgolf.eu\/es\/showroom\/\" \/>\n<meta property=\"og:site_name\" content=\"newgolf.eu\" \/>\n<meta property=\"article:modified_time\" content=\"2026-01-21T13:00:39+00:00\" \/>\n<meta property=\"og:image\" content=\"https:\/\/newgolf.eu\/wp-content\/uploads\/2024\/11\/newgolf-showroom-gusswerk4.jpg\" \/>\n\t<meta property=\"og:image:width\" content=\"1000\" \/>\n\t<meta property=\"og:image:height\" content=\"667\" \/>\n\t<meta property=\"og:image:type\" content=\"image\/jpeg\" \/>\n<meta name=\"twitter:card\" content=\"summary_large_image\" \/>\n<meta name=\"twitter:label1\" content=\"Tiempo de lectura\" \/>\n\t<meta name=\"twitter:data1\" content=\"1 minuto\" \/>\n<script type=\"application\/ld+json\" class=\"yoast-schema-graph\">{\"@context\":\"https:\\\/\\\/schema.org\",\"@graph\":[{\"@type\":\"WebPage\",\"@id\":\"https:\\\/\\\/newgolf.eu\\\/es\\\/showroom\\\/\",\"url\":\"https:\\\/\\\/newgolf.eu\\\/es\\\/showroom\\\/\",\"name\":\"Pruebe el simulador de golf + experim\u00e9ntelo en directo - nuestra sala de exposiciones en Palma de Mallorca\",\"isPartOf\":{\"@id\":\"https:\\\/\\\/newgolf.eu\\\/#website\"},\"primaryImageOfPage\":{\"@id\":\"https:\\\/\\\/newgolf.eu\\\/es\\\/showroom\\\/#primaryimage\"},\"image\":{\"@id\":\"https:\\\/\\\/newgolf.eu\\\/es\\\/showroom\\\/#primaryimage\"},\"thumbnailUrl\":\"https:\\\/\\\/newgolf.eu\\\/wp-content\\\/uploads\\\/2024\\\/11\\\/newgolf-showroom-gusswerk4.jpg\",\"datePublished\":\"2024-10-23T10:44:22+00:00\",\"dateModified\":\"2026-01-21T13:00:39+00:00\",\"description\":\"Visita nuestro showroom \ud83c\udfcc\ufe0f\u200d\u2642\ufe0f Prueba el simulador de golf \ud83d\udea9 Experiencia de golf ultrarrealista 70 metros cuadrados de golf indoor en Palma de Mallorca.\",\"breadcrumb\":{\"@id\":\"https:\\\/\\\/newgolf.eu\\\/es\\\/showroom\\\/#breadcrumb\"},\"inLanguage\":\"es\",\"potentialAction\":[{\"@type\":\"ReadAction\",\"target\":[\"https:\\\/\\\/newgolf.eu\\\/es\\\/showroom\\\/\"]}]},{\"@type\":\"ImageObject\",\"inLanguage\":\"es\",\"@id\":\"https:\\\/\\\/newgolf.eu\\\/es\\\/showroom\\\/#primaryimage\",\"url\":\"https:\\\/\\\/newgolf.eu\\\/wp-content\\\/uploads\\\/2024\\\/11\\\/newgolf-showroom-gusswerk4.jpg\",\"contentUrl\":\"https:\\\/\\\/newgolf.eu\\\/wp-content\\\/uploads\\\/2024\\\/11\\\/newgolf-showroom-gusswerk4.jpg\"},{\"@type\":\"BreadcrumbList\",\"@id\":\"https:\\\/\\\/newgolf.eu\\\/es\\\/showroom\\\/#breadcrumb\",\"itemListElement\":[{\"@type\":\"ListItem\",\"position\":1,\"name\":\"Startseite\",\"item\":\"https:\\\/\\\/newgolf.eu\\\/es\\\/home\\\/\"},{\"@type\":\"ListItem\",\"position\":2,\"name\":\"Showroom\"}]},{\"@type\":\"WebSite\",\"@id\":\"https:\\\/\\\/newgolf.eu\\\/#website\",\"url\":\"https:\\\/\\\/newgolf.eu\\\/\",\"name\":\"newgolf.eu\",\"description\":\"Home of Golf\",\"publisher\":{\"@id\":\"https:\\\/\\\/newgolf.eu\\\/#organization\"},\"potentialAction\":[{\"@type\":\"SearchAction\",\"target\":{\"@type\":\"EntryPoint\",\"urlTemplate\":\"https:\\\/\\\/newgolf.eu\\\/?s={search_term_string}\"},\"query-input\":{\"@type\":\"PropertyValueSpecification\",\"valueRequired\":true,\"valueName\":\"search_term_string\"}}],\"inLanguage\":\"es\"},{\"@type\":\"Organization\",\"@id\":\"https:\\\/\\\/newgolf.eu\\\/#organization\",\"name\":\"NEW GOLF GmbH\",\"url\":\"https:\\\/\\\/newgolf.eu\\\/\",\"logo\":{\"@type\":\"ImageObject\",\"inLanguage\":\"es\",\"@id\":\"https:\\\/\\\/newgolf.eu\\\/#\\\/schema\\\/logo\\\/image\\\/\",\"url\":\"https:\\\/\\\/newgolf.eu\\\/wp-content\\\/uploads\\\/2024\\\/09\\\/new-golf-logo-komplett.svg\",\"contentUrl\":\"https:\\\/\\\/newgolf.eu\\\/wp-content\\\/uploads\\\/2024\\\/09\\\/new-golf-logo-komplett.svg\",\"width\":231,\"height\":186,\"caption\":\"NEW GOLF GmbH\"},\"image\":{\"@id\":\"https:\\\/\\\/newgolf.eu\\\/#\\\/schema\\\/logo\\\/image\\\/\"}}]}<\/script>\n<!-- \/ Yoast SEO plugin. -->","yoast_head_json":{"title":"Pruebe el simulador de golf + experim\u00e9ntelo en directo - nuestra sala de exposiciones en Palma de Mallorca","description":"Visita nuestro showroom \ud83c\udfcc\ufe0f\u200d\u2642\ufe0f Prueba el simulador de golf \ud83d\udea9 Experiencia de golf ultrarrealista 70 metros cuadrados de golf indoor en Palma de Mallorca.","robots":{"index":"index","follow":"follow","max-snippet":"max-snippet:-1","max-image-preview":"max-image-preview:large","max-video-preview":"max-video-preview:-1"},"canonical":"https:\/\/newgolf.eu\/es\/showroom\/","og_locale":"es_ES","og_type":"article","og_title":"Pruebe el simulador de golf + experim\u00e9ntelo en directo - nuestra sala de exposiciones en Palma de Mallorca","og_description":"Visita nuestro showroom \ud83c\udfcc\ufe0f\u200d\u2642\ufe0f Prueba el simulador de golf \ud83d\udea9 Experiencia de golf ultrarrealista 70 metros cuadrados de golf indoor en Palma de Mallorca.","og_url":"https:\/\/newgolf.eu\/es\/showroom\/","og_site_name":"newgolf.eu","article_modified_time":"2026-01-21T13:00:39+00:00","og_image":[{"width":1000,"height":667,"url":"https:\/\/newgolf.eu\/wp-content\/uploads\/2024\/11\/newgolf-showroom-gusswerk4.jpg","type":"image\/jpeg"}],"twitter_card":"summary_large_image","twitter_misc":{"Tiempo de lectura":"1 minuto"},"schema":{"@context":"https:\/\/schema.org","@graph":[{"@type":"WebPage","@id":"https:\/\/newgolf.eu\/es\/showroom\/","url":"https:\/\/newgolf.eu\/es\/showroom\/","name":"Pruebe el simulador de golf + experim\u00e9ntelo en directo - nuestra sala de exposiciones en Palma de Mallorca","isPartOf":{"@id":"https:\/\/newgolf.eu\/#website"},"primaryImageOfPage":{"@id":"https:\/\/newgolf.eu\/es\/showroom\/#primaryimage"},"image":{"@id":"https:\/\/newgolf.eu\/es\/showroom\/#primaryimage"},"thumbnailUrl":"https:\/\/newgolf.eu\/wp-content\/uploads\/2024\/11\/newgolf-showroom-gusswerk4.jpg","datePublished":"2024-10-23T10:44:22+00:00","dateModified":"2026-01-21T13:00:39+00:00","description":"Visita nuestro showroom \ud83c\udfcc\ufe0f\u200d\u2642\ufe0f Prueba el simulador de golf \ud83d\udea9 Experiencia de golf ultrarrealista 70 metros cuadrados de golf indoor en Palma de Mallorca.","breadcrumb":{"@id":"https:\/\/newgolf.eu\/es\/showroom\/#breadcrumb"},"inLanguage":"es","potentialAction":[{"@type":"ReadAction","target":["https:\/\/newgolf.eu\/es\/showroom\/"]}]},{"@type":"ImageObject","inLanguage":"es","@id":"https:\/\/newgolf.eu\/es\/showroom\/#primaryimage","url":"https:\/\/newgolf.eu\/wp-content\/uploads\/2024\/11\/newgolf-showroom-gusswerk4.jpg","contentUrl":"https:\/\/newgolf.eu\/wp-content\/uploads\/2024\/11\/newgolf-showroom-gusswerk4.jpg"},{"@type":"BreadcrumbList","@id":"https:\/\/newgolf.eu\/es\/showroom\/#breadcrumb","itemListElement":[{"@type":"ListItem","position":1,"name":"Startseite","item":"https:\/\/newgolf.eu\/es\/home\/"},{"@type":"ListItem","position":2,"name":"Showroom"}]},{"@type":"WebSite","@id":"https:\/\/newgolf.eu\/#website","url":"https:\/\/newgolf.eu\/","name":"newgolf.eu","description":"Home of Golf","publisher":{"@id":"https:\/\/newgolf.eu\/#organization"},"potentialAction":[{"@type":"SearchAction","target":{"@type":"EntryPoint","urlTemplate":"https:\/\/newgolf.eu\/?s={search_term_string}"},"query-input":{"@type":"PropertyValueSpecification","valueRequired":true,"valueName":"search_term_string"}}],"inLanguage":"es"},{"@type":"Organization","@id":"https:\/\/newgolf.eu\/#organization","name":"NEW GOLF GmbH","url":"https:\/\/newgolf.eu\/","logo":{"@type":"ImageObject","inLanguage":"es","@id":"https:\/\/newgolf.eu\/#\/schema\/logo\/image\/","url":"https:\/\/newgolf.eu\/wp-content\/uploads\/2024\/09\/new-golf-logo-komplett.svg","contentUrl":"https:\/\/newgolf.eu\/wp-content\/uploads\/2024\/09\/new-golf-logo-komplett.svg","width":231,"height":186,"caption":"NEW GOLF GmbH"},"image":{"@id":"https:\/\/newgolf.eu\/#\/schema\/logo\/image\/"}}]}},"_links":{"self":[{"href":"https:\/\/newgolf.eu\/es\/wp-json\/wp\/v2\/pages\/4434","targetHints":{"allow":["GET"]}}],"collection":[{"href":"https:\/\/newgolf.eu\/es\/wp-json\/wp\/v2\/pages"}],"about":[{"href":"https:\/\/newgolf.eu\/es\/wp-json\/wp\/v2\/types\/page"}],"author":[{"embeddable":true,"href":"https:\/\/newgolf.eu\/es\/wp-json\/wp\/v2\/users\/1"}],"replies":[{"embeddable":true,"href":"https:\/\/newgolf.eu\/es\/wp-json\/wp\/v2\/comments?post=4434"}],"version-history":[{"count":5,"href":"https:\/\/newgolf.eu\/es\/wp-json\/wp\/v2\/pages\/4434\/revisions"}],"predecessor-version":[{"id":5186,"href":"https:\/\/newgolf.eu\/es\/wp-json\/wp\/v2\/pages\/4434\/revisions\/5186"}],"wp:attachment":[{"href":"https:\/\/newgolf.eu\/es\/wp-json\/wp\/v2\/media?parent=4434"}],"curies":[{"name":"wp","href":"https:\/\/api.w.org\/{rel}","templated":true}]}}